{"id":1552,"date":"2015-11-19T13:25:52","date_gmt":"2015-11-19T13:25:52","guid":{"rendered":"http:\/\/uenf.br\/cct\/leciv\/?page_id=1552"},"modified":"2015-11-19T13:26:23","modified_gmt":"2015-11-19T13:26:23","slug":"perene-luiz-matias-filho","status":"publish","type":"page","link":"https:\/\/uenf.br\/cct\/leciv\/graduacao\/projetos-finais\/perene-luiz-matias-filho\/","title":{"rendered":"Perene Luiz Matias Filho"},"content":{"rendered":"<p><strong>Elabora\u00e7\u00e3o do Projeto Executivo de Funda\u00e7\u00f5es de um Edif\u00edcio Residencial na Cidade de Campos dos Goytacazes &#8211; RJ <\/strong><\/p>\n<p><em>Orientador:<\/em><em><br \/>\n<\/em>Prof. Paulo C\u00e9sar de Almeida Maia<\/p>\n<p><em>Comiss\u00e3o Examinadora:<\/em><em><br \/>\n<\/em>Prof. Paulo C\u00e9sar de Almeida Maia<br \/>\nProf. Gustavo de Castro Xavier<br \/>\nEng. Felipe Barros Maciel<\/p>\n<p><em>Data\u00a0da Defesa:<\/em>\u00a0Mar\u00e7o de 2012<\/p>\n<p style=\"text-align: justify\"><em>Resumo:<\/em>\u00a0Este projeto final de engenharia tem por objetivo o desenvolvimento dos projetos executivos das estacas para funda\u00e7\u00f5es do edif\u00edcio residencial Splendore Family Club. O edif\u00edcio est\u00e1 localizado no centro de Campos dos Goytacazes- RJ e est\u00e1 entre os maiores do munic\u00edpio. O residencial \u00e9 composto por tr\u00eas torres com 23 andares cada, sendo vinte andares de apartamentos. A torre 01 \u00e9 constitu\u00edda de oito apartamentos por andar e as torres 02 e 03 s\u00e3o semelhantes e possuem doze apartamentos por andar.<br \/>\nO objetivo espec\u00edfico desse projeto \u00e9 o dimensionamento das funda\u00e7\u00f5es da torre 02. O solo na regi\u00e3o do centro da Cidade de Campos, o maci\u00e7o de funda\u00e7\u00e3o da regi\u00e3o \u00e9 constitu\u00eddo de camadas de solo arenoso e argiloso, muitas vezes de baixa resist\u00eancia. Somente em camadas mais profundas, 20 a 30 metros, s\u00e3o poss\u00edveis observar solos de boa capacidade de carga. Al\u00e9m do dimensionamento de acordo com projeto haver\u00e1 um estudo de viabilidade de custo, comparando as op\u00e7\u00f5es tecnicamente vi\u00e1veis, n\u00e3o se considera neste projeto o dimensionamento dos blocos de funda\u00e7\u00e3o.<br \/>\nA funda\u00e7\u00e3o escolhida ser\u00e1 dimensionada de acordo com os estudos de sondagem e no c\u00e1lculo da capacidade de carga das estacas, utilizando m\u00e9todo que se baseia no SPT, Aoki-Velloso proposto em 1975. Todos os dados necess\u00e1rios para o desenvolvimento do projeto foram disponibilizados pela construtora RJZ &#8211; Cyrela: projeto estrutural e arquitet\u00f4nico e sondagens.<\/p>\n<p style=\"text-align: justify\"><a href=\"http:\/\/uenf.br\/cct\/leciv\/files\/2015\/11\/Perene-Luiz-Matias-Filho.pdf\">Download aqui!<\/a><\/p>\n","protected":false},"excerpt":{"rendered":"<p>Elabora\u00e7\u00e3o do Projeto Executivo de Funda\u00e7\u00f5es de um Edif\u00edcio Residencial na Cidade de Campos dos Goytacazes &#8211; RJ Orientador: Prof&#8230;.<\/p>\n","protected":false},"author":15,"featured_media":0,"parent":350,"menu_order":42,"comment_status":"closed","ping_status":"closed","template":"","meta":{"footnotes":""},"class_list":["post-1552","page","type-page","status-publish","hentry"],"_links":{"self":[{"href":"https:\/\/uenf.br\/cct\/leciv\/wp-json\/wp\/v2\/pages\/1552","targetHints":{"allow":["GET"]}}],"collection":[{"href":"https:\/\/uenf.br\/cct\/leciv\/wp-json\/wp\/v2\/pages"}],"about":[{"href":"https:\/\/uenf.br\/cct\/leciv\/wp-json\/wp\/v2\/types\/page"}],"author":[{"embeddable":true,"href":"https:\/\/uenf.br\/cct\/leciv\/wp-json\/wp\/v2\/users\/15"}],"replies":[{"embeddable":true,"href":"https:\/\/uenf.br\/cct\/leciv\/wp-json\/wp\/v2\/comments?post=1552"}],"version-history":[{"count":0,"href":"https:\/\/uenf.br\/cct\/leciv\/wp-json\/wp\/v2\/pages\/1552\/revisions"}],"up":[{"embeddable":true,"href":"https:\/\/uenf.br\/cct\/leciv\/wp-json\/wp\/v2\/pages\/350"}],"wp:attachment":[{"href":"https:\/\/uenf.br\/cct\/leciv\/wp-json\/wp\/v2\/media?parent=1552"}],"curies":[{"name":"wp","href":"https:\/\/api.w.org\/{rel}","templated":true}]}}