{"id":1559,"date":"2015-11-19T13:42:11","date_gmt":"2015-11-19T13:42:11","guid":{"rendered":"http:\/\/uenf.br\/cct\/leciv\/?page_id=1559"},"modified":"2015-11-19T13:44:29","modified_gmt":"2015-11-19T13:44:29","slug":"rafael-martins-de-carvalho-e-raquel-milina-de-moraes-bezerra","status":"publish","type":"page","link":"https:\/\/uenf.br\/cct\/leciv\/graduacao\/projetos-finais\/rafael-martins-de-carvalho-e-raquel-milina-de-moraes-bezerra\/","title":{"rendered":"Rafael Martins de Carvalho e Raquel Milina de Moraes Bezerra"},"content":{"rendered":"<p><strong>Elabora\u00e7\u00e3o do Projeto Executivo de Funda\u00e7\u00f5es de um Edif\u00edcio Residencial na Cidade de Campos dos Goytacazes <\/strong><\/p>\n<p><em>Orientador:<\/em><em><br \/>\n<\/em>Prof. Paulo C\u00e9sar de Almeida Maia<\/p>\n<p><em>Comiss\u00e3o Examinadora:<\/em><em><br \/>\n<\/em>Prof. Paulo C\u00e9sar de Almeida Maia<br \/>\nEng. Luiz Gabriel Sarmet M. Smiderle<br \/>\nProf. Aldo Durand Farf\u00e1n<br \/>\nEng\u00aa. Aline Dias Pinheiro<\/p>\n<p><em>Data\u00a0da Defesa:<\/em>\u00a0Mar\u00e7o de 2012<\/p>\n<p style=\"text-align: justify\"><em>Resumo:<\/em>\u00a0Este trabalho se trata de um projeto final do curso de engenharia civil, com o objetivo de apresentar o desenvolvimento de um projeto executivo de funda\u00e7\u00f5es de um edif\u00edcio residencial de 20 pavimentos na cidade de Campos do Goytacazes.<br \/>\nEste trabalho se apresenta em t\u00f3picos definidos por um breve hist\u00f3rico, que nos lembra com surgiu a engenharia de funda\u00e7\u00f5es e destaca como o seu desenvolvimento afetou os dias atuais. S\u00e3o apresentados, tamb\u00e9m, os objetivos desta proposta, a descri\u00e7\u00e3o do empreendimento estudado e uma s\u00edntese dos procedimentos que devem ser adotados para a escolha da funda\u00e7\u00e3o mais adequada. Em seguida faz-se uma avalia\u00e7\u00e3o inicial sobre quais ser\u00e3o os tipos de funda\u00e7\u00f5es avaliados e uma descri\u00e7\u00e3o das pr\u00f3ximas etapas.<br \/>\nA escolha do tipo de funda\u00e7\u00e3o foi definida de acordo com os perfis de sondagem e o c\u00e1lculo da capacidade de carga, usando o m\u00e9todo de Aoki-Veloso com contribui\u00e7\u00f5es de Monteiro. Foi feito o dimensionamento e detalhamento dos blocos e das vigas de transi\u00e7\u00e3o e alavancas. Al\u00e9m disso, apresenta tamb\u00e9m a an\u00e1lise de custo tanto de mobiliza\u00e7\u00e3o, quanto de execu\u00e7\u00e3o do projeto.<br \/>\nO projeto final ser\u00e1 constitu\u00eddo de planta de loca\u00e7\u00e3o e carga dos pilares, especifica\u00e7\u00f5es das estacas, detalhamento dos blocos e vigas, al\u00e9m do quantitativo com o projeto executivo.<\/p>\n<p style=\"text-align: justify\"><a href=\"http:\/\/uenf.br\/cct\/leciv\/files\/2015\/11\/Raquel-Milina-de-Moraes-Bezerra-e-Rafael-Martins-de-Carvalho.pdf\">Download aqui!<\/a><\/p>\n","protected":false},"excerpt":{"rendered":"<p>Elabora\u00e7\u00e3o do Projeto Executivo de Funda\u00e7\u00f5es de um Edif\u00edcio Residencial na Cidade de Campos dos Goytacazes Orientador: Prof. Paulo C\u00e9sar&#8230;<\/p>\n","protected":false},"author":15,"featured_media":0,"parent":350,"menu_order":43,"comment_status":"closed","ping_status":"closed","template":"","meta":{"footnotes":""},"class_list":["post-1559","page","type-page","status-publish","hentry"],"_links":{"self":[{"href":"https:\/\/uenf.br\/cct\/leciv\/wp-json\/wp\/v2\/pages\/1559","targetHints":{"allow":["GET"]}}],"collection":[{"href":"https:\/\/uenf.br\/cct\/leciv\/wp-json\/wp\/v2\/pages"}],"about":[{"href":"https:\/\/uenf.br\/cct\/leciv\/wp-json\/wp\/v2\/types\/page"}],"author":[{"embeddable":true,"href":"https:\/\/uenf.br\/cct\/leciv\/wp-json\/wp\/v2\/users\/15"}],"replies":[{"embeddable":true,"href":"https:\/\/uenf.br\/cct\/leciv\/wp-json\/wp\/v2\/comments?post=1559"}],"version-history":[{"count":0,"href":"https:\/\/uenf.br\/cct\/leciv\/wp-json\/wp\/v2\/pages\/1559\/revisions"}],"up":[{"embeddable":true,"href":"https:\/\/uenf.br\/cct\/leciv\/wp-json\/wp\/v2\/pages\/350"}],"wp:attachment":[{"href":"https:\/\/uenf.br\/cct\/leciv\/wp-json\/wp\/v2\/media?parent=1559"}],"curies":[{"name":"wp","href":"https:\/\/api.w.org\/{rel}","templated":true}]}}