{"id":1566,"date":"2015-11-19T14:03:24","date_gmt":"2015-11-19T14:03:24","guid":{"rendered":"http:\/\/uenf.br\/cct\/leciv\/?page_id=1566"},"modified":"2015-11-19T14:03:44","modified_gmt":"2015-11-19T14:03:44","slug":"guilherme-mosso-de-azevedo-caldas-e-murilo-gomes-goncalves","status":"publish","type":"page","link":"https:\/\/uenf.br\/cct\/leciv\/graduacao\/projetos-finais\/guilherme-mosso-de-azevedo-caldas-e-murilo-gomes-goncalves\/","title":{"rendered":"Guilherme M\u00f3sso de Azevedo Caldas e Murilo Gomes Gon\u00e7alves"},"content":{"rendered":"<p><strong>An\u00e1lise da Estabilidade de um Aterro Hidr\u00e1ulico sobre Argila Mole<\/strong><\/p>\n<p><em>Orientador:<\/em><em><br \/>\n<\/em>Prof. Fernando Saboya Albuquerque Jr.<\/p>\n<p><em>Comiss\u00e3o Examinadora:<\/em><em><br \/>\n<\/em>Prof. Fernando Saboya Albuquerque Jr.<br \/>\nProf. Sergio Tibana<br \/>\nProf. Rodrigo Martins Reis<br \/>\nProf. Aldo Durand Farf\u00e1n<\/p>\n<p><em>Data\u00a0da Defesa:<\/em>\u00a0Agosto de 2012<\/p>\n<p style=\"text-align: justify\"><em>Resumo:<\/em>\u00a0O objetivo do projeto estudado e analisado, foi estabelecer condi\u00e7\u00f5es\u00a0para realiza\u00e7\u00e3o de aterros hidr\u00e1ulicos sobre dep\u00f3sitos de solos moles, objetivando a previs\u00e3o do comportamento da funda\u00e7\u00e3o deste aterro em\u00a0rela\u00e7\u00e3o as deforma\u00e7\u00f5es e rupturas.<br \/>\nO material constituinte foi caracterizado para a constru\u00e7\u00e3o do aterro\u00a0com respeito a granulometria e devidas caracter\u00edsticas f\u00edsicas e m\u00e9todo de\u00a0lan\u00e7amento.<br \/>\nQuanto as funda\u00e7\u00f5es sobre solo mole, previs\u00e3o de recalques por\u00a0adensamento foram feitas, bem como interpreta\u00e7\u00e3o de resultados de\u00a0instrumenta\u00e7\u00e3o no decorrer da obra visando: deforma\u00e7\u00f5es e capacidade de\u00a0suporte.<br \/>\nAs an\u00e1lises de estabilidade foi poss\u00edvel com o auxilio do software\u00a0Slope\/w da GeoSlopeR Studio International.<\/p>\n<p style=\"text-align: justify\"><a href=\"http:\/\/uenf.br\/cct\/leciv\/files\/2015\/11\/Guilherme-M\u00f3sso-de-Azevedo-Caldas-e-Murilo-Gomes-Gon\u00e7alves.pdf\">Download aqui!<\/a><\/p>\n","protected":false},"excerpt":{"rendered":"<p>An\u00e1lise da Estabilidade de um Aterro Hidr\u00e1ulico sobre Argila Mole Orientador: Prof. Fernando Saboya Albuquerque Jr. Comiss\u00e3o Examinadora: Prof. Fernando&#8230;<\/p>\n","protected":false},"author":15,"featured_media":0,"parent":350,"menu_order":44,"comment_status":"closed","ping_status":"closed","template":"","meta":{"footnotes":""},"class_list":["post-1566","page","type-page","status-publish","hentry"],"_links":{"self":[{"href":"https:\/\/uenf.br\/cct\/leciv\/wp-json\/wp\/v2\/pages\/1566","targetHints":{"allow":["GET"]}}],"collection":[{"href":"https:\/\/uenf.br\/cct\/leciv\/wp-json\/wp\/v2\/pages"}],"about":[{"href":"https:\/\/uenf.br\/cct\/leciv\/wp-json\/wp\/v2\/types\/page"}],"author":[{"embeddable":true,"href":"https:\/\/uenf.br\/cct\/leciv\/wp-json\/wp\/v2\/users\/15"}],"replies":[{"embeddable":true,"href":"https:\/\/uenf.br\/cct\/leciv\/wp-json\/wp\/v2\/comments?post=1566"}],"version-history":[{"count":0,"href":"https:\/\/uenf.br\/cct\/leciv\/wp-json\/wp\/v2\/pages\/1566\/revisions"}],"up":[{"embeddable":true,"href":"https:\/\/uenf.br\/cct\/leciv\/wp-json\/wp\/v2\/pages\/350"}],"wp:attachment":[{"href":"https:\/\/uenf.br\/cct\/leciv\/wp-json\/wp\/v2\/media?parent=1566"}],"curies":[{"name":"wp","href":"https:\/\/api.w.org\/{rel}","templated":true}]}}