{"id":1575,"date":"2015-11-19T16:38:22","date_gmt":"2015-11-19T16:38:22","guid":{"rendered":"http:\/\/uenf.br\/cct\/leciv\/?page_id=1575"},"modified":"2015-11-19T16:38:25","modified_gmt":"2015-11-19T16:38:25","slug":"rodolfo-goncalves-da-silva","status":"publish","type":"page","link":"https:\/\/uenf.br\/cct\/leciv\/graduacao\/projetos-finais\/rodolfo-goncalves-da-silva\/","title":{"rendered":"Rodolfo Gon\u00e7alves da Silva"},"content":{"rendered":"<p><strong>Dimensionamento Estrutural de um Edif\u00edcio Multifamiliar<\/strong><\/p>\n<p><em>Orientador:<\/em><em><br \/>\n<\/em>Prof. Sergio Luis Gonz\u00e1lez Garcia<\/p>\n<p><em>Comiss\u00e3o Examinadora:<\/em><em><br \/>\n<\/em>Prof. Sergio Luis Gonz\u00e1lez Garcia<br \/>\nProf. Dylmar Penteado Dias<br \/>\nEng. Ricardo Tavares<br \/>\n<em>Data\u00a0da Defesa:<\/em>\u00a0Agosto de 2012<\/p>\n<p style=\"text-align: justify\"><em>Resumo:<\/em>\u00a0O presente trabalho consiste na elabora\u00e7\u00e3o do projeto estrutural de uma edifica\u00e7\u00e3o multifamiliar composta de 14 pavimentos com lajes maci\u00e7as. A mesma acompanha a seguinte distribui\u00e7\u00e3o: tr\u00eas primeiros andares diferenciados para atender ao projeto arquitet\u00f4nico e 11 pavimentos tipo (com 08 apartamentos por andar).<br \/>\nNo projeto ser\u00e1 considerado o lan\u00e7amento da estrutura proposto pela empresa respons\u00e1vel pelo empreendimento. Foi feita a an\u00e1lise estrutural no programa comercial EBERICK V6\u00ae. Como resultado da realiza\u00e7\u00e3o deste projeto, foi apresentado um memorial descritivo, um memorial de c\u00e1lculo e plantas de detalhamento dos elementos estruturais: vigas, lajes, pilares, escada e reservat\u00f3rios.<\/p>\n<p style=\"text-align: justify\"><a href=\"http:\/\/uenf.br\/cct\/leciv\/files\/2015\/11\/Rodolfo-Gon\u00e7alves-da-Silva.pdf\">Download aqui!<\/a><\/p>\n","protected":false},"excerpt":{"rendered":"<p>Dimensionamento Estrutural de um Edif\u00edcio Multifamiliar Orientador: Prof. Sergio Luis Gonz\u00e1lez Garcia Comiss\u00e3o Examinadora: Prof. Sergio Luis Gonz\u00e1lez Garcia Prof&#8230;.<\/p>\n","protected":false},"author":15,"featured_media":0,"parent":350,"menu_order":44,"comment_status":"closed","ping_status":"closed","template":"","meta":{"footnotes":""},"class_list":["post-1575","page","type-page","status-publish","hentry"],"_links":{"self":[{"href":"https:\/\/uenf.br\/cct\/leciv\/wp-json\/wp\/v2\/pages\/1575","targetHints":{"allow":["GET"]}}],"collection":[{"href":"https:\/\/uenf.br\/cct\/leciv\/wp-json\/wp\/v2\/pages"}],"about":[{"href":"https:\/\/uenf.br\/cct\/leciv\/wp-json\/wp\/v2\/types\/page"}],"author":[{"embeddable":true,"href":"https:\/\/uenf.br\/cct\/leciv\/wp-json\/wp\/v2\/users\/15"}],"replies":[{"embeddable":true,"href":"https:\/\/uenf.br\/cct\/leciv\/wp-json\/wp\/v2\/comments?post=1575"}],"version-history":[{"count":0,"href":"https:\/\/uenf.br\/cct\/leciv\/wp-json\/wp\/v2\/pages\/1575\/revisions"}],"up":[{"embeddable":true,"href":"https:\/\/uenf.br\/cct\/leciv\/wp-json\/wp\/v2\/pages\/350"}],"wp:attachment":[{"href":"https:\/\/uenf.br\/cct\/leciv\/wp-json\/wp\/v2\/media?parent=1575"}],"curies":[{"name":"wp","href":"https:\/\/api.w.org\/{rel}","templated":true}]}}