{"id":1581,"date":"2015-11-19T16:50:33","date_gmt":"2015-11-19T16:50:33","guid":{"rendered":"http:\/\/uenf.br\/cct\/leciv\/?page_id=1581"},"modified":"2015-11-19T16:51:15","modified_gmt":"2015-11-19T16:51:15","slug":"percy-tavares-rangel","status":"publish","type":"page","link":"https:\/\/uenf.br\/cct\/leciv\/graduacao\/projetos-finais\/percy-tavares-rangel\/","title":{"rendered":"Percy Tavares Rangel"},"content":{"rendered":"<p><strong>Projeto Estrutural e\u00a0 Compara\u00e7\u00e3o entre dois Dimensionamentos de um Edif\u00edcio Multifamiliar<\/strong><\/p>\n<p><em>Orientador:<\/em><em><br \/>\n<\/em>Prof. Dylmar Penteado Dias<\/p>\n<p><em>Comiss\u00e3o Examinadora:<\/em><em><br \/>\n<\/em>Joad\u00e9lio Chagas Soares<br \/>\nProf. Guilherme Chagas Cordeiro<br \/>\nProf. Dylmar Penteado Dias<\/p>\n<p><em>Data\u00a0da Defesa:<\/em>\u00a0Agosto de 2012<\/p>\n<p style=\"text-align: justify\"><em>Resumo:<\/em>\u00a0Em um per\u00edodo em que o Brasil vem tendo grandes investimentos e com um grande n\u00famero de empresas no ramo de constru\u00e7\u00e3o de edif\u00edcios residenciais, surge a necessidade da otimiza\u00e7\u00e3o dos projetos estruturais. Visto que cada vez mais novas t\u00e9cnicas construtivas v\u00eam sendo empregadas para constru\u00e7\u00e3o de edif\u00edcios, o trabalho proposto consiste em dois dimensionamentos estruturais para uma mesma arquitetura: o primeiro feito em lajes maci\u00e7as, mais usual e o segundo em lajes pr\u00e9-moldadas treli\u00e7adas, um pouco mais recente, por\u00e9m bem difundido, de um edif\u00edcio residencial. O projeto tem por objetivo comparar os dois dimensionamentos com o intuito de analisar os esfor\u00e7os que ocorrem em cada estrutura e avaliar qual projeto \u00e9 mais econ\u00f4mico. Os dimensionamentos estruturais foram feitos em concreto armado, manualmente e com aux\u00edlio dos softwares (STG &#8211; Software de Treli\u00e7as GERDAU e Ftool). O edif\u00edcio \u00e9 composto por quatro pavimentos Tipo e um pavimento cobertura. Como resultado deste trabalho foi apresentado um memorial de c\u00e1lculo de todo o processo de an\u00e1lise e dimensionamento estrutural, incluindo plantas e cortes. Foram feitos tamb\u00e9m o detalhamento de alguns elementos estruturais e mostrado relat\u00f3rios gerados pelo <em>software <\/em>e tabelas comparativas entre os dois dimensionamentos.<\/p>\n<p style=\"text-align: justify\">\u00a0<a href=\"http:\/\/uenf.br\/cct\/leciv\/files\/2015\/11\/Percy-Tavares-Rangel.pdf\">Download aqui!<\/a><\/p>\n","protected":false},"excerpt":{"rendered":"<p>Projeto Estrutural e\u00a0 Compara\u00e7\u00e3o entre dois Dimensionamentos de um Edif\u00edcio Multifamiliar Orientador: Prof. Dylmar Penteado Dias Comiss\u00e3o Examinadora: Joad\u00e9lio Chagas&#8230;<\/p>\n","protected":false},"author":15,"featured_media":0,"parent":350,"menu_order":45,"comment_status":"closed","ping_status":"closed","template":"","meta":{"footnotes":""},"class_list":["post-1581","page","type-page","status-publish","hentry"],"_links":{"self":[{"href":"https:\/\/uenf.br\/cct\/leciv\/wp-json\/wp\/v2\/pages\/1581","targetHints":{"allow":["GET"]}}],"collection":[{"href":"https:\/\/uenf.br\/cct\/leciv\/wp-json\/wp\/v2\/pages"}],"about":[{"href":"https:\/\/uenf.br\/cct\/leciv\/wp-json\/wp\/v2\/types\/page"}],"author":[{"embeddable":true,"href":"https:\/\/uenf.br\/cct\/leciv\/wp-json\/wp\/v2\/users\/15"}],"replies":[{"embeddable":true,"href":"https:\/\/uenf.br\/cct\/leciv\/wp-json\/wp\/v2\/comments?post=1581"}],"version-history":[{"count":0,"href":"https:\/\/uenf.br\/cct\/leciv\/wp-json\/wp\/v2\/pages\/1581\/revisions"}],"up":[{"embeddable":true,"href":"https:\/\/uenf.br\/cct\/leciv\/wp-json\/wp\/v2\/pages\/350"}],"wp:attachment":[{"href":"https:\/\/uenf.br\/cct\/leciv\/wp-json\/wp\/v2\/media?parent=1581"}],"curies":[{"name":"wp","href":"https:\/\/api.w.org\/{rel}","templated":true}]}}