{"id":1588,"date":"2015-11-19T17:05:48","date_gmt":"2015-11-19T17:05:48","guid":{"rendered":"http:\/\/uenf.br\/cct\/leciv\/?page_id=1588"},"modified":"2015-11-19T17:06:14","modified_gmt":"2015-11-19T17:06:14","slug":"greisson-peixoto-rangel","status":"publish","type":"page","link":"https:\/\/uenf.br\/cct\/leciv\/graduacao\/projetos-finais\/greisson-peixoto-rangel\/","title":{"rendered":"Greisson Peixoto Rangel"},"content":{"rendered":"<p><strong>Projeto de Reconstru\u00e7\u00e3o do Dique Santa B\u00e1rbara \u2013 Outeiro, Cardoso Moreira<\/strong><\/p>\n<p><em>Orientador:<\/em><em><br \/>\n<\/em>Prof. Fernando Saboya Albuquerque Jr.<\/p>\n<p><em>Comiss\u00e3o Examinadora:<\/em><em><br \/>\n<\/em>Heric Dutra Geaquinto<br \/>\nProf. Aldo Durand Farf\u00e1n<br \/>\nProf. S\u00e9rgio Tibana<br \/>\nProf. Fernando Saboya Albuquerque Jr.<\/p>\n<p><em>Data\u00a0da Defesa:<\/em>\u00a0Agosto de 2012<\/p>\n<p style=\"text-align: justify\"><em>Resumo:<\/em>\u00a0Este trabalho apresenta o projeto de recupera\u00e7\u00e3o do Dique Santa B\u00e1rbara, bem como os ensaios e demais informa\u00e7\u00f5es necess\u00e1rias para o desenvolvimento e detalhamento do projeto.<br \/>\nA determina\u00e7\u00e3o dos par\u00e2metros utilizados nos c\u00e1lculos e dimensionamento presentes neste projeto e indispens\u00e1veis ao entendimento do comportamento dos solos envolvidos foi realizada por meio de investiga\u00e7\u00e3o geot\u00e9cnica composta por ensaios laboratoriais e de campo.<br \/>\nO projeto de recupera\u00e7\u00e3o consiste na recomposi\u00e7\u00e3o da se\u00e7\u00e3o transversal erodida do Dique. Visando evitar a repeti\u00e7\u00e3o do processo de eros\u00e3o, \u00e9 apresentada uma metodologia para dimensionamento de uma estrutura de prote\u00e7\u00e3o hidr\u00e1ulica projetada para diminuir a for\u00e7a de arrasto exercida pelo rio Muria\u00e9. A estrutura dimensionada consiste em camadas de enrocamento com a massa e a distribui\u00e7\u00e3o granulom\u00e9trica das rochas bem definida pelos processos de c\u00e1lculo.<br \/>\nCom a nova configura\u00e7\u00e3o da se\u00e7\u00e3o transversal do Dique e de posse dos par\u00e2metros dos diferentes solos envolvidos, \u00e9 calculada a estabilidade do novo conjunto e os diferentes fatores intervenientes s\u00e3o estudados.<br \/>\nConcluindo, \u00e9 demonstrado o resultado da recomposi\u00e7\u00e3o do Dique Santa B\u00e1rbara segundo o projeto e as recomenda\u00e7\u00f5es contidas neste trabalho.<\/p>\n<p style=\"text-align: justify\"><a href=\"http:\/\/uenf.br\/cct\/leciv\/files\/2015\/11\/Greisson-Peixoto-Rangel.pdf\">Download aqui!<\/a><\/p>\n<p>&nbsp;<\/p>\n","protected":false},"excerpt":{"rendered":"<p>Projeto de Reconstru\u00e7\u00e3o do Dique Santa B\u00e1rbara \u2013 Outeiro, Cardoso Moreira Orientador: Prof. Fernando Saboya Albuquerque Jr. Comiss\u00e3o Examinadora: Heric&#8230;<\/p>\n","protected":false},"author":15,"featured_media":0,"parent":350,"menu_order":46,"comment_status":"closed","ping_status":"closed","template":"","meta":{"footnotes":""},"class_list":["post-1588","page","type-page","status-publish","hentry"],"_links":{"self":[{"href":"https:\/\/uenf.br\/cct\/leciv\/wp-json\/wp\/v2\/pages\/1588","targetHints":{"allow":["GET"]}}],"collection":[{"href":"https:\/\/uenf.br\/cct\/leciv\/wp-json\/wp\/v2\/pages"}],"about":[{"href":"https:\/\/uenf.br\/cct\/leciv\/wp-json\/wp\/v2\/types\/page"}],"author":[{"embeddable":true,"href":"https:\/\/uenf.br\/cct\/leciv\/wp-json\/wp\/v2\/users\/15"}],"replies":[{"embeddable":true,"href":"https:\/\/uenf.br\/cct\/leciv\/wp-json\/wp\/v2\/comments?post=1588"}],"version-history":[{"count":0,"href":"https:\/\/uenf.br\/cct\/leciv\/wp-json\/wp\/v2\/pages\/1588\/revisions"}],"up":[{"embeddable":true,"href":"https:\/\/uenf.br\/cct\/leciv\/wp-json\/wp\/v2\/pages\/350"}],"wp:attachment":[{"href":"https:\/\/uenf.br\/cct\/leciv\/wp-json\/wp\/v2\/media?parent=1588"}],"curies":[{"name":"wp","href":"https:\/\/api.w.org\/{rel}","templated":true}]}}