{"id":1597,"date":"2015-11-19T17:43:35","date_gmt":"2015-11-19T17:43:35","guid":{"rendered":"http:\/\/uenf.br\/cct\/leciv\/?page_id=1597"},"modified":"2015-11-19T17:44:07","modified_gmt":"2015-11-19T17:44:07","slug":"markssuel-teixeira-marvila-e-rodolfo-cretton-souza","status":"publish","type":"page","link":"https:\/\/uenf.br\/cct\/leciv\/graduacao\/projetos-finais\/markssuel-teixeira-marvila-e-rodolfo-cretton-souza\/","title":{"rendered":"Markssuel Teixeira Marvila  e Rodolfo Cretton Souza"},"content":{"rendered":"<p><strong>Projeto Estrutural da Amplia\u00e7\u00e3o da Loja Ma\u00e7\u00f4nica Jos\u00e9 do Patroc\u00ednio 48, em Campos dos Goytacazes &#8211; RJ<\/strong><\/p>\n<p><em>Orientador:<\/em><em><br \/>\n<\/em>Prof. Sergio Luis Gonz\u00e1lez Garcia<\/p>\n<p style=\"text-align: justify\"><em>Comiss\u00e3o Examinadora:<\/em><em><br \/>\n<\/em>Prof. Sergio Luis Gonz\u00e1lez Garcia<br \/>\nProf. Gines Arturo Santos Falc\u00f3n<br \/>\nProf. V\u00e2nia Jos\u00e9 Karam<br \/>\nProf. S\u00e9rgio Rafael Cortes de Oliveira<\/p>\n<p><em>Data\u00a0da Defesa:<\/em>\u00a0Mar\u00e7o de 2013<\/p>\n<p><em>Resumo:<\/em>\u00a0O presente trabalho trata do projeto estrutural da loja ma\u00e7\u00f4nica Jos\u00e9 do Patroc\u00ednio 48, situada \u00e0 Rua Jos\u00e9 Ildefonso Evangelista Campos, Parque Alphaville, em Campos dos Goytacazes \u2013 RJ.<br \/>\nInicialmente foi feito o levantamento das dimens\u00f5es da estrutura existente e o projeto arquitet\u00f4nico da mesma.<br \/>\nA pr\u00f3xima etapa consistiu no desenvolvimento do projeto arquitet\u00f4nico do 2\u00ba pavimento. Neste pavimento foi feita a expans\u00e3o do templo. Por fim, foi realizado o dimensionamento dos elementos estruturais do novo pavimento, sendo as vigas e pilares em concreto armado e o telhado em estrutura de a\u00e7o.<br \/>\nForam apresentadas todas as considera\u00e7\u00f5es, mem\u00f3rias de c\u00e1lculo e dados utilizados neste projeto, e tamb\u00e9m todos os memoriais descritivos, detalhes e desenhos, necess\u00e1rios ao bom entendimento do projeto.<br \/>\nO projeto executivo foi realizado com o aux\u00edlio dos softwares Ftool, Excel, AutoCad 2012 e Word para a confec\u00e7\u00e3o de planilhas, plantas e mem\u00f3rias de c\u00e1lculo.<\/p>\n<p><a href=\"http:\/\/uenf.br\/cct\/leciv\/files\/2015\/11\/Markssuel-Teixeira-Marvila-e-Rodolfo-Cretton-Souza.pdf\">Download aqui!<\/a><\/p>\n","protected":false},"excerpt":{"rendered":"<p>Projeto Estrutural da Amplia\u00e7\u00e3o da Loja Ma\u00e7\u00f4nica Jos\u00e9 do Patroc\u00ednio 48, em Campos dos Goytacazes &#8211; RJ Orientador: Prof. Sergio&#8230;<\/p>\n","protected":false},"author":15,"featured_media":0,"parent":350,"menu_order":47,"comment_status":"closed","ping_status":"closed","template":"","meta":{"footnotes":""},"class_list":["post-1597","page","type-page","status-publish","hentry"],"_links":{"self":[{"href":"https:\/\/uenf.br\/cct\/leciv\/wp-json\/wp\/v2\/pages\/1597","targetHints":{"allow":["GET"]}}],"collection":[{"href":"https:\/\/uenf.br\/cct\/leciv\/wp-json\/wp\/v2\/pages"}],"about":[{"href":"https:\/\/uenf.br\/cct\/leciv\/wp-json\/wp\/v2\/types\/page"}],"author":[{"embeddable":true,"href":"https:\/\/uenf.br\/cct\/leciv\/wp-json\/wp\/v2\/users\/15"}],"replies":[{"embeddable":true,"href":"https:\/\/uenf.br\/cct\/leciv\/wp-json\/wp\/v2\/comments?post=1597"}],"version-history":[{"count":0,"href":"https:\/\/uenf.br\/cct\/leciv\/wp-json\/wp\/v2\/pages\/1597\/revisions"}],"up":[{"embeddable":true,"href":"https:\/\/uenf.br\/cct\/leciv\/wp-json\/wp\/v2\/pages\/350"}],"wp:attachment":[{"href":"https:\/\/uenf.br\/cct\/leciv\/wp-json\/wp\/v2\/media?parent=1597"}],"curies":[{"name":"wp","href":"https:\/\/api.w.org\/{rel}","templated":true}]}}