{"id":1608,"date":"2015-11-19T19:05:37","date_gmt":"2015-11-19T19:05:37","guid":{"rendered":"http:\/\/uenf.br\/cct\/leciv\/?page_id=1608"},"modified":"2015-11-19T19:05:39","modified_gmt":"2015-11-19T19:05:39","slug":"bernardo-feres-valinho-e-philipe-cardoso-matias","status":"publish","type":"page","link":"https:\/\/uenf.br\/cct\/leciv\/graduacao\/projetos-finais\/bernardo-feres-valinho-e-philipe-cardoso-matias\/","title":{"rendered":"Bernardo Feres Valinho e Philipe Cardoso Matias"},"content":{"rendered":"<p><strong>Elabora\u00e7\u00e3o do Projeto Executivo de Funda\u00e7\u00f5es de um Edif\u00edcio Residencial na cidade de Campos dos Goytacazes<\/strong><\/p>\n<p><em>Orientador:<\/em><em><br \/>\n<\/em>Prof. Paulo C\u00e9sar de Almeida Maia<\/p>\n<p><em>Comiss\u00e3o Examinadora:<\/em><em><br \/>\n<\/em>Prof. Paulo C\u00e9sar de Almeida Maia<br \/>\nEng. Luiz Gabriel Sarmet M. Smiderle<br \/>\nProf. Gustavo de Castro Xavier<br \/>\nEng\u00ba. Murila Hans de Abreu Santos<\/p>\n<p><em>Data\u00a0da Defesa:<\/em>\u00a0Agosto de 2013<\/p>\n<p style=\"text-align: justify\"><em>Resumo:<\/em>\u00a0Este projeto final de Engenharia teve por objetivo desenvolver o projeto executivo da funda\u00e7\u00e3o do edif\u00edcio residencial Splendore Family Club. Em um estudo preliminar foi feito o pr\u00e9-dimensionamento das funda\u00e7\u00f5es profundas do edif\u00edcio para diferentes di\u00e2metros de estacas escavadas de grande porte, para se determinar a viabilidade de execu\u00e7\u00e3o.<br \/>\nO solo na regi\u00e3o do centro da Cidade de Campos, o maci\u00e7o de funda\u00e7\u00e3o da regi\u00e3o \u00e9 constitu\u00eddo de camadas de solo arenoso e argiloso, muitas vezes<br \/>\nde baixa resist\u00eancia. Somente em camadas mais profundas, 20 a 30 metros,<br \/>\ns\u00e3o poss\u00edveis observar solos de boa capacidade de carga. Al\u00e9m do dimensionamento de acordo com projeto haver\u00e1 um estudo de viabilidade de<br \/>\ncusto, comparando as op\u00e7\u00f5es tecnicamente vi\u00e1veis.<br \/>\nPara o or\u00e7amento foi considerado o custo das estacas, dos blocos e mobiliza\u00e7\u00e3o dos equipamentos necess\u00e1rios para execu\u00e7\u00e3o de ambos os elementos.<br \/>\nA alternativa de construir estacas escavadas com grandes di\u00e2metros vai de encontro \u00e0 verticaliza\u00e7\u00e3o cada vez maior na cidade de Campos dos<br \/>\nGoytacazes.<br \/>\nTodos os dados necess\u00e1rios para o desenvolvimento do projeto foram disponibilizados pela construtora RJZ \u2013 Cyrela e Riscado engenharia: projeto estrutural e arquitet\u00f4nico e sondagens.<br \/>\nAp\u00f3s a an\u00e1lise dos diferentes estacas, a escolha pela estaca profunda com grande di\u00e2metro, foi desenvolvida o Projeto Executivo. Este projeto consta de planta de loca\u00e7\u00e3o e carga dos pilares, especifica\u00e7\u00f5es e detalhamentos.<\/p>\n<p style=\"text-align: justify\"><a href=\"http:\/\/uenf.br\/cct\/leciv\/files\/2015\/11\/Bernardo-Feres-Valinho-e-Philipe-Cardoso-Matias.pdf\">Download aqui!<\/a><\/p>\n","protected":false},"excerpt":{"rendered":"<p>Elabora\u00e7\u00e3o do Projeto Executivo de Funda\u00e7\u00f5es de um Edif\u00edcio Residencial na cidade de Campos dos Goytacazes Orientador: Prof. Paulo C\u00e9sar&#8230;<\/p>\n","protected":false},"author":15,"featured_media":0,"parent":350,"menu_order":48,"comment_status":"closed","ping_status":"closed","template":"","meta":{"footnotes":""},"class_list":["post-1608","page","type-page","status-publish","hentry"],"_links":{"self":[{"href":"https:\/\/uenf.br\/cct\/leciv\/wp-json\/wp\/v2\/pages\/1608","targetHints":{"allow":["GET"]}}],"collection":[{"href":"https:\/\/uenf.br\/cct\/leciv\/wp-json\/wp\/v2\/pages"}],"about":[{"href":"https:\/\/uenf.br\/cct\/leciv\/wp-json\/wp\/v2\/types\/page"}],"author":[{"embeddable":true,"href":"https:\/\/uenf.br\/cct\/leciv\/wp-json\/wp\/v2\/users\/15"}],"replies":[{"embeddable":true,"href":"https:\/\/uenf.br\/cct\/leciv\/wp-json\/wp\/v2\/comments?post=1608"}],"version-history":[{"count":0,"href":"https:\/\/uenf.br\/cct\/leciv\/wp-json\/wp\/v2\/pages\/1608\/revisions"}],"up":[{"embeddable":true,"href":"https:\/\/uenf.br\/cct\/leciv\/wp-json\/wp\/v2\/pages\/350"}],"wp:attachment":[{"href":"https:\/\/uenf.br\/cct\/leciv\/wp-json\/wp\/v2\/media?parent=1608"}],"curies":[{"name":"wp","href":"https:\/\/api.w.org\/{rel}","templated":true}]}}