{"id":1615,"date":"2015-11-19T19:27:06","date_gmt":"2015-11-19T19:27:06","guid":{"rendered":"http:\/\/uenf.br\/cct\/leciv\/?page_id=1615"},"modified":"2015-11-19T19:27:36","modified_gmt":"2015-11-19T19:27:36","slug":"egon-zanon-da-silva-e-leoni-de-oliveira-lannes","status":"publish","type":"page","link":"https:\/\/uenf.br\/cct\/leciv\/graduacao\/projetos-finais\/egon-zanon-da-silva-e-leoni-de-oliveira-lannes\/","title":{"rendered":"\u00c9gon Zanon da Silva  e Leoni de Oliveira Lannes"},"content":{"rendered":"<p><strong>Projeto de Consolida\u00e7\u00e3o de um Maci\u00e7o de Argila Mole<\/strong><\/p>\n<p><em>Orientador:<\/em><em><br \/>\n<\/em>Prof. S\u00e9rgio Tibana<\/p>\n<p><em>Comiss\u00e3o Examinadora:<\/em><em><br \/>\n<\/em>Prof. Rodrigo Martins Reis<br \/>\nEng. C\u00e1ssia Maria de Assis Rangel Melo<br \/>\nProf. S\u00e9rgio Tibana<br \/>\nProf. Fernando Saboya Albuquerque Jr.<\/p>\n<p><em>Data\u00a0da Defesa:<\/em>\u00a0Agosto de 2013<\/p>\n<p style=\"text-align: justify\"><em>Resumo:<\/em>\u00a0O objetivo do projeto ser\u00e1 realizar o adensamento de um maci\u00e7o de argila mole atrav\u00e9s de drenos verticais. Maci\u00e7o que dever\u00e1 suportar ap\u00f3s o adensamento elevadas cargas distribu\u00eddas. Pretende-se caracterizar o solo atrav\u00e9s de ensaios de campo e laborat\u00f3rio. Uma boa base de dados ser\u00e1 fundamental para a perfeita an\u00e1lise do problema. Ser\u00e1 calculado o espa\u00e7amento dos drenos assim como o recalque ocorrido para as devidas cargas que ser\u00e3o apresentadas, e um comparativo do tempo que levar\u00e1 para ocorrer 90% da consolida\u00e7\u00e3o do maci\u00e7o, com drenos e sem drenos, ser\u00e1 apresentado, objetivando analisar a viabilidade da utiliza\u00e7\u00e3o dos drenos.<\/p>\n<p style=\"text-align: justify\"><a href=\"http:\/\/uenf.br\/cct\/leciv\/files\/2015\/11\/\u00c9gon-Zanon-da-Silva-e-Leoni-de-Oliveira-Lannes.pdf\">Download aqui!<\/a><\/p>\n","protected":false},"excerpt":{"rendered":"<p>Projeto de Consolida\u00e7\u00e3o de um Maci\u00e7o de Argila Mole Orientador: Prof. S\u00e9rgio Tibana Comiss\u00e3o Examinadora: Prof. Rodrigo Martins Reis Eng&#8230;.<\/p>\n","protected":false},"author":15,"featured_media":0,"parent":350,"menu_order":49,"comment_status":"closed","ping_status":"closed","template":"","meta":{"footnotes":""},"class_list":["post-1615","page","type-page","status-publish","hentry"],"_links":{"self":[{"href":"https:\/\/uenf.br\/cct\/leciv\/wp-json\/wp\/v2\/pages\/1615","targetHints":{"allow":["GET"]}}],"collection":[{"href":"https:\/\/uenf.br\/cct\/leciv\/wp-json\/wp\/v2\/pages"}],"about":[{"href":"https:\/\/uenf.br\/cct\/leciv\/wp-json\/wp\/v2\/types\/page"}],"author":[{"embeddable":true,"href":"https:\/\/uenf.br\/cct\/leciv\/wp-json\/wp\/v2\/users\/15"}],"replies":[{"embeddable":true,"href":"https:\/\/uenf.br\/cct\/leciv\/wp-json\/wp\/v2\/comments?post=1615"}],"version-history":[{"count":0,"href":"https:\/\/uenf.br\/cct\/leciv\/wp-json\/wp\/v2\/pages\/1615\/revisions"}],"up":[{"embeddable":true,"href":"https:\/\/uenf.br\/cct\/leciv\/wp-json\/wp\/v2\/pages\/350"}],"wp:attachment":[{"href":"https:\/\/uenf.br\/cct\/leciv\/wp-json\/wp\/v2\/media?parent=1615"}],"curies":[{"name":"wp","href":"https:\/\/api.w.org\/{rel}","templated":true}]}}