{"id":1624,"date":"2015-11-19T19:40:08","date_gmt":"2015-11-19T19:40:08","guid":{"rendered":"http:\/\/uenf.br\/cct\/leciv\/?page_id=1624"},"modified":"2015-11-19T19:40:38","modified_gmt":"2015-11-19T19:40:38","slug":"paolla-moraes-de-carvalho","status":"publish","type":"page","link":"https:\/\/uenf.br\/cct\/leciv\/graduacao\/projetos-finais\/paolla-moraes-de-carvalho\/","title":{"rendered":"Paolla Moraes de Carvalho"},"content":{"rendered":"<p><strong>Projeto de Funda\u00e7\u00e3o de Edif\u00edcio Residencial em Estaca H\u00e9lice \u00d4mega e Compara\u00e7\u00e3o de Custos com Estaca H\u00e9lice Cont\u00ednua<\/strong><\/p>\n<p><em>Orientador:<\/em><em><br \/>\n<\/em>Prof. Paulo C\u00e9sar de Almeida Maia<\/p>\n<p><em>Comiss\u00e3o Examinadora:<\/em><br \/>\nProf. Paulo C\u00e9sar de Almeida Maia<br \/>\nProf. Rodrigo Martins Reis<br \/>\nEng\u00ba Bruno Magno Gomes Ramos<\/p>\n<p><em>Data\u00a0da Defesa:<\/em>\u00a0Mar\u00e7o de 2013<\/p>\n<p style=\"text-align: justify\"><em>Resumo:<\/em>\u00a0Este trabalho apresenta a elabora\u00e7\u00e3o do projeto de funda\u00e7\u00e3o de um edif\u00edcio multifamiliar, de cinco pavimentos, com estacas h\u00e9lice \u00f4mega como elemento de funda\u00e7\u00e3o e compara\u00e7\u00e3o de custo com estacas h\u00e9lice cont\u00ednua.<br \/>\n\u00c9 feita uma apresenta\u00e7\u00e3o dos tipos de funda\u00e7\u00f5es e uma revis\u00e3o bibliogr\u00e1fica apresentando a evolu\u00e7\u00e3o executiva da estaca, o processo executivo, as vantagens e desvantagens e aspectos relevantes para sua execu\u00e7\u00e3o.<br \/>\nAp\u00f3s conhecimento do tipo de funda\u00e7\u00e3o adotada, faz-se um estudo do tipo de solo que ser\u00e1 empregado o elemento de funda\u00e7\u00e3o.<br \/>\nPara c\u00e1lculo de capacidade de carga das estacas h\u00e9lice \u00f4mega, foi utilizado o m\u00e9todo de CABRAL <em>et al. <\/em>(2000) e os ensaios SPTs disponibilizados para o estudo.<br \/>\nPara o desenvolvimento do projeto executivo, foi escolhida a funda\u00e7\u00e3o h\u00e9lice \u00f4mega de 0,32m de di\u00e2metro, sendo este similar ao utilizado em h\u00e9lice cont\u00ednua.<br \/>\nA execu\u00e7\u00e3o de uma planilha de or\u00e7amento das funda\u00e7\u00f5es h\u00e9lice cont\u00ednua e h\u00e9lice \u00f4mega permite que seja realizada, ainda, uma an\u00e1lise comparativa de custo entre as funda\u00e7\u00f5es abordadas. Para o or\u00e7amento, foi considerado o custo das estacas, materiais para sua execu\u00e7\u00e3o e mobiliza\u00e7\u00e3o do equipamento de execu\u00e7\u00e3o das estacas.<br \/>\nEste projeto executivo de funda\u00e7\u00e3o \u00e9 composto por planta de loca\u00e7\u00e3o e carga dos pilares, especifica\u00e7\u00f5es e detalhamento das estacas, e processo executivo das funda\u00e7\u00f5es.<\/p>\n<p style=\"text-align: justify\"><a href=\"http:\/\/uenf.br\/cct\/leciv\/files\/2015\/11\/Paolla-Moraes-de-Carvalho.pdf\">Download aqui!<\/a><\/p>\n<p style=\"text-align: justify\">\n","protected":false},"excerpt":{"rendered":"<p>Projeto de Funda\u00e7\u00e3o de Edif\u00edcio Residencial em Estaca H\u00e9lice \u00d4mega e Compara\u00e7\u00e3o de Custos com Estaca H\u00e9lice Cont\u00ednua Orientador: Prof&#8230;.<\/p>\n","protected":false},"author":15,"featured_media":0,"parent":350,"menu_order":50,"comment_status":"closed","ping_status":"closed","template":"","meta":{"footnotes":""},"class_list":["post-1624","page","type-page","status-publish","hentry"],"_links":{"self":[{"href":"https:\/\/uenf.br\/cct\/leciv\/wp-json\/wp\/v2\/pages\/1624","targetHints":{"allow":["GET"]}}],"collection":[{"href":"https:\/\/uenf.br\/cct\/leciv\/wp-json\/wp\/v2\/pages"}],"about":[{"href":"https:\/\/uenf.br\/cct\/leciv\/wp-json\/wp\/v2\/types\/page"}],"author":[{"embeddable":true,"href":"https:\/\/uenf.br\/cct\/leciv\/wp-json\/wp\/v2\/users\/15"}],"replies":[{"embeddable":true,"href":"https:\/\/uenf.br\/cct\/leciv\/wp-json\/wp\/v2\/comments?post=1624"}],"version-history":[{"count":0,"href":"https:\/\/uenf.br\/cct\/leciv\/wp-json\/wp\/v2\/pages\/1624\/revisions"}],"up":[{"embeddable":true,"href":"https:\/\/uenf.br\/cct\/leciv\/wp-json\/wp\/v2\/pages\/350"}],"wp:attachment":[{"href":"https:\/\/uenf.br\/cct\/leciv\/wp-json\/wp\/v2\/media?parent=1624"}],"curies":[{"name":"wp","href":"https:\/\/api.w.org\/{rel}","templated":true}]}}