{"id":1737,"date":"2016-01-11T20:01:06","date_gmt":"2016-01-11T20:01:06","guid":{"rendered":"http:\/\/uenf.br\/cct\/leciv\/?page_id=1737"},"modified":"2016-01-12T17:24:13","modified_gmt":"2016-01-12T17:24:13","slug":"2008-2","status":"publish","type":"page","link":"https:\/\/uenf.br\/cct\/leciv\/graduacao\/projetos-finais\/2008-2\/","title":{"rendered":"2008"},"content":{"rendered":"<p><em>Orientador:<\/em> <strong>Sergio Tibana<\/strong><br \/>\n<em>\u00c1rea de atua\u00e7\u00e3o:<\/em> Geotecnia<br \/>\n<a href=\"http:\/\/uenf.br\/cct\/leciv\/graduacao\/projetos-finais\/rodrigo-mariano-da-silva-moises-duarte-soares-e-diego-tudesco-moreira-rocha\/\">Rodrigo Mariano da Silva, Mois\u00e9s Duarte Soares e Diego Tudesco Moreira Rocha<\/a><\/p>\n<p><em>Orientador:<\/em>\u00a0<b>Paulo C\u00e9sar de Almeida Maia<\/b><br \/>\n<em>\u00c1rea de atua\u00e7\u00e3o:<\/em> Geotecnia<br \/>\n<a href=\"http:\/\/uenf.br\/cct\/leciv\/graduacao\/projetos-finais\/isabel-valadao-crispim-priscila-alves-marques-fernandes-e-wagner-nogueira-sterck\/\">Isabel Valad\u00e3o Crispim, Priscila Alves Marques Fernandes e Wagner Nogueira Sterck<\/a><\/p>\n<p><em>Orientadora:<\/em><br \/>\nProf\u00aa. <strong>Patr\u00edcia Habib Hallak<\/strong><br \/>\n<em>\u00c1rea de atua\u00e7\u00e3o:<\/em>\u00a0Estruturas<br \/>\n<a href=\"http:\/\/uenf.br\/cct\/leciv\/graduacao\/projetos-finais\/maicon-dalvim-klem-ferreira-marcos-antonio-klem-ferreira-e-sergio-rafael-cortes-de-oliveira\/\">Maicon Dalvim Klem Ferreira, Marcos Antonio Klem Ferreira e Sergio Rafael Cortes de Oliveira<br \/>\n<\/a><a href=\"http:\/\/uenf.br\/cct\/leciv\/graduacao\/projetos-finais\/ana-beatriz-carvalho-e-silva-e-thais-ribeiro-barroso\/\">Ana Beatriz Carvalho e Silva e Thais Ribeiro Barroso <\/a><\/p>\n<p><em>Orientador:<\/em>\u00a0<b>Sergio Luis Gonz\u00e1lez Garcia<\/b><br \/>\n<em>\u00c1rea de atua\u00e7\u00e3o:<\/em>\u00a0Estruturas<br \/>\n<a href=\"http:\/\/uenf.br\/cct\/leciv\/graduacao\/projetos-finais\/gabriel-ribeiro-de-melo-pereira-lima\/\">Gabriel Ribeiro de Melo Pereira Lima<\/a><\/p>\n<p><em>Orientadora:<\/em>\u00a0<b>V\u00e2nia Jos\u00e9 Karam<\/b><br \/>\n<em>\u00c1rea de atua\u00e7\u00e3o:<\/em>\u00a0Estruturas<br \/>\n<a href=\"http:\/\/uenf.br\/cct\/leciv\/graduacao\/projetos-finais\/philipe-braga-andre-e-weverthon-vieira-beiral\/\">Philipe Braga Andr\u00e9 e Weverthon Vieira Beiral <\/a><\/p>\n<p>&nbsp;<\/p>\n","protected":false},"excerpt":{"rendered":"<p>Orientador: Sergio Tibana \u00c1rea de atua\u00e7\u00e3o: Geotecnia Rodrigo Mariano da Silva, Mois\u00e9s Duarte Soares e Diego Tudesco Moreira Rocha Orientador:\u00a0Paulo&#8230;<\/p>\n","protected":false},"author":15,"featured_media":0,"parent":350,"menu_order":4,"comment_status":"closed","ping_status":"closed","template":"","meta":{"footnotes":""},"class_list":["post-1737","page","type-page","status-publish","hentry"],"_links":{"self":[{"href":"https:\/\/uenf.br\/cct\/leciv\/wp-json\/wp\/v2\/pages\/1737","targetHints":{"allow":["GET"]}}],"collection":[{"href":"https:\/\/uenf.br\/cct\/leciv\/wp-json\/wp\/v2\/pages"}],"about":[{"href":"https:\/\/uenf.br\/cct\/leciv\/wp-json\/wp\/v2\/types\/page"}],"author":[{"embeddable":true,"href":"https:\/\/uenf.br\/cct\/leciv\/wp-json\/wp\/v2\/users\/15"}],"replies":[{"embeddable":true,"href":"https:\/\/uenf.br\/cct\/leciv\/wp-json\/wp\/v2\/comments?post=1737"}],"version-history":[{"count":0,"href":"https:\/\/uenf.br\/cct\/leciv\/wp-json\/wp\/v2\/pages\/1737\/revisions"}],"up":[{"embeddable":true,"href":"https:\/\/uenf.br\/cct\/leciv\/wp-json\/wp\/v2\/pages\/350"}],"wp:attachment":[{"href":"https:\/\/uenf.br\/cct\/leciv\/wp-json\/wp\/v2\/media?parent=1737"}],"curies":[{"name":"wp","href":"https:\/\/api.w.org\/{rel}","templated":true}]}}