{"id":1744,"date":"2016-01-12T17:21:27","date_gmt":"2016-01-12T17:21:27","guid":{"rendered":"http:\/\/uenf.br\/cct\/leciv\/?page_id=1744"},"modified":"2016-01-12T17:23:57","modified_gmt":"2016-01-12T17:23:57","slug":"2007-2","status":"publish","type":"page","link":"https:\/\/uenf.br\/cct\/leciv\/graduacao\/projetos-finais\/2007-2\/","title":{"rendered":"2007"},"content":{"rendered":"<p><em>Orientador:<\/em><br \/>\n<strong>Prof. Paulo C\u00e9sar de Almeida Maia<\/strong><br \/>\n<em>\u00c1rea de atua\u00e7\u00e3o:<\/em> Geotecnia<br \/>\n<a href=\"http:\/\/uenf.br\/cct\/leciv\/graduacao\/projetos-finais\/rodrigo-de-brito-antunes\/\">Rodrigo de Brito Antunes<\/a><br \/>\n<a href=\"http:\/\/uenf.br\/cct\/leciv\/graduacao\/projetos-finais\/felipe-de-paiva-nascimento-e-oliveira-e-marconi-neves-sampaio\/\">Felipe de Paiva Nascimento e Oliveira e Marconi Neves Sampaio<br \/>\n<\/a><a href=\"http:\/\/uenf.br\/cct\/leciv\/graduacao\/projetos-finais\/rodrigo-de-brito-antunes\/\">Rodrigo de Brito Antunes <\/a><\/p>\n<p><em>Orientador:<\/em><br \/>\n<strong>Prof.\u00a0Sergio Luis Gonz\u00e1lez Garcia<\/strong><br \/>\n<em>\u00c1rea de atua\u00e7\u00e3o:<\/em>\u00a0Estruturas<br \/>\n<a href=\"http:\/\/uenf.br\/cct\/leciv\/graduacao\/projetos-finais\/anderson-paiva-bernacchi-e-marlon-lacerda-franca\/\">Anderson Paiva Bernacchi e Marlon Lacerda Fran\u00e7a<br \/>\n<\/a><a href=\"http:\/\/uenf.br\/cct\/leciv\/graduacao\/projetos-finais\/josimar-pereira-freitas\/\">Josimar Pereira Freitas <\/a><\/p>\n","protected":false},"excerpt":{"rendered":"<p>Orientador: Prof. Paulo C\u00e9sar de Almeida Maia \u00c1rea de atua\u00e7\u00e3o: Geotecnia Rodrigo de Brito Antunes Felipe de Paiva Nascimento e&#8230;<\/p>\n","protected":false},"author":15,"featured_media":0,"parent":350,"menu_order":3,"comment_status":"closed","ping_status":"closed","template":"","meta":{"footnotes":""},"class_list":["post-1744","page","type-page","status-publish","hentry"],"_links":{"self":[{"href":"https:\/\/uenf.br\/cct\/leciv\/wp-json\/wp\/v2\/pages\/1744","targetHints":{"allow":["GET"]}}],"collection":[{"href":"https:\/\/uenf.br\/cct\/leciv\/wp-json\/wp\/v2\/pages"}],"about":[{"href":"https:\/\/uenf.br\/cct\/leciv\/wp-json\/wp\/v2\/types\/page"}],"author":[{"embeddable":true,"href":"https:\/\/uenf.br\/cct\/leciv\/wp-json\/wp\/v2\/users\/15"}],"replies":[{"embeddable":true,"href":"https:\/\/uenf.br\/cct\/leciv\/wp-json\/wp\/v2\/comments?post=1744"}],"version-history":[{"count":0,"href":"https:\/\/uenf.br\/cct\/leciv\/wp-json\/wp\/v2\/pages\/1744\/revisions"}],"up":[{"embeddable":true,"href":"https:\/\/uenf.br\/cct\/leciv\/wp-json\/wp\/v2\/pages\/350"}],"wp:attachment":[{"href":"https:\/\/uenf.br\/cct\/leciv\/wp-json\/wp\/v2\/media?parent=1744"}],"curies":[{"name":"wp","href":"https:\/\/api.w.org\/{rel}","templated":true}]}}