{"id":1752,"date":"2016-01-11T20:00:23","date_gmt":"2016-01-11T20:00:23","guid":{"rendered":"http:\/\/uenf.br\/cct\/leciv\/?page_id=1752"},"modified":"2016-01-12T17:16:08","modified_gmt":"2016-01-12T17:16:08","slug":"2004-2","status":"publish","type":"page","link":"https:\/\/uenf.br\/cct\/leciv\/graduacao\/projetos-finais\/2004-2\/","title":{"rendered":"2004"},"content":{"rendered":"<p><em>Orientador:<\/em><br \/>\n<strong>Prof. Fernando Saboya<\/strong><br \/>\n<em>\u00c1rea de atua\u00e7\u00e3o:<\/em> Geotecnia<br \/>\n<a href=\"http:\/\/uenf.br\/cct\/leciv\/graduacao\/projetos-finais\/priscila-de-almeida-cardoso\/\">Priscila de Almeida Cardoso<\/a><\/p>\n<p><em>Orientador:<\/em><br \/>\n<strong>Prof.\u00a0Paulo C\u00e9sar de Almeida Maia<\/strong><br \/>\n<em>\u00c1rea de atua\u00e7\u00e3o:<\/em> Geotecnia<br \/>\n<a href=\"http:\/\/uenf.br\/cct\/leciv\/graduacao\/projetos-finais\/raquel-ofrante-salles\/\">Raquel Ofrante Salles<br \/>\n<\/a><a href=\"http:\/\/uenf.br\/cct\/leciv\/graduacao\/projetos-finais\/adriano-do-nazareth-pessanha\/\">Adriano do Nazareth Pessanha<br \/>\n<\/a><a href=\"http:\/\/uenf.br\/cct\/leciv\/graduacao\/projetos-finais\/aline-dias-pinheiro\/\">Aline Dias Pinheiro <\/a><\/p>\n<p><em>Orientador:<\/em><br \/>\n<strong>Prof.\u00a0Sergio Tibana<\/strong><br \/>\n<em>\u00c1rea de atua\u00e7\u00e3o:<\/em> Geotecnia<br \/>\n<a href=\"http:\/\/uenf.br\/cct\/leciv\/graduacao\/projetos-finais\/igor-azeredo-trindade-joadelio-chagas-cordeiro-e-liege-de-aleida-pacheco\/\">Igor Azeredo Trindade, Joadelio Chagas Cordeiro e Liege de Aleida Pacheco<\/a><\/p>\n<p><em>Orientador:<\/em><br \/>\n<strong>Prof.\u00a0Dylmar Penteado Dias<\/strong><br \/>\n<em>\u00c1rea de atua\u00e7\u00e3o:<\/em>\u00a0Estruturas<br \/>\n<a href=\"http:\/\/uenf.br\/cct\/leciv\/graduacao\/projetos-finais\/caroline-espinosa-viana\/\">Caroline Espinosa Viana<\/a><\/p>\n<p><em>Orientador:<\/em><br \/>\n<strong>Prof.\u00a0Sergio Luis Gonz\u00e1lez Garcia<\/strong><br \/>\n<em>\u00c1rea de atua\u00e7\u00e3o:<\/em>\u00a0Estruturas<br \/>\n<a href=\"http:\/\/uenf.br\/cct\/leciv\/graduacao\/projetos-finais\/aline-nacif-souza-marcelo-garnier-mota\/\">Aline Nacif Souza e Marcelo Garnier Mota <\/a><\/p>\n<p><em>Orientador:<\/em><br \/>\n<strong>Prof. Josu\u00e9 Alves Barroso<\/strong><br \/>\n<em>\u00c1rea de atua\u00e7\u00e3o:<\/em>\u00a0Estruturas<br \/>\n<a href=\"http:\/\/uenf.br\/cct\/leciv\/graduacao\/projetos-finais\/clarice-silvano-de-souza\/\">Clarice Silvano de Souza<\/a><\/p>\n<p>&nbsp;<\/p>\n<p>&nbsp;<\/p>\n<p>&nbsp;<\/p>\n<p>&nbsp;<\/p>\n","protected":false},"excerpt":{"rendered":"<p>Orientador: Prof. Fernando Saboya \u00c1rea de atua\u00e7\u00e3o: Geotecnia Priscila de Almeida Cardoso Orientador: Prof.\u00a0Paulo C\u00e9sar de Almeida Maia \u00c1rea de&#8230;<\/p>\n","protected":false},"author":15,"featured_media":0,"parent":350,"menu_order":1,"comment_status":"closed","ping_status":"closed","template":"","meta":{"footnotes":""},"class_list":["post-1752","page","type-page","status-publish","hentry"],"_links":{"self":[{"href":"https:\/\/uenf.br\/cct\/leciv\/wp-json\/wp\/v2\/pages\/1752","targetHints":{"allow":["GET"]}}],"collection":[{"href":"https:\/\/uenf.br\/cct\/leciv\/wp-json\/wp\/v2\/pages"}],"about":[{"href":"https:\/\/uenf.br\/cct\/leciv\/wp-json\/wp\/v2\/types\/page"}],"author":[{"embeddable":true,"href":"https:\/\/uenf.br\/cct\/leciv\/wp-json\/wp\/v2\/users\/15"}],"replies":[{"embeddable":true,"href":"https:\/\/uenf.br\/cct\/leciv\/wp-json\/wp\/v2\/comments?post=1752"}],"version-history":[{"count":0,"href":"https:\/\/uenf.br\/cct\/leciv\/wp-json\/wp\/v2\/pages\/1752\/revisions"}],"up":[{"embeddable":true,"href":"https:\/\/uenf.br\/cct\/leciv\/wp-json\/wp\/v2\/pages\/350"}],"wp:attachment":[{"href":"https:\/\/uenf.br\/cct\/leciv\/wp-json\/wp\/v2\/media?parent=1752"}],"curies":[{"name":"wp","href":"https:\/\/api.w.org\/{rel}","templated":true}]}}