{"id":1987,"date":"2016-01-05T20:09:55","date_gmt":"2016-01-05T20:09:55","guid":{"rendered":"http:\/\/uenf.br\/cct\/leciv\/?page_id=1987"},"modified":"2016-01-05T20:09:55","modified_gmt":"2016-01-05T20:09:55","slug":"analise-de-capacidade-de-carga-ao-arrancamento-de-dutos-enterrados-em-areia","status":"publish","type":"page","link":"https:\/\/uenf.br\/cct\/leciv\/graduacao\/iniciacao-cientifica\/analise-de-capacidade-de-carga-ao-arrancamento-de-dutos-enterrados-em-areia\/","title":{"rendered":"An\u00e1lise de Capacidade de Carga ao arrancamento de dutos enterrados em Areia"},"content":{"rendered":"<p><em>Professor:<\/em> Fernando Saboya Albuquerque Junior<br \/>\n<em>E-mail:<\/em>\u00a0saboya@uenf.br<br \/>\n<em>\u00c1rea de atua\u00e7\u00e3o:<\/em>\u00a0Geotecnia<\/p>\n<p><em>Resumo:<\/em>\u00a0Nos dias de hoje, \u00e9 comum que sejam utilizados dutos para o transporte de produtos como petr\u00f3leo, gasolina, \u00f3leo diesel e g\u00e1s natural. Os dutos s\u00e3o geralmente enterrado visando evitar problemas, tais como: isolamento t\u00e9rmico, prote\u00e7\u00e3o mec\u00e2nica e em alguns casos, interfer\u00eancia em atividades pesqueiras. Est\u00e3o sendo feitos estudos para determinar o comportamento de eleva\u00e7\u00e3o das tubula\u00e7\u00f5es em fun\u00e7\u00e3o da profundidade de enterramento, grau de compacta\u00e7\u00e3o e tipo de solo. Este trabalho tem como objetivo principal avaliar a capacidade de eleva\u00e7\u00e3o dos dutos para propor um novo sistema de ancoragem com geogrelhas como uma alternativa para melhorar a resist\u00eancia ao levantamento e inibir o afloramento dos tubos, o que pode comprometer a opera\u00e7\u00e3o do gasoduto. Tais problemas ocorrem devido \u00e0 proximidade com o len\u00e7ol fre\u00e1tico e tamb\u00e9m porque o \u00f3leo \u00e9 bombeado a altas temperaturas e o duto se expande, como n\u00e3o pode aumentar de tamanho, devido ao seu comprimento muito grande, ele flamba para cima, podendo ocasionar acidentes devido a sua proximidade com a superf\u00edcie. A ideia da ancoragem da geogrelha aos dutos, vem justamente aumentar essa resist\u00eancia ao levantamento. Ensaios j\u00e1 feitos anteriormente na centrifuga da UENF com geogrelhas de 2 e 3 D mostram resultados positivos e satisfat\u00f3rios com rela\u00e7\u00e3o ao uso desse material como uma medida simples, barata e direta para melhorar a resist\u00eancia \u00e0 eleva\u00e7\u00e3o dos tubos enterrados. Atrav\u00e9s do pr\u00e9vio estudo j\u00e1 realizado, p\u00f4de-se perceber que o estudo do arrancamento dos dutos enterrados \u00e9 de suma import\u00e2ncia, uma vez que se ocorrer pode ocasionar acidentes e preju\u00edzos para as empresas desse ramo.<\/p>\n<p>&nbsp;<\/p>\n","protected":false},"excerpt":{"rendered":"<p>Professor: Fernando Saboya Albuquerque Junior E-mail:\u00a0saboya@uenf.br \u00c1rea de atua\u00e7\u00e3o:\u00a0Geotecnia Resumo:\u00a0Nos dias de hoje, \u00e9 comum que sejam utilizados dutos para&#8230;<\/p>\n","protected":false},"author":15,"featured_media":0,"parent":235,"menu_order":21,"comment_status":"closed","ping_status":"closed","template":"","meta":{"footnotes":""},"class_list":["post-1987","page","type-page","status-publish","hentry"],"_links":{"self":[{"href":"https:\/\/uenf.br\/cct\/leciv\/wp-json\/wp\/v2\/pages\/1987","targetHints":{"allow":["GET"]}}],"collection":[{"href":"https:\/\/uenf.br\/cct\/leciv\/wp-json\/wp\/v2\/pages"}],"about":[{"href":"https:\/\/uenf.br\/cct\/leciv\/wp-json\/wp\/v2\/types\/page"}],"author":[{"embeddable":true,"href":"https:\/\/uenf.br\/cct\/leciv\/wp-json\/wp\/v2\/users\/15"}],"replies":[{"embeddable":true,"href":"https:\/\/uenf.br\/cct\/leciv\/wp-json\/wp\/v2\/comments?post=1987"}],"version-history":[{"count":0,"href":"https:\/\/uenf.br\/cct\/leciv\/wp-json\/wp\/v2\/pages\/1987\/revisions"}],"up":[{"embeddable":true,"href":"https:\/\/uenf.br\/cct\/leciv\/wp-json\/wp\/v2\/pages\/235"}],"wp:attachment":[{"href":"https:\/\/uenf.br\/cct\/leciv\/wp-json\/wp\/v2\/media?parent=1987"}],"curies":[{"name":"wp","href":"https:\/\/api.w.org\/{rel}","templated":true}]}}