{"id":2166,"date":"2016-01-11T17:45:35","date_gmt":"2016-01-11T17:45:35","guid":{"rendered":"http:\/\/uenf.br\/cct\/leciv\/?page_id=2166"},"modified":"2016-01-12T17:35:28","modified_gmt":"2016-01-12T17:35:28","slug":"igor-amaral-neves-de-nicolau-e-jefferson-guilherme-teixeira","status":"publish","type":"page","link":"https:\/\/uenf.br\/cct\/leciv\/graduacao\/igor-amaral-neves-de-nicolau-e-jefferson-guilherme-teixeira\/","title":{"rendered":"Igor Amaral Neves de Nicolau e Jefferson Guilherme Teixeira"},"content":{"rendered":"<p><strong>Projeto de Dimensionamento Estrutural de um Edif\u00edcio de onze Pavimentos<\/strong><\/p>\n<p><em>Orientador:<\/em><em><br \/>\n<\/em>Prof. Sergio Luis Gonz\u00e1lez Garcia<\/p>\n<p><em>Comiss\u00e3o Examinadora:<br \/>\n<\/em>Eng\u00ba Luiz Gabriel Sarmet Moreira Smiderle<br \/>\nEng\u00ba Jos\u00e9 Renato de Freitas<br \/>\nProf. Sergio Luis Gonz\u00e1lez Garcia<\/p>\n<p><em>\u00a0<\/em><em>Data\u00a0da Defesa:<\/em>\u00a0Agosto de 2015<\/p>\n<p><em>Resumo:<\/em>\u00a0A concep\u00e7\u00e3o do tema para o Projeto Final de Curso de Bacharelado em Engenharia Civil baseou-se em crit\u00e9rios de aplica\u00e7\u00e3o dos conhecimentos adquiridos na Gradua\u00e7\u00e3o, para a obten\u00e7\u00e3o do t\u00edtulo de Bacharel. Para isso, foi escolhido o dimensionamento estrutural de uma unidade multifamiliar, constitu\u00eddo de 9 pavimentos tipo, com 6 apartamentos. Nos cap\u00edtulos ser\u00e3o apresentadas as normas utilizadas para o dimensionamento deste projeto, assim como seus par\u00e2metros; levantamento das cargas de utiliza\u00e7\u00e3o da estrutura e considera\u00e7\u00f5es sobre as lajes empregadas. Foi feito o dimensionamento das vigas, pilares, escadas e reservat\u00f3rio, finalizando o trabalho com o detalhamento da estrutura. Para concluir ser\u00e3o apresentadas as considera\u00e7\u00f5es obtidas, detalhes do projeto e detalhamentos estruturais das armaduras obtidas pelos dimensionamentos.\u00a0Os dimensionamentos estruturais foram feitos com a utiliza\u00e7\u00e3o do software AltoQi Eberick V9\u00ae, em concreto armado.<\/p>\n<p><a href=\"http:\/\/uenf.br\/cct\/leciv\/files\/2016\/01\/IGOR-AMARAL-NEVES-DE-NICOLAU-e-JEFFERSON-GUILHERME-TEIXEIRA.pdf\" rel=\"\">Download aqui!<\/a><\/p>\n<p>&nbsp;<\/p>\n","protected":false},"excerpt":{"rendered":"<p>Projeto de Dimensionamento Estrutural de um Edif\u00edcio de onze Pavimentos Orientador: Prof. Sergio Luis Gonz\u00e1lez Garcia Comiss\u00e3o Examinadora: Eng\u00ba Luiz&#8230;<\/p>\n","protected":false},"author":15,"featured_media":0,"parent":33,"menu_order":0,"comment_status":"closed","ping_status":"closed","template":"","meta":{"footnotes":""},"class_list":["post-2166","page","type-page","status-publish","hentry"],"_links":{"self":[{"href":"https:\/\/uenf.br\/cct\/leciv\/wp-json\/wp\/v2\/pages\/2166","targetHints":{"allow":["GET"]}}],"collection":[{"href":"https:\/\/uenf.br\/cct\/leciv\/wp-json\/wp\/v2\/pages"}],"about":[{"href":"https:\/\/uenf.br\/cct\/leciv\/wp-json\/wp\/v2\/types\/page"}],"author":[{"embeddable":true,"href":"https:\/\/uenf.br\/cct\/leciv\/wp-json\/wp\/v2\/users\/15"}],"replies":[{"embeddable":true,"href":"https:\/\/uenf.br\/cct\/leciv\/wp-json\/wp\/v2\/comments?post=2166"}],"version-history":[{"count":0,"href":"https:\/\/uenf.br\/cct\/leciv\/wp-json\/wp\/v2\/pages\/2166\/revisions"}],"up":[{"embeddable":true,"href":"https:\/\/uenf.br\/cct\/leciv\/wp-json\/wp\/v2\/pages\/33"}],"wp:attachment":[{"href":"https:\/\/uenf.br\/cct\/leciv\/wp-json\/wp\/v2\/media?parent=2166"}],"curies":[{"name":"wp","href":"https:\/\/api.w.org\/{rel}","templated":true}]}}