{"id":2175,"date":"2016-01-12T17:22:35","date_gmt":"2016-01-12T17:22:35","guid":{"rendered":"http:\/\/uenf.br\/cct\/leciv\/?page_id=2175"},"modified":"2016-01-12T17:25:10","modified_gmt":"2016-01-12T17:25:10","slug":"2013-2","status":"publish","type":"page","link":"https:\/\/uenf.br\/cct\/leciv\/graduacao\/projetos-finais\/2013-2\/","title":{"rendered":"2013"},"content":{"rendered":"<p><em>Orientador:<\/em> <strong>Prof.\u00a0Jonas Alexandre<\/strong><br \/>\n<em>\u00c1rea de atua\u00e7\u00e3o:<\/em>\u00a0Estruturas<br \/>\n<a href=\"http:\/\/uenf.br\/cct\/leciv\/graduacao\/projetos-finais\/afonso-garcez-azevedo-e-euzebio-bernabe-zanelato\/\">Afonso Garcez Azevedo e Euz\u00e9bio Bernab\u00e9 Zanelato<\/a><\/p>\n<p><em>Orientador:<\/em> <strong>Prof. Sergio Luis Gonz\u00e1lez Garcia<\/strong><br \/>\n<em>\u00c1rea de atua\u00e7\u00e3o:<\/em>\u00a0Estruturas<br \/>\n<a href=\"http:\/\/uenf.br\/cct\/leciv\/graduacao\/projetos-finais\/markssuel-teixeira-marvila-e-rodolfo-cretton-souza\/\">Markssuel Teixeira Marvila e Rodolfo Cretton Souza<\/a><\/p>\n<p><em>Orientador:<\/em> <strong>Prof. Paulo C\u00e9sar de Almeida Maia<\/strong><br \/>\n<em>\u00c1rea de atua\u00e7\u00e3o:<\/em>\u00a0Geotecnia<br \/>\n<a href=\"http:\/\/uenf.br\/cct\/leciv\/graduacao\/projetos-finais\/marta-fleichmanprellwitz-e-paola-machado-barreto-manhaes\/\">Marta Fleichman Prellwitz e Paola Machado Barreto Manh\u00e3es<br \/>\n<\/a><a href=\"http:\/\/uenf.br\/cct\/leciv\/graduacao\/projetos-finais\/bernardo-feres-valinho-e-philipe-cardoso-matias\/\">Bernardo Feres Valinho e Philipe Cardoso Matias<br \/>\n<\/a><a href=\"http:\/\/uenf.br\/cct\/leciv\/graduacao\/projetos-finais\/paolla-moraes-de-carvalho\/\">Paolla Moraes de Carvalho<\/a><\/p>\n<p><em>Orientador:<\/em> <strong>Prof. S\u00e9rgio Tibana<\/strong><br \/>\n<em>\u00c1rea de atua\u00e7\u00e3o:<\/em>\u00a0Geotecnia<br \/>\n<a href=\"http:\/\/uenf.br\/cct\/leciv\/graduacao\/projetos-finais\/egon-zanon-da-silva-e-leoni-de-oliveira-lannes\/\">\u00c9gon Zanon da Silva e Leoni de Oliveira Lannes<\/a><\/p>\n<p>&nbsp;<\/p>\n","protected":false},"excerpt":{"rendered":"<p>Orientador: Prof.\u00a0Jonas Alexandre \u00c1rea de atua\u00e7\u00e3o:\u00a0Estruturas Afonso Garcez Azevedo e Euz\u00e9bio Bernab\u00e9 Zanelato Orientador: Prof. Sergio Luis Gonz\u00e1lez Garcia \u00c1rea&#8230;<\/p>\n","protected":false},"author":15,"featured_media":0,"parent":350,"menu_order":7,"comment_status":"closed","ping_status":"closed","template":"","meta":{"footnotes":""},"class_list":["post-2175","page","type-page","status-publish","hentry"],"_links":{"self":[{"href":"https:\/\/uenf.br\/cct\/leciv\/wp-json\/wp\/v2\/pages\/2175","targetHints":{"allow":["GET"]}}],"collection":[{"href":"https:\/\/uenf.br\/cct\/leciv\/wp-json\/wp\/v2\/pages"}],"about":[{"href":"https:\/\/uenf.br\/cct\/leciv\/wp-json\/wp\/v2\/types\/page"}],"author":[{"embeddable":true,"href":"https:\/\/uenf.br\/cct\/leciv\/wp-json\/wp\/v2\/users\/15"}],"replies":[{"embeddable":true,"href":"https:\/\/uenf.br\/cct\/leciv\/wp-json\/wp\/v2\/comments?post=2175"}],"version-history":[{"count":0,"href":"https:\/\/uenf.br\/cct\/leciv\/wp-json\/wp\/v2\/pages\/2175\/revisions"}],"up":[{"embeddable":true,"href":"https:\/\/uenf.br\/cct\/leciv\/wp-json\/wp\/v2\/pages\/350"}],"wp:attachment":[{"href":"https:\/\/uenf.br\/cct\/leciv\/wp-json\/wp\/v2\/media?parent=2175"}],"curies":[{"name":"wp","href":"https:\/\/api.w.org\/{rel}","templated":true}]}}