{"id":2179,"date":"2016-01-12T17:22:09","date_gmt":"2016-01-12T17:22:09","guid":{"rendered":"http:\/\/uenf.br\/cct\/leciv\/?page_id=2179"},"modified":"2016-01-12T17:24:35","modified_gmt":"2016-01-12T17:24:35","slug":"2011-2","status":"publish","type":"page","link":"https:\/\/uenf.br\/cct\/leciv\/graduacao\/projetos-finais\/2011-2\/","title":{"rendered":"2011"},"content":{"rendered":"<p><em>Orientador:<\/em> <strong>Prof. Sergio Luis Gonz\u00e1lez Garcia<\/strong><br \/>\n<em>\u00c1rea de atua\u00e7\u00e3o:<\/em>\u00a0Estruturas<br \/>\n<a href=\"http:\/\/uenf.br\/cct\/leciv\/graduacao\/projetos-finais\/anderson-barreto-siqueira\/\">Ana Paula Ribeiro Sarmet Moreira Smiderle e Laura Rebel Moreira Alves<br \/>\n<\/a><a href=\"http:\/\/uenf.br\/cct\/leciv\/graduacao\/projetos-finais\/anderson-barreto-siqueira-2\/\">Anderson Barreto Siqueira<\/a><\/p>\n<p><em>Orientador:<\/em> <strong>Prof. Guilherme Chagas Cordeiro<\/strong><br \/>\n<em>\u00c1rea de atua\u00e7\u00e3o:<\/em>\u00a0Estruturas<br \/>\n<a href=\"http:\/\/uenf.br\/cct\/leciv\/graduacao\/projetos-finais\/iolanda-scheibe-de-siqueira-meline-e-aparecida-viana-possidonio\/\">Iolanda Scheibe de Siqueira Meline e Aparecida Viana Possidonio<\/a><\/p>\n<p><em>Orientador:<\/em> <strong>Prof. Paulo C\u00e9sar de Almeida Maia<\/strong><br \/>\n<em>\u00c1rea de atua\u00e7\u00e3o:<\/em>\u00a0Geotecnia<br \/>\n<a href=\"http:\/\/uenf.br\/cct\/leciv\/graduacao\/projetos-finais\/camille-almeida-pessanha-e-luiza-artilles-de-abreu-avila\/\">Camille Almeida Pessanha e Lu\u00edza Artilles de Abreu \u00c1vila<\/a><\/p>\n","protected":false},"excerpt":{"rendered":"<p>Orientador: Prof. Sergio Luis Gonz\u00e1lez Garcia \u00c1rea de atua\u00e7\u00e3o:\u00a0Estruturas Ana Paula Ribeiro Sarmet Moreira Smiderle e Laura Rebel Moreira Alves&#8230;<\/p>\n","protected":false},"author":15,"featured_media":0,"parent":350,"menu_order":5,"comment_status":"closed","ping_status":"closed","template":"","meta":{"footnotes":""},"class_list":["post-2179","page","type-page","status-publish","hentry"],"_links":{"self":[{"href":"https:\/\/uenf.br\/cct\/leciv\/wp-json\/wp\/v2\/pages\/2179","targetHints":{"allow":["GET"]}}],"collection":[{"href":"https:\/\/uenf.br\/cct\/leciv\/wp-json\/wp\/v2\/pages"}],"about":[{"href":"https:\/\/uenf.br\/cct\/leciv\/wp-json\/wp\/v2\/types\/page"}],"author":[{"embeddable":true,"href":"https:\/\/uenf.br\/cct\/leciv\/wp-json\/wp\/v2\/users\/15"}],"replies":[{"embeddable":true,"href":"https:\/\/uenf.br\/cct\/leciv\/wp-json\/wp\/v2\/comments?post=2179"}],"version-history":[{"count":0,"href":"https:\/\/uenf.br\/cct\/leciv\/wp-json\/wp\/v2\/pages\/2179\/revisions"}],"up":[{"embeddable":true,"href":"https:\/\/uenf.br\/cct\/leciv\/wp-json\/wp\/v2\/pages\/350"}],"wp:attachment":[{"href":"https:\/\/uenf.br\/cct\/leciv\/wp-json\/wp\/v2\/media?parent=2179"}],"curies":[{"name":"wp","href":"https:\/\/api.w.org\/{rel}","templated":true}]}}