{"id":2206,"date":"2016-01-12T17:22:46","date_gmt":"2016-01-12T17:22:46","guid":{"rendered":"http:\/\/uenf.br\/cct\/leciv\/?page_id=2206"},"modified":"2016-01-12T17:25:28","modified_gmt":"2016-01-12T17:25:28","slug":"2014-2","status":"publish","type":"page","link":"https:\/\/uenf.br\/cct\/leciv\/graduacao\/projetos-finais\/2014-2\/","title":{"rendered":"2014"},"content":{"rendered":"<p><em>Orientador:<\/em> <strong>Prof. Fernando Saboya Albuquerque Jr<\/strong><br \/>\n<em>\u00c1rea de atua\u00e7\u00e3o:<\/em>\u00a0Geotecnia<br \/>\n<a href=\"http:\/\/uenf.br\/cct\/leciv\/graduacao\/projetos-finais\/lucas-lopes-assad-e-rafael-duarte-pedrosa\/\">Lucas Lopes Assad e Rafael Duarte Pedrosa<\/a><\/p>\n","protected":false},"excerpt":{"rendered":"<p>Orientador: Prof. Fernando Saboya Albuquerque Jr \u00c1rea de atua\u00e7\u00e3o:\u00a0Geotecnia Lucas Lopes Assad e Rafael Duarte Pedrosa<\/p>\n","protected":false},"author":15,"featured_media":0,"parent":350,"menu_order":8,"comment_status":"closed","ping_status":"closed","template":"","meta":{"footnotes":""},"class_list":["post-2206","page","type-page","status-publish","hentry"],"_links":{"self":[{"href":"https:\/\/uenf.br\/cct\/leciv\/wp-json\/wp\/v2\/pages\/2206","targetHints":{"allow":["GET"]}}],"collection":[{"href":"https:\/\/uenf.br\/cct\/leciv\/wp-json\/wp\/v2\/pages"}],"about":[{"href":"https:\/\/uenf.br\/cct\/leciv\/wp-json\/wp\/v2\/types\/page"}],"author":[{"embeddable":true,"href":"https:\/\/uenf.br\/cct\/leciv\/wp-json\/wp\/v2\/users\/15"}],"replies":[{"embeddable":true,"href":"https:\/\/uenf.br\/cct\/leciv\/wp-json\/wp\/v2\/comments?post=2206"}],"version-history":[{"count":0,"href":"https:\/\/uenf.br\/cct\/leciv\/wp-json\/wp\/v2\/pages\/2206\/revisions"}],"up":[{"embeddable":true,"href":"https:\/\/uenf.br\/cct\/leciv\/wp-json\/wp\/v2\/pages\/350"}],"wp:attachment":[{"href":"https:\/\/uenf.br\/cct\/leciv\/wp-json\/wp\/v2\/media?parent=2206"}],"curies":[{"name":"wp","href":"https:\/\/api.w.org\/{rel}","templated":true}]}}