{"id":2238,"date":"2016-01-12T17:21:12","date_gmt":"2016-01-12T17:21:12","guid":{"rendered":"http:\/\/uenf.br\/cct\/leciv\/?page_id=2238"},"modified":"2016-01-12T17:21:12","modified_gmt":"2016-01-12T17:21:12","slug":"2006-2","status":"publish","type":"page","link":"https:\/\/uenf.br\/cct\/leciv\/graduacao\/projetos-finais\/2006-2\/","title":{"rendered":"2006"},"content":{"rendered":"<p><em>Orientador:<\/em><br \/>\n<strong>Prof. Jean Marie D\u00e9sir<\/strong><br \/>\n<em>\u00c1rea de atua\u00e7\u00e3o:<\/em>\u00a0Estruturas<br \/>\n<a href=\"http:\/\/uenf.br\/cct\/leciv\/graduacao\/projetos-finais\/augusto-antunes-dos-santos\/\">Augusto Antunes dos Santos<br \/>\n<\/a><a href=\"http:\/\/uenf.br\/cct\/leciv\/graduacao\/projetos-finais\/camila-aparecida-abelha-rocha\/\">Camila Aparecida Abelha Rocha <\/a><\/p>\n<p><em>Orientador:<\/em><br \/>\n<strong>Prof. Gines Arturo Santos Falc\u00f3n<\/strong><br \/>\n<em>\u00c1rea de atua\u00e7\u00e3o:<\/em>\u00a0Estruturas<br \/>\n<a href=\"http:\/\/uenf.br\/cct\/leciv\/graduacao\/projetos-finais\/daniele-haffner-marques-de-oliveira-e-michelle-pereira-mira\/\">Daniele Haffner Marques de Oliveira e Michelle Pereira Mira<\/a><\/p>\n<p><span style=\"line-height: 1.5\"><em>Orientador:<\/em><br \/>\n<strong>Prof. Jonas Alexandre<\/strong><br \/>\n<em>\u00c1rea de atua\u00e7\u00e3o:<\/em>\u00a0Estruturas<br \/>\n<\/span><a href=\"http:\/\/uenf.br\/cct\/leciv\/graduacao\/projetos-finais\/nelson-de-souza-manhaes-filho\/\">Nelson de Souza Manh\u00e3es Filho<\/a><\/p>\n<p><em>Orientador:<\/em><br \/>\n<strong>Prof.\u00a0Dylmar Penteado Dias<\/strong><br \/>\n<em>\u00c1rea de atua\u00e7\u00e3o:<\/em>\u00a0Estruturas<br \/>\n<a href=\"http:\/\/uenf.br\/cct\/leciv\/graduacao\/projetos-finais\/ana-laura-cassiano-dias-avila-e-flavia-manuella-faria-barbosa-henriques\/\">Ana Laura Cassiano Dias Avila e Fl\u00e1via Manuella Faria Barbosa Henriques <\/a><\/p>\n<p><em>Orientador:<\/em><br \/>\n<strong>Prof.\u00a0Paulo C\u00e9sar de Almeida Maia<\/strong><br \/>\n<em>\u00c1rea de atua\u00e7\u00e3o:<\/em>\u00a0Geotecnia<br \/>\n<a href=\"http:\/\/uenf.br\/cct\/leciv\/graduacao\/projetos-finais\/fabiola-silveira-campos-e-najla-de-oliveira-vicente\/\">Fab\u00edola Silveira Campos e N\u00e1jla de Oliveira Vicente<\/a><\/p>\n<p><em>Orientadora:<\/em><br \/>\n<strong>Prof.\u00a0V\u00e2nia Jos\u00e9 Karam<\/strong><br \/>\n<em>\u00c1rea de atua\u00e7\u00e3o:<\/em>\u00a0Estruturas<br \/>\n<a href=\"http:\/\/uenf.br\/cct\/leciv\/graduacao\/projetos-finais\/bruno-magno-gomes-ramos-e-frederico-lopes-murita\/\">Bruno Magno Gomes Ramos e Frederico Lopes Murita<\/a><\/p>\n<p><em>Orientadora:<\/em><br \/>\n<strong>Prof\u00aa. Patr\u00edcia Habib Hallak<\/strong><br \/>\n<em>\u00c1rea de atua\u00e7\u00e3o:<\/em>\u00a0Estruturas<br \/>\n<a href=\"http:\/\/uenf.br\/cct\/leciv\/graduacao\/projetos-finais\/adriana-viveiros-figueira-e-raquel-pereira-alves\/\">Adriana Viveiros Figueira e Raquel Pereira Alves <\/a><\/p>\n","protected":false},"excerpt":{"rendered":"<p>Orientador: Prof. Jean Marie D\u00e9sir \u00c1rea de atua\u00e7\u00e3o:\u00a0Estruturas Augusto Antunes dos Santos Camila Aparecida Abelha Rocha Orientador: Prof. Gines Arturo&#8230;<\/p>\n","protected":false},"author":15,"featured_media":0,"parent":350,"menu_order":0,"comment_status":"closed","ping_status":"closed","template":"","meta":{"footnotes":""},"class_list":["post-2238","page","type-page","status-publish","hentry"],"_links":{"self":[{"href":"https:\/\/uenf.br\/cct\/leciv\/wp-json\/wp\/v2\/pages\/2238","targetHints":{"allow":["GET"]}}],"collection":[{"href":"https:\/\/uenf.br\/cct\/leciv\/wp-json\/wp\/v2\/pages"}],"about":[{"href":"https:\/\/uenf.br\/cct\/leciv\/wp-json\/wp\/v2\/types\/page"}],"author":[{"embeddable":true,"href":"https:\/\/uenf.br\/cct\/leciv\/wp-json\/wp\/v2\/users\/15"}],"replies":[{"embeddable":true,"href":"https:\/\/uenf.br\/cct\/leciv\/wp-json\/wp\/v2\/comments?post=2238"}],"version-history":[{"count":0,"href":"https:\/\/uenf.br\/cct\/leciv\/wp-json\/wp\/v2\/pages\/2238\/revisions"}],"up":[{"embeddable":true,"href":"https:\/\/uenf.br\/cct\/leciv\/wp-json\/wp\/v2\/pages\/350"}],"wp:attachment":[{"href":"https:\/\/uenf.br\/cct\/leciv\/wp-json\/wp\/v2\/media?parent=2238"}],"curies":[{"name":"wp","href":"https:\/\/api.w.org\/{rel}","templated":true}]}}