{"id":2259,"date":"2016-01-12T17:16:55","date_gmt":"2016-01-12T17:16:55","guid":{"rendered":"http:\/\/uenf.br\/cct\/leciv\/?page_id=2259"},"modified":"2016-01-12T17:23:35","modified_gmt":"2016-01-12T17:23:35","slug":"2005-2","status":"publish","type":"page","link":"https:\/\/uenf.br\/cct\/leciv\/graduacao\/projetos-finais\/2005-2\/","title":{"rendered":"2005"},"content":{"rendered":"<p><em>Orientador:<\/em><br \/>\n<strong>Prof.\u00a0Paulo C\u00e9sar de Almeida Maia<\/strong><br \/>\n<em>\u00c1rea de atua\u00e7\u00e3o:<\/em> Geotecnia<br \/>\n<a href=\"http:\/\/uenf.br\/cct\/leciv\/graduacao\/projetos-finais\/marcelo-ribeiro-granato-vieira\/\">Marcelo Ribeiro Granato Vieira<br \/>\n<\/a><a href=\"http:\/\/uenf.br\/cct\/leciv\/graduacao\/projetos-finais\/rennan-feres-valinho\/\">Rennan F\u00e9res Valinho<br \/>\n<\/a><a href=\"http:\/\/uenf.br\/cct\/leciv\/graduacao\/projetos-finais\/cintia-beltrao-dantes\/\">C\u00edntia Beltr\u00e3o Dant\u00e9s <\/a><\/p>\n<p><em>Orientadora:<\/em><br \/>\n<strong>Prof\u00aa.\u00a0Maria da Gl\u00f3ria Alves<\/strong><br \/>\n<em>\u00c1rea de atua\u00e7\u00e3o:<\/em> Geotecnia<br \/>\n<a href=\"http:\/\/uenf.br\/cct\/leciv\/graduacao\/projetos-finais\/deborah-ferreira-dantas-larissa-azevedo-curty-e-miriam-torp-da-silva\/\">Deborah Ferreira Dantas, Larissa Azevedo Curty e Miriam Torp da Silva<\/a><\/p>\n<p><em>Orientador:<\/em><br \/>\n<strong>Prof.\u00a0Aldo Durand Farf\u00e1n<\/strong><br \/>\n<em>\u00c1rea de atua\u00e7\u00e3o:<\/em> Geotecnia<br \/>\n<a href=\"http:\/\/uenf.br\/cct\/leciv\/graduacao\/projetos-finais\/jean-crispim-ferreira\/\">Jean Crispim Ferreira<\/a><\/p>\n<p><em>Orientador:<\/em><br \/>\n<strong>Prof. Sergio Luis Gonz\u00e1lez Garcia<\/strong><br \/>\n<em>\u00c1rea de atua\u00e7\u00e3o:<\/em>\u00a0Estruturas<br \/>\n<a href=\"http:\/\/uenf.br\/cct\/leciv\/graduacao\/projetos-finais\/caroline-vieira-lannes\/\">Caroline Vieira Lannes<br \/>\n<\/a><a href=\"http:\/\/uenf.br\/cct\/leciv\/graduacao\/projetos-finais\/cristiano-pena-miller-leandro-rosa-barbosa-e-maikon-caetano-ramos-pessanha\/\">Cristiano Pena Miller, Leandro Rosa Barbosa e Maikon Caetano Ramos Pessanha<\/a><\/p>\n<p><em>Orientador:<\/em><br \/>\n<strong>Prof. Frederico Terra de Almeida<\/strong><br \/>\n<em>\u00c1rea de atua\u00e7\u00e3o:<\/em>\u00a0Geotecnia<br \/>\n<a href=\"http:\/\/uenf.br\/cct\/leciv\/graduacao\/projetos-finais\/edimar-batista-curty\/\">Edimar Batista Curty <\/a><\/p>\n<p>&nbsp;<\/p>\n<p>&nbsp;<\/p>\n","protected":false},"excerpt":{"rendered":"<p>Orientador: Prof.\u00a0Paulo C\u00e9sar de Almeida Maia \u00c1rea de atua\u00e7\u00e3o: Geotecnia Marcelo Ribeiro Granato Vieira Rennan F\u00e9res Valinho C\u00edntia Beltr\u00e3o Dant\u00e9s&#8230;<\/p>\n","protected":false},"author":15,"featured_media":0,"parent":350,"menu_order":2,"comment_status":"closed","ping_status":"closed","template":"","meta":{"footnotes":""},"class_list":["post-2259","page","type-page","status-publish","hentry"],"_links":{"self":[{"href":"https:\/\/uenf.br\/cct\/leciv\/wp-json\/wp\/v2\/pages\/2259","targetHints":{"allow":["GET"]}}],"collection":[{"href":"https:\/\/uenf.br\/cct\/leciv\/wp-json\/wp\/v2\/pages"}],"about":[{"href":"https:\/\/uenf.br\/cct\/leciv\/wp-json\/wp\/v2\/types\/page"}],"author":[{"embeddable":true,"href":"https:\/\/uenf.br\/cct\/leciv\/wp-json\/wp\/v2\/users\/15"}],"replies":[{"embeddable":true,"href":"https:\/\/uenf.br\/cct\/leciv\/wp-json\/wp\/v2\/comments?post=2259"}],"version-history":[{"count":0,"href":"https:\/\/uenf.br\/cct\/leciv\/wp-json\/wp\/v2\/pages\/2259\/revisions"}],"up":[{"embeddable":true,"href":"https:\/\/uenf.br\/cct\/leciv\/wp-json\/wp\/v2\/pages\/350"}],"wp:attachment":[{"href":"https:\/\/uenf.br\/cct\/leciv\/wp-json\/wp\/v2\/media?parent=2259"}],"curies":[{"name":"wp","href":"https:\/\/api.w.org\/{rel}","templated":true}]}}