{"id":2337,"date":"2016-02-19T18:41:51","date_gmt":"2016-02-19T18:41:51","guid":{"rendered":"http:\/\/uenf.br\/cct\/leciv\/?page_id=2337"},"modified":"2016-02-19T18:42:00","modified_gmt":"2016-02-19T18:42:00","slug":"2016-3","status":"publish","type":"page","link":"https:\/\/uenf.br\/cct\/leciv\/graduacao\/projetos-finais\/2016-3\/","title":{"rendered":"2016"},"content":{"rendered":"<p><em>Orientador:<\/em> <strong>Prof. <strong>Sergio Luis Gonz\u00e1lez Garcia<\/strong><\/strong><br \/>\n<em>\u00c1rea de atua\u00e7\u00e3o:<\/em>\u00a0Estruturas<br \/>\n<a href=\"http:\/\/uenf.br\/cct\/leciv\/files\/2016\/02\/Alexandre-Magno-Alves-de-Oliveira-e-Rodrigo-Moulin-Ribeiro-Pierrot.pdf\" rel=\"\">Alexandre Magno Alves de Oliveira e Rodrigo Moulin Ribeiro Pierrot<br \/>\n<\/a><a href=\"http:\/\/uenf.br\/cct\/leciv\/files\/2016\/02\/Maria-Fernanda-Citrangulo-Lutterbach-Pereira.pdf\" rel=\"\">Maria Fernanda Citrangulo Lutterbach Pereira<\/a><\/p>\n<p><em>Orientador:<\/em> <strong>Prof.\u00a0Dylmar Penteado Dias<\/strong><br \/>\n<em>\u00c1rea de atua\u00e7\u00e3o:<\/em>\u00a0Estruturas<br \/>\n<a href=\"http:\/\/uenf.br\/cct\/leciv\/files\/2016\/02\/Ana-Carolina-das-Chagas-e-Raphaela-Fernandes-Gomes.pdf\" rel=\"\">Ana Carolina das Chagas e Raphaela Fernandes Gomes<\/a><\/p>\n<p><em>Orientador:<\/em> <strong>Prof.\u00a0Gustavo de Castro Xavier<\/strong><br \/>\n<em>\u00c1rea de atua\u00e7\u00e3o:<\/em>\u00a0Geotecnia<br \/>\n<a href=\"http:\/\/uenf.br\/cct\/leciv\/files\/2016\/02\/Emerson-Canzian-Cararo.pdf\" rel=\"\">Emerson Canzian Cararo<\/a><\/p>\n<p><em>Orientador:<\/em> <strong>Prof.\u00a0Gines Arturo Santos Falc\u00f3n<\/strong><br \/>\n<em>\u00c1rea de atua\u00e7\u00e3o:<\/em>\u00a0Estruturas<br \/>\n<a href=\"http:\/\/uenf.br\/cct\/leciv\/files\/2016\/02\/Gabriel-Py-Machado-Palomo-e-S\u00e9rgio-da-Silva-Ferreira-J\u00fanior.pdf\" rel=\"\">Gabriel Py Machado Palomo e S\u00e9rgio da Silva Ferreira J\u00fanior<\/a><\/p>\n<p><em>Orientador:<\/em> <strong>Prof.\u00a0Sergio Tibana<\/strong><br \/>\n<em>\u00c1rea de atua\u00e7\u00e3o:<\/em>\u00a0Geotecnia<br \/>\n<a href=\"http:\/\/uenf.br\/cct\/leciv\/files\/2016\/02\/Jo\u00e3o-Alberto-Machado-Leite.pdf\" rel=\"\">Jo\u00e3o Alberto Machado Leite<br \/>\n<\/a><a href=\"http:\/\/uenf.br\/cct\/leciv\/files\/2016\/02\/Jos\u00e9-Mauricio-Azevedo-Ferreira-e-Rob\u00e9rio-Estephaneli-Corty-Ribeiro.pdf\" rel=\"\">Jos\u00e9 Mauricio Azevedo Ferreira e Rob\u00e9rio Estephaneli Corty Ribeiro<\/a><\/p>\n<p>&nbsp;<\/p>\n<p>&nbsp;<\/p>\n<p>&nbsp;<\/p>\n<p>&nbsp;<\/p>\n","protected":false},"excerpt":{"rendered":"<p>Orientador: Prof. Sergio Luis Gonz\u00e1lez Garcia \u00c1rea de atua\u00e7\u00e3o:\u00a0Estruturas Alexandre Magno Alves de Oliveira e Rodrigo Moulin Ribeiro Pierrot Maria&#8230;<\/p>\n","protected":false},"author":15,"featured_media":0,"parent":350,"menu_order":10,"comment_status":"closed","ping_status":"closed","template":"","meta":{"footnotes":""},"class_list":["post-2337","page","type-page","status-publish","hentry"],"_links":{"self":[{"href":"https:\/\/uenf.br\/cct\/leciv\/wp-json\/wp\/v2\/pages\/2337","targetHints":{"allow":["GET"]}}],"collection":[{"href":"https:\/\/uenf.br\/cct\/leciv\/wp-json\/wp\/v2\/pages"}],"about":[{"href":"https:\/\/uenf.br\/cct\/leciv\/wp-json\/wp\/v2\/types\/page"}],"author":[{"embeddable":true,"href":"https:\/\/uenf.br\/cct\/leciv\/wp-json\/wp\/v2\/users\/15"}],"replies":[{"embeddable":true,"href":"https:\/\/uenf.br\/cct\/leciv\/wp-json\/wp\/v2\/comments?post=2337"}],"version-history":[{"count":0,"href":"https:\/\/uenf.br\/cct\/leciv\/wp-json\/wp\/v2\/pages\/2337\/revisions"}],"up":[{"embeddable":true,"href":"https:\/\/uenf.br\/cct\/leciv\/wp-json\/wp\/v2\/pages\/350"}],"wp:attachment":[{"href":"https:\/\/uenf.br\/cct\/leciv\/wp-json\/wp\/v2\/media?parent=2337"}],"curies":[{"name":"wp","href":"https:\/\/api.w.org\/{rel}","templated":true}]}}