{"id":2427,"date":"2016-03-02T20:37:37","date_gmt":"2016-03-02T20:37:37","guid":{"rendered":"http:\/\/uenf.br\/cct\/leciv\/?page_id=2427"},"modified":"2016-03-03T11:52:13","modified_gmt":"2016-03-03T11:52:13","slug":"apresentacao","status":"publish","type":"page","link":"https:\/\/uenf.br\/cct\/leciv\/pos-graduacao\/oficinas-de-ensino-e-pesquisa\/oficina-de-degradacao\/apresentacao\/","title":{"rendered":"Apresenta\u00e7\u00e3o"},"content":{"rendered":"<p>O Laborat\u00f3rio de Ensaios de Durabilidade \u2013 LED \u00e9 uma das unidades do Laborat\u00f3rio de Engenharia Civil da UENF \u2013 LECIV, dedicada ao desenvolvimento de pesquisas sobre durabilidade e alterabilidade de materiais empregados na Engenharia Civil, especialmente os de uso em obras geot\u00e9cnicas. O LED est\u00e1 instalado no pr\u00e9dio do N\u00facleo de Compet\u00eancia em Energias, anexo ao Pr\u00e9dio das Oficinas da UENF, possuindo toda a infraestrutura necess\u00e1ria para o bom desenvolvimento de pesquisas de ponta.<br \/>\nAs atividades do LED est\u00e3o inseridas na linha de pesquisa do Programa de P\u00f3s-Gradua\u00e7\u00e3o em Engenharia Civil da UENF dedicada \u00e0 Investiga\u00e7\u00e3o Geol\u00f3gico-Geot\u00e9cnica.<br \/>\nEsse Laborat\u00f3rio iniciou suas atividades em 2001 e se fortaleceu atrav\u00e9s do trabalho conjunto entre diferentes setores da Engenharia Civil e Materiais da UENF, o que vem permitindo tanto uma maior aproxima\u00e7\u00e3o f\u00edsica destas duas engenharias quanto das v\u00e1rias interfaces que seus respectivos colaboradores apresentam em comum.<br \/>\nAs pesquisas desenvolvidas nesse laborat\u00f3rio procuram determinar as caracter\u00edsticas de durabilidade e alterabilidade dos materiais geot\u00e9cnicos, comp\u00f3sitos e met\u00e1licos, especialmente os geossint\u00e9ticos, materiais rochosos, cer\u00e2micos, argamassas aditivadas, soldas, dentre outros. Para isso, o Laborat\u00f3rio \u00e9 equipado com diversos equipamentos convencionais e n\u00e3o convencionais que permitem a determina\u00e7\u00e3o dos efeitos dos processos de degrada\u00e7\u00e3o nas poss\u00edveis varia\u00e7\u00f5es nos par\u00e2metros dos materiais. Neste Laborat\u00f3rio passaram diversos alunos que desenvolveram pesquisas de Inicia\u00e7\u00e3o Cient\u00edfica, Mestrado e Doutorado, contribuindo para constitui\u00e7\u00e3o de um bom acervo bibliogr\u00e1fico.<br \/>\nO LED vem trabalhando em parceria com diversas institui\u00e7\u00f5es de fomento tanto privadas quanto p\u00fablicas, destacando-se: CNPq, CAPES, FAPERJ, FINEP, FURNAS, ANELL e HUESKER. Al\u00e9m disso, h\u00e1 ainda a colabora\u00e7\u00e3o de outras universidades, como a PUC &#8211; RJ, atrav\u00e9s do professor Alberto Say\u00e3o, e a COPPE-UFRJ, atrav\u00e9s da Profa. Anna Laura Nunes.<\/p>\n","protected":false},"excerpt":{"rendered":"<p>O Laborat\u00f3rio de Ensaios de Durabilidade \u2013 LED \u00e9 uma das unidades do Laborat\u00f3rio de Engenharia Civil da UENF \u2013&#8230;<\/p>\n","protected":false},"author":15,"featured_media":0,"parent":527,"menu_order":1,"comment_status":"closed","ping_status":"closed","template":"","meta":{"footnotes":""},"class_list":["post-2427","page","type-page","status-publish","hentry"],"_links":{"self":[{"href":"https:\/\/uenf.br\/cct\/leciv\/wp-json\/wp\/v2\/pages\/2427","targetHints":{"allow":["GET"]}}],"collection":[{"href":"https:\/\/uenf.br\/cct\/leciv\/wp-json\/wp\/v2\/pages"}],"about":[{"href":"https:\/\/uenf.br\/cct\/leciv\/wp-json\/wp\/v2\/types\/page"}],"author":[{"embeddable":true,"href":"https:\/\/uenf.br\/cct\/leciv\/wp-json\/wp\/v2\/users\/15"}],"replies":[{"embeddable":true,"href":"https:\/\/uenf.br\/cct\/leciv\/wp-json\/wp\/v2\/comments?post=2427"}],"version-history":[{"count":0,"href":"https:\/\/uenf.br\/cct\/leciv\/wp-json\/wp\/v2\/pages\/2427\/revisions"}],"up":[{"embeddable":true,"href":"https:\/\/uenf.br\/cct\/leciv\/wp-json\/wp\/v2\/pages\/527"}],"wp:attachment":[{"href":"https:\/\/uenf.br\/cct\/leciv\/wp-json\/wp\/v2\/media?parent=2427"}],"curies":[{"name":"wp","href":"https:\/\/api.w.org\/{rel}","templated":true}]}}