{"id":2431,"date":"2016-03-02T20:47:52","date_gmt":"2016-03-02T20:47:52","guid":{"rendered":"http:\/\/uenf.br\/cct\/leciv\/?page_id=2431"},"modified":"2017-12-07T15:04:11","modified_gmt":"2017-12-07T15:04:11","slug":"grupo-de-pesquisa","status":"publish","type":"page","link":"https:\/\/uenf.br\/cct\/leciv\/pos-graduacao\/oficinas-de-ensino-e-pesquisa\/oficina-de-degradacao\/grupo-de-pesquisa\/","title":{"rendered":"Grupo de pesquisa"},"content":{"rendered":"<p>Atualmente o LED possui um grupo de pesquisa constitu\u00eddo por professores e alunos que se dedicam em tempo integral aos projetos de pesquisa que est\u00e3o em andamento. O laborat\u00f3rio \u00e9 coordenado pelo Prof. Paulo Maia do LECIV e conta com a colabora\u00e7\u00e3o dos profs. <a href=\"http:\/\/uenf.br\/cct\/leciv\/apresentacao\/corpo-docente-2\/prof-gustavo-de-castro-xavier\/\">Gustavo de Castro<\/a> do LECIV \u00a0e Ronaldo Paranhos do LAMAV.<br \/>\nOs projetos de pesquisa hoje desenvolvidos contam com a participa\u00e7\u00e3o dos seguintes alunos:<\/p>\n<p>P\u00f3s Doutorado:<br \/>\nJos\u00e9 Luiz Ernandes Dias Filho<\/p>\n<p>Doutorado:<br \/>\nKelly de Oliveira Borges da Costa<br \/>\nMarta Fleichman Prellwitz<br \/>\nBruno Magno Ramos<br \/>\nLuisa Muylaert de Menezes Povoa<\/p>\n<p>Mestrado:<br \/>\nAna Carolina das Chagas<br \/>\nBrunner Rabello Frazao Correa<br \/>\nHebert Detogne Fernandes<br \/>\nIgor Conrado da Silva Caetano<br \/>\nKessia da Silva Conceicao<br \/>\nMurilo Hans de Abreu Santos<\/p>\n<p>Inicia\u00e7\u00e3o Cient\u00edfica:<br \/>\nCaroline Zanette Macedo<br \/>\nVivian de Melo Fonseca<br \/>\nNathani Zampirolli<br \/>\nHeitor Barcelos Peixoto<br \/>\nAna Caroline de Assis<br \/>\nLorena da Silva Leite<\/p>\n<p>Extens\u00e3o<br \/>\nTiago Cruz de Freitas<\/p>\n<p>Al\u00e9m destes, existe um corpo t\u00e9cnico que d\u00e1 apoio e permite o bom andamento das atividades no Laborat\u00f3rio.<\/p>\n","protected":false},"excerpt":{"rendered":"<p>Atualmente o LED possui um grupo de pesquisa constitu\u00eddo por professores e alunos que se dedicam em tempo integral aos&#8230;<\/p>\n","protected":false},"author":15,"featured_media":0,"parent":527,"menu_order":3,"comment_status":"closed","ping_status":"closed","template":"","meta":{"footnotes":""},"class_list":["post-2431","page","type-page","status-publish","hentry"],"_links":{"self":[{"href":"https:\/\/uenf.br\/cct\/leciv\/wp-json\/wp\/v2\/pages\/2431","targetHints":{"allow":["GET"]}}],"collection":[{"href":"https:\/\/uenf.br\/cct\/leciv\/wp-json\/wp\/v2\/pages"}],"about":[{"href":"https:\/\/uenf.br\/cct\/leciv\/wp-json\/wp\/v2\/types\/page"}],"author":[{"embeddable":true,"href":"https:\/\/uenf.br\/cct\/leciv\/wp-json\/wp\/v2\/users\/15"}],"replies":[{"embeddable":true,"href":"https:\/\/uenf.br\/cct\/leciv\/wp-json\/wp\/v2\/comments?post=2431"}],"version-history":[{"count":0,"href":"https:\/\/uenf.br\/cct\/leciv\/wp-json\/wp\/v2\/pages\/2431\/revisions"}],"up":[{"embeddable":true,"href":"https:\/\/uenf.br\/cct\/leciv\/wp-json\/wp\/v2\/pages\/527"}],"wp:attachment":[{"href":"https:\/\/uenf.br\/cct\/leciv\/wp-json\/wp\/v2\/media?parent=2431"}],"curies":[{"name":"wp","href":"https:\/\/api.w.org\/{rel}","templated":true}]}}