{"id":2436,"date":"2016-03-02T20:52:30","date_gmt":"2016-03-02T20:52:30","guid":{"rendered":"http:\/\/uenf.br\/cct\/leciv\/?page_id=2436"},"modified":"2016-03-04T12:47:17","modified_gmt":"2016-03-04T12:47:17","slug":"pesquisas-desenvolvidas","status":"publish","type":"page","link":"https:\/\/uenf.br\/cct\/leciv\/pos-graduacao\/oficinas-de-ensino-e-pesquisa\/oficina-de-degradacao\/pesquisas-desenvolvidas\/","title":{"rendered":"Pesquisas desenvolvidas"},"content":{"rendered":"<p>Alguns aspectos espec\u00edficos sobre as \u00e1reas de atua\u00e7\u00e3o do LED e as produ\u00e7\u00f5es bibliogr\u00e1ficas correspondentes s\u00e3o:<\/p>\n<p><a href=\"http:\/\/uenf.br\/cct\/leciv\/pos-graduacao\/oficinas-de-ensino-e-pesquisa\/oficina-de-degradacao\/pesquisas-desenvolvidas\/geossinteticos\/\">Geossint\u00e9ticos<\/a><\/p>\n<p><a href=\"http:\/\/uenf.br\/cct\/leciv\/pos-graduacao\/oficinas-de-ensino-e-pesquisa\/oficina-de-degradacao\/pesquisas-desenvolvidas\/materiais-rochosos\/\">Materiais Rochosos<\/a><\/p>\n<p><a href=\"http:\/\/uenf.br\/cct\/leciv\/pos-graduacao\/oficinas-de-ensino-e-pesquisa\/oficina-de-degradacao\/pesquisas-desenvolvidas\/materiais-ceramicos\/\">Materiais Cer\u00e2micos<\/a><\/p>\n<p>&nbsp;<\/p>\n","protected":false},"excerpt":{"rendered":"<p>Alguns aspectos espec\u00edficos sobre as \u00e1reas de atua\u00e7\u00e3o do LED e as produ\u00e7\u00f5es bibliogr\u00e1ficas correspondentes s\u00e3o: Geossint\u00e9ticos Materiais Rochosos Materiais&#8230;<\/p>\n","protected":false},"author":15,"featured_media":0,"parent":527,"menu_order":4,"comment_status":"closed","ping_status":"closed","template":"","meta":{"footnotes":""},"class_list":["post-2436","page","type-page","status-publish","hentry"],"_links":{"self":[{"href":"https:\/\/uenf.br\/cct\/leciv\/wp-json\/wp\/v2\/pages\/2436","targetHints":{"allow":["GET"]}}],"collection":[{"href":"https:\/\/uenf.br\/cct\/leciv\/wp-json\/wp\/v2\/pages"}],"about":[{"href":"https:\/\/uenf.br\/cct\/leciv\/wp-json\/wp\/v2\/types\/page"}],"author":[{"embeddable":true,"href":"https:\/\/uenf.br\/cct\/leciv\/wp-json\/wp\/v2\/users\/15"}],"replies":[{"embeddable":true,"href":"https:\/\/uenf.br\/cct\/leciv\/wp-json\/wp\/v2\/comments?post=2436"}],"version-history":[{"count":0,"href":"https:\/\/uenf.br\/cct\/leciv\/wp-json\/wp\/v2\/pages\/2436\/revisions"}],"up":[{"embeddable":true,"href":"https:\/\/uenf.br\/cct\/leciv\/wp-json\/wp\/v2\/pages\/527"}],"wp:attachment":[{"href":"https:\/\/uenf.br\/cct\/leciv\/wp-json\/wp\/v2\/media?parent=2436"}],"curies":[{"name":"wp","href":"https:\/\/api.w.org\/{rel}","templated":true}]}}