{"id":2441,"date":"2016-03-02T21:06:33","date_gmt":"2016-03-02T21:06:33","guid":{"rendered":"http:\/\/uenf.br\/cct\/leciv\/?page_id=2441"},"modified":"2016-03-03T11:53:24","modified_gmt":"2016-03-03T11:53:24","slug":"geossinteticos","status":"publish","type":"page","link":"https:\/\/uenf.br\/cct\/leciv\/pos-graduacao\/oficinas-de-ensino-e-pesquisa\/oficina-de-degradacao\/pesquisas-desenvolvidas\/geossinteticos\/","title":{"rendered":"Geossint\u00e9ticos"},"content":{"rendered":"<p>Nas \u00faltimas d\u00e9cadas, os geossint\u00e9ticos v\u00eam desempenhando um papel fundamental substituindo ou aprimorando t\u00e9cnicas existentes, permitindo associa\u00e7\u00f5es e combina\u00e7\u00f5es com solos e agregados, resultando em solu\u00e7\u00f5es mais r\u00e1pidas, mais leves, mais esbeltas, mais confi\u00e1veis e mais econ\u00f4micas.<br \/>\nEm uma obra de engenharia, os geossint\u00e9ticos podem exercer concomitantemente, uma ou mais fun\u00e7\u00f5es. Dentre elas, pode-se citar: separa\u00e7\u00e3o, refor\u00e7o, prote\u00e7\u00e3o, drenagem, filtra\u00e7\u00e3o, impermeabiliza\u00e7\u00e3o e controle de eros\u00e3o superficial. Para isso existem diversos tipos de geossint\u00e9ticos: geocompostos, geoc\u00e9lula, geogrelha, georrede, geot\u00eaxtil n\u00e3o-tecido agulhado, geot\u00eaxtil tecido, geomembrana, biomanta, geodreno e tela para gabi\u00e3o. Tal diversidade de aplica\u00e7\u00e3o e tipos, associada aos diferentes processos executivos, materiais constituintes, aditivos, poss\u00edveis agentes de degrada\u00e7\u00e3o, que podem gerar modifica\u00e7\u00f5es de comportamento, tornam o entendimento das caracter\u00edsticas de durabilidade e alterabilidade dos geossint\u00e9ticos um tema de interesse no meio geot\u00e9cnico. Esse aspecto fica mais relevante em situa\u00e7\u00f5es extremas onde os mecanismos de degrada\u00e7\u00e3o dos geossint\u00e9ticos podem ser acelerados.<br \/>\nO foco principal das pesquisas relacionadas aos geossint\u00e9ticos \u00e9 a defini\u00e7\u00e3o das varia\u00e7\u00f5es de comportamento frete a mecanismos de degrada\u00e7\u00e3o atuantes nas condi\u00e7\u00f5es de uso desses materiais, como por exemplo: degrada\u00e7\u00e3o t\u00e9rmica, degrada\u00e7\u00e3o qu\u00edmica, lixivia\u00e7\u00e3o cont\u00ednua, varia\u00e7\u00f5es de umidade e temperatura, fotodegrada\u00e7\u00e3o e outras. A tend\u00eancia mais atual das pesquisas desenvolvidas no LED \u00e9 destinada \u00e0 combina\u00e7\u00e3o de a\u00e7\u00f5es mec\u00e2nicas e de degrada\u00e7\u00e3o, como por exemplo, o efeito de varia\u00e7\u00f5es de umidade, temperatura e flu\u00eancia.<br \/>\nAs pesquisas desenvolvidas sobre a durabilidade de geossint\u00e9ticos s\u00e3o:<\/p>\n<p><strong>Teses de Doutorado<\/strong><br \/>\n1 &#8211; Jos\u00e9 Luiz Ernandes Dias Filho. Avalia\u00e7\u00e3o da degrada\u00e7\u00e3o de geot\u00eaxteis tecidos atrav\u00e9s de procedimentos especiais de laborat\u00f3rio. Em andamento<\/p>\n<p><strong>Disserta\u00e7\u00f5es de mestrado<\/strong><br \/>\n1 &#8211; Raquel Ofrante Salles. Durabilidade de Geossint\u00e9ticos em Equipamento de Degrada\u00e7\u00e3o em Laborat\u00f3rio. 2006.<br \/>\n2 &#8211; Vanessa da Cunha Pinto. Avalia\u00e7\u00e3o da Degrada\u00e7\u00e3o de Geossint\u00e9ticos. 2006.<\/p>\n<p><strong>Inicia\u00e7\u00e3o Cient\u00edfica<\/strong><br \/>\n1. Brunner Rabello Fraz\u00e3o Corr\u00eaa. Efeito da garra no comportamento tens\u00e3o vs. deforma\u00e7\u00e3o de geot\u00eaxtil tecido atrav\u00e9s de ensaios de tra\u00e7\u00e3o n\u00e3o-confinada. 2015.<br \/>\n2. F\u00e1bio Volpini Cardoso Filho. Adapta\u00e7\u00e3o e moderniza\u00e7\u00e3o do equipamento de lixivia\u00e7\u00e3o cont\u00ednua. 2015.<br \/>\n3. Guilherme Soares Mendon\u00e7a. Ensaios de mini-puncionamento confinados em geossint\u00e9ticos. 2015.<br \/>\n4. Victor dos Santos Singui. Avalia\u00e7\u00e3o da Durabilidade de Geossint\u00e9ticos. 2013<br \/>\n5. Marta Prellwitz. Durabilidade de Geossint\u00e9ticos. 2013.<br \/>\n6. Talytha Martins Fonte Boa. Durabilidade de Geossint\u00e9ticos. 2013<br \/>\n7. Vin\u00edcius Alves Polinic\u00f3la. Apoio \u00e0 Pesquisa em Laborat\u00f3rio de Geotecnia \u2013 Degrada\u00e7\u00e3o de Geossint\u00e9ticos. 2011.<br \/>\n8. K\u00e9ssia da Silva Concei\u00e7\u00e3o. Apoio \u00e0 Pesquisa em Laborat\u00f3rio de Geotecnia \u2013 Degrada\u00e7\u00e3o de Geossint\u00e9ticos. 2011.<br \/>\n9. Bernardo F\u00e9res Valinho. Avalia\u00e7\u00e3o da degrada\u00e7\u00e3o de materiais geot\u00e9cnicos. 2011<br \/>\n10. Camille Almeida Pessanha. Avalia\u00e7\u00e2o da durabilidade de materiais geossint\u00e9ticos. 2010.<br \/>\n11. Luiza Artilles de Abreu \u00c1vila. Avalia\u00e7\u00e3o da degrada\u00e7\u00e3o de materiais geot\u00e9cnicos. 2008.<br \/>\n12. Bernardo Feres Valinho. Estudo da degrada\u00e7\u00e3o de geotexteis atrav\u00e9s de diferentes procedimentos de degrada\u00e7\u00e3o. 2008.<br \/>\n13. Marconi Neves Sampaio. Estudo da degrada\u00e7\u00e3o de geotexteis atrav\u00e9s de diferentes procedimentos de degrada\u00e7\u00e3o. 2007.<br \/>\n14. Rennan Feres Valinho. Avalia\u00e7\u00e3o da alterabilidade de geossint\u00e9ticos. 2005.<\/p>\n","protected":false},"excerpt":{"rendered":"<p>Nas \u00faltimas d\u00e9cadas, os geossint\u00e9ticos v\u00eam desempenhando um papel fundamental substituindo ou aprimorando t\u00e9cnicas existentes, permitindo associa\u00e7\u00f5es e combina\u00e7\u00f5es com&#8230;<\/p>\n","protected":false},"author":15,"featured_media":0,"parent":2436,"menu_order":1,"comment_status":"closed","ping_status":"closed","template":"","meta":{"footnotes":""},"class_list":["post-2441","page","type-page","status-publish","hentry"],"_links":{"self":[{"href":"https:\/\/uenf.br\/cct\/leciv\/wp-json\/wp\/v2\/pages\/2441","targetHints":{"allow":["GET"]}}],"collection":[{"href":"https:\/\/uenf.br\/cct\/leciv\/wp-json\/wp\/v2\/pages"}],"about":[{"href":"https:\/\/uenf.br\/cct\/leciv\/wp-json\/wp\/v2\/types\/page"}],"author":[{"embeddable":true,"href":"https:\/\/uenf.br\/cct\/leciv\/wp-json\/wp\/v2\/users\/15"}],"replies":[{"embeddable":true,"href":"https:\/\/uenf.br\/cct\/leciv\/wp-json\/wp\/v2\/comments?post=2441"}],"version-history":[{"count":0,"href":"https:\/\/uenf.br\/cct\/leciv\/wp-json\/wp\/v2\/pages\/2441\/revisions"}],"up":[{"embeddable":true,"href":"https:\/\/uenf.br\/cct\/leciv\/wp-json\/wp\/v2\/pages\/2436"}],"wp:attachment":[{"href":"https:\/\/uenf.br\/cct\/leciv\/wp-json\/wp\/v2\/media?parent=2441"}],"curies":[{"name":"wp","href":"https:\/\/api.w.org\/{rel}","templated":true}]}}