{"id":2445,"date":"2016-03-02T21:12:26","date_gmt":"2016-03-02T21:12:26","guid":{"rendered":"http:\/\/uenf.br\/cct\/leciv\/?page_id=2445"},"modified":"2016-03-02T21:40:56","modified_gmt":"2016-03-02T21:40:56","slug":"materiais-rochosos","status":"publish","type":"page","link":"https:\/\/uenf.br\/cct\/leciv\/pos-graduacao\/oficinas-de-ensino-e-pesquisa\/oficina-de-degradacao\/pesquisas-desenvolvidas\/materiais-rochosos\/","title":{"rendered":"Materiais Rochosos"},"content":{"rendered":"<p style=\"text-align: justify\">Os materiais rochosos, antes de serem extra\u00eddos das jazidas ou pedreiras, apresentam-se num estado de degrada\u00e7\u00e3o equilibrado com o meio, o qual foi atingido num intervalo geol\u00f3gico de tempo, ou seja, de centenas a milhares de anos. Ap\u00f3s extra\u00e7\u00e3o e aplica\u00e7\u00e3o em uma obra, ocorre a mudan\u00e7a do meio. Assim, a rocha passa a sofrer transforma\u00e7\u00f5es buscando uma nova condi\u00e7\u00e3o de equil\u00edbrio.<br \/>\nA velocidade de degrada\u00e7\u00e3o no novo meio depende da susceptibilidade da rocha \u00e0 degrada\u00e7\u00e3o. Deste modo, a velocidade de degrada\u00e7\u00e3o da rocha vai depender das caracter\u00edsticas do material, do meio externo e do tempo de exposi\u00e7\u00e3o. Neste sentido, rocha pode sofrer degrada\u00e7\u00f5es em um intervalo de tempo que pode variar de milhares de anos a poucos meses.<br \/>\nA composi\u00e7\u00e3o mineral\u00f3gica, a textura e a estrutura dos materiais rochosos, aliados a condicionantes geol\u00f3gicos definem seu grau de resist\u00eancia quando submetidas a condi\u00e7\u00f5es ambientais adversas ou quando atacadas por subst\u00e2ncias agressivas.<br \/>\nAs pesquisas desenvolvidas nesse sentido vis\u00e3o a determina\u00e7\u00e3o das caracter\u00edsticas de mat\u00e9rias rochosos usados em enrocamentos, lastros e ornamentos. As pesquisas desenvolvidas sobre esse tema:<\/p>\n<p><strong>\u00a0<\/strong><strong>Teses de Doutorado:<br \/>\n<\/strong>1 &#8211; Paulo C. A. Maia. Avalia\u00e7\u00e3o do comportamento Mec\u00e2nico e de Durabilidade de materais de Enrocamento. 2001<\/p>\n<p><strong>Disserta\u00e7\u00f5es de Mestrado:<br \/>\n<\/strong>1 &#8211; Rayssa Lopes Mendon\u00e7a. Avalia\u00e7\u00e3o do Colapso de Enrocamentos devido a Altera\u00e7\u00e3o da Rocha Constituinte. 2014.<br \/>\n2 &#8211; Jos\u00e9 Luiz Ernandes Dias Filho. Avalia\u00e7\u00e3o da Durabilidade de Rochas atrav\u00e9s de Ensaios de Desgaste. 2012.<br \/>\n3 &#8211; Marconi Neves Sampaio. Estudo da Compressibilidade e Alterabilidade do Material de Enrocamento atrav\u00e9s de Procedimentos de Laborat\u00f3rio. 2008.<\/p>\n<p><strong>Inicia\u00e7\u00e3o Cient\u00edfica:<br \/>\n<\/strong>1 &#8211; Juliana Pessin. Avalia\u00e7\u00e3o da Durabilidade de Materiais Geot\u00e9cnicos \u2013 Enrocamentos. 2014.<br \/>\n2 &#8211; Pedro Nolasco Castro Nascimento. Avalia\u00e7\u00e3o da Durabilidade de Materiais Geot\u00e9cnicos &#8211; Enrocamentos. 2011.<br \/>\n3 &#8211; Isabel Valad\u00e3o Crispim. Avalia\u00e7\u00e3o de Procedimentos de Laborat\u00f3rio para Determina\u00e7\u00e3o de Par\u00e2metros de Projeto de Aterros de Enrocamento. 2008.<\/p>\n","protected":false},"excerpt":{"rendered":"<p>Os materiais rochosos, antes de serem extra\u00eddos das jazidas ou pedreiras, apresentam-se num estado de degrada\u00e7\u00e3o equilibrado com o meio,&#8230;<\/p>\n","protected":false},"author":15,"featured_media":0,"parent":2436,"menu_order":2,"comment_status":"closed","ping_status":"closed","template":"","meta":{"footnotes":""},"class_list":["post-2445","page","type-page","status-publish","hentry"],"_links":{"self":[{"href":"https:\/\/uenf.br\/cct\/leciv\/wp-json\/wp\/v2\/pages\/2445","targetHints":{"allow":["GET"]}}],"collection":[{"href":"https:\/\/uenf.br\/cct\/leciv\/wp-json\/wp\/v2\/pages"}],"about":[{"href":"https:\/\/uenf.br\/cct\/leciv\/wp-json\/wp\/v2\/types\/page"}],"author":[{"embeddable":true,"href":"https:\/\/uenf.br\/cct\/leciv\/wp-json\/wp\/v2\/users\/15"}],"replies":[{"embeddable":true,"href":"https:\/\/uenf.br\/cct\/leciv\/wp-json\/wp\/v2\/comments?post=2445"}],"version-history":[{"count":0,"href":"https:\/\/uenf.br\/cct\/leciv\/wp-json\/wp\/v2\/pages\/2445\/revisions"}],"up":[{"embeddable":true,"href":"https:\/\/uenf.br\/cct\/leciv\/wp-json\/wp\/v2\/pages\/2436"}],"wp:attachment":[{"href":"https:\/\/uenf.br\/cct\/leciv\/wp-json\/wp\/v2\/media?parent=2445"}],"curies":[{"name":"wp","href":"https:\/\/api.w.org\/{rel}","templated":true}]}}