{"id":2455,"date":"2016-03-02T21:38:25","date_gmt":"2016-03-02T21:38:25","guid":{"rendered":"http:\/\/uenf.br\/cct\/leciv\/?page_id=2455"},"modified":"2016-03-04T12:43:32","modified_gmt":"2016-03-04T12:43:32","slug":"estrutura-laboratorial","status":"publish","type":"page","link":"https:\/\/uenf.br\/cct\/leciv\/pos-graduacao\/oficinas-de-ensino-e-pesquisa\/oficina-de-degradacao\/estrutura-laboratorial\/","title":{"rendered":"Estrutura Laboratorial"},"content":{"rendered":"<p style=\"text-align: justify\">O Laborat\u00f3rio possui uma \u00e1rea externa dedicada para ensaios de campo e um laborat\u00f3rio com toda infraestrutura necess\u00e1ria para procedimentos especiais que permitem a acelera\u00e7\u00e3o controlada do processo de degrada\u00e7\u00e3o dos materiais. Os procedimentos de degrada\u00e7\u00e3o empregados nesta oficina de pesquisa e ensino s\u00e3o:<\/p>\n<p style=\"text-align: justify\"><strong>Por exposi\u00e7\u00e3o Natural no Campo<\/strong>: o procedimento de avalia\u00e7\u00e3o da durabilidade dos materiais aos agentes intemp\u00e9ricos \u00e9 feito atrav\u00e9s da exposi\u00e7\u00e3o das amostras ao ar livre para que recebam incid\u00eancia de luz solar e de varia\u00e7\u00f5es clim\u00e1ticas, como chuvas, ventos, mudan\u00e7as de temperatura e outros agentes de degrada\u00e7\u00e3o do meio ambiente ex\u00f3geno. Este procedimento \u00e9 feito em uma \u00e1rea externa dentro do Campus da UENF e com acesso restrito de pessoal. Todos os dados climatol\u00f3gicos s\u00e3o coletados em esta\u00e7\u00f5es monitoradas pelo INMET.<\/p>\n<p style=\"text-align: justify\"><strong>Por Lixivia\u00e7\u00e3o cont\u00ednua:<\/strong> o ensaio de lixivia\u00e7\u00e3o cont\u00ednua simula a condi\u00e7\u00e3o de altera\u00e7\u00e3o provocada pelo processo de carreamento dos elementos constituintes dos materiais. O equipamento mais utilizado para ensaios de lixivia\u00e7\u00e3o cont\u00ednua \u00e9 o extrator Soxhlet. O equipamento Soxhlet permite submeter amostras de pequenos volumes a per\u00edodos controlados de varia\u00e7\u00e3o de temperatura, de precipita\u00e7\u00e3o e de flutua\u00e7\u00e3o do n\u00edvel da solu\u00e7\u00e3o de lixivia\u00e7\u00e3o.<\/p>\n<p style=\"text-align: justify\"><strong>Por Ciclagem de Umedecimento e Secagem (ciclagem de umidade)<\/strong>: O ensaio de umedecimento e secagem simula a condi\u00e7\u00e3o de altera\u00e7\u00e3o provocada pelas varia\u00e7\u00f5es sazonais de umidade e temperatura no campo. Existem algumas varia\u00e7\u00f5es do ensaio de ciclagem por Umedecimento e Secagem com rela\u00e7\u00e3o \u00e0 solu\u00e7\u00e3o que \u00e9 utilizada para imers\u00e3o dos materiais, dentre elas pode-se citar:<br \/>\n\u2013 Umedecimento em \u00e1gua e secagem em estufa;<br \/>\n\u2013 Umedecimento em etilenoglicol e secagem em estufa;<br \/>\n\u2013 Umedecimento em sulfato de s\u00f3dio ou magn\u00e9sio e secagem em estufa.<\/p>\n<p style=\"text-align: justify\"><strong>Por ciclos de Condensa\u00e7\u00e3o e de Radia\u00e7\u00e3o Ultravioleta B:<\/strong> o ensaio de condensa\u00e7\u00e3o e radia\u00e7\u00e3o ultravioleta simula a condi\u00e7\u00e3o de altera\u00e7\u00e3o provocada pela exposi\u00e7\u00e3o do material a raios solares e varia\u00e7\u00f5es sazonais de umidade. No ensaio, as amostras s\u00e3o submetidas a ciclos de condensa\u00e7\u00e3o e de exposi\u00e7\u00e3o \u00e0 radia\u00e7\u00e3o ultravioleta, ambos sob temperatura controlada.<\/p>\n<p style=\"text-align: justify\"><strong>Por Termo-oxida\u00e7\u00e3o:<\/strong> A degrada\u00e7\u00e3o de materiais em estufa \u00e9 feita para avaliar a resist\u00eancia \u00e0 oxida\u00e7\u00e3o dos materiais, particularmente os geossint\u00e9ticos. No ensaio, as amostras s\u00e3o inseridas em estufa a temperatura e tempo pr\u00e9-definidos e avaliam-se as mudan\u00e7as de comportamento. Durante o ensaio, s\u00e3o monitoradas as caracter\u00edsticas f\u00edsicas do material, como varia\u00e7\u00e3o de cor e brilho, al\u00e9m da gramatura.<\/p>\n<p style=\"text-align: justify\"><strong>Por Ensaio de Exposi\u00e7\u00e3o \u00e0 N\u00e9voa Salina:<\/strong> O ensaio consiste na exposi\u00e7\u00e3o de corpos de prova em c\u00e2mara salt spray, com controle de temperatura, press\u00e3o de ar e constitui\u00e7\u00e3o e pH da solu\u00e7\u00e3o de ensaio.<\/p>\n","protected":false},"excerpt":{"rendered":"<p>O Laborat\u00f3rio possui uma \u00e1rea externa dedicada para ensaios de campo e um laborat\u00f3rio com toda infraestrutura necess\u00e1ria para procedimentos&#8230;<\/p>\n","protected":false},"author":15,"featured_media":0,"parent":527,"menu_order":5,"comment_status":"closed","ping_status":"closed","template":"","meta":{"footnotes":""},"class_list":["post-2455","page","type-page","status-publish","hentry"],"_links":{"self":[{"href":"https:\/\/uenf.br\/cct\/leciv\/wp-json\/wp\/v2\/pages\/2455","targetHints":{"allow":["GET"]}}],"collection":[{"href":"https:\/\/uenf.br\/cct\/leciv\/wp-json\/wp\/v2\/pages"}],"about":[{"href":"https:\/\/uenf.br\/cct\/leciv\/wp-json\/wp\/v2\/types\/page"}],"author":[{"embeddable":true,"href":"https:\/\/uenf.br\/cct\/leciv\/wp-json\/wp\/v2\/users\/15"}],"replies":[{"embeddable":true,"href":"https:\/\/uenf.br\/cct\/leciv\/wp-json\/wp\/v2\/comments?post=2455"}],"version-history":[{"count":0,"href":"https:\/\/uenf.br\/cct\/leciv\/wp-json\/wp\/v2\/pages\/2455\/revisions"}],"up":[{"embeddable":true,"href":"https:\/\/uenf.br\/cct\/leciv\/wp-json\/wp\/v2\/pages\/527"}],"wp:attachment":[{"href":"https:\/\/uenf.br\/cct\/leciv\/wp-json\/wp\/v2\/media?parent=2455"}],"curies":[{"name":"wp","href":"https:\/\/api.w.org\/{rel}","templated":true}]}}