{"id":259,"date":"2014-12-12T13:21:02","date_gmt":"2014-12-12T13:21:02","guid":{"rendered":"http:\/\/uenf.br\/cct\/leciv\/?page_id=259"},"modified":"2015-11-13T13:37:18","modified_gmt":"2015-11-13T13:37:18","slug":"avaliacao-da-interacao-solo-estrutura-de-fundacoes","status":"publish","type":"page","link":"https:\/\/uenf.br\/cct\/leciv\/graduacao\/iniciacao-cientifica\/avaliacao-da-interacao-solo-estrutura-de-fundacoes\/","title":{"rendered":"Avalia\u00e7\u00e3o da intera\u00e7\u00e3o solo-estrutura de funda\u00e7\u00f5es."},"content":{"rendered":"<p><em>Professor(a): <\/em>Paulo C\u00e9sar de Almeida Maia<br \/>\n<em>E-mail: <\/em>maia@uenf.br<br \/>\n<em>\u00c1rea de atua\u00e7\u00e3o:<\/em> Geotecnia<br \/>\n<em>Resumo: <\/em>Esta pesquisa tem como objetivo a determina\u00e7\u00e3o de par\u00e2metros de projeto que permitam a avalia\u00e7\u00e3o dos efeitos dos recalques das funda\u00e7\u00f5es de edifica\u00e7\u00f5es no comportamento da obra, possibilitando a compreens\u00e3o da intera\u00e7\u00e3o solo-estrutura de edifica\u00e7\u00f5es, especialmente, na Regi\u00e3o de Campos dos Goytacazes. Para isto faz-se a avalia\u00e7\u00e3o das funda\u00e7\u00f5es de edif\u00edcios atrav\u00e9s da medida de recalques durante e ap\u00f3s a constru\u00e7\u00e3o da obra. Isto possibilita o entendimento do desempenho dos elementos constituintes da edifica\u00e7\u00e3o devido aos recalques das funda\u00e7\u00f5es. O trabalho visa, tamb\u00e9m, a cria\u00e7\u00e3o de um banco de dados sobre recalques em edifica\u00e7\u00f5es que possam contribuir para o melhoramento de aspectos construtivos na Regi\u00e3o de Campos dos Goytacazes. Destaca-se que nesta Regi\u00e3o o subsolo \u00e9 caracterizado por dep\u00f3sitos aluviais constitu\u00eddos por solos moles ou fofos. S\u00e3o desenvolvidos e instalados instrumentos de precis\u00e3o nos edif\u00edcios para a medida dos deslocamentos verticais da estrutura. Faz-se, tamb\u00e9m, a modelagem num\u00e9rica da estrutura dos edif\u00edcios buscando a simula\u00e7\u00e3o das fazes construtivas e a determina\u00e7\u00e3o do carregamento transmitido para as funda\u00e7\u00f5es em cada faze. Finalmente, avaliam-se os recalques medidos e os efeitos dos recalques na redistribui\u00e7\u00e3o de cargas ao longo das funda\u00e7\u00f5es para cada etapa construtiva da obra.<\/p>\n","protected":false},"excerpt":{"rendered":"<p>Professor(a): Paulo C\u00e9sar de Almeida Maia E-mail: maia@uenf.br \u00c1rea de atua\u00e7\u00e3o: Geotecnia Resumo: Esta pesquisa tem como objetivo a determina\u00e7\u00e3o&#8230;<\/p>\n","protected":false},"author":8,"featured_media":0,"parent":235,"menu_order":12,"comment_status":"open","ping_status":"open","template":"","meta":{"footnotes":""},"class_list":["post-259","page","type-page","status-publish","hentry"],"_links":{"self":[{"href":"https:\/\/uenf.br\/cct\/leciv\/wp-json\/wp\/v2\/pages\/259","targetHints":{"allow":["GET"]}}],"collection":[{"href":"https:\/\/uenf.br\/cct\/leciv\/wp-json\/wp\/v2\/pages"}],"about":[{"href":"https:\/\/uenf.br\/cct\/leciv\/wp-json\/wp\/v2\/types\/page"}],"author":[{"embeddable":true,"href":"https:\/\/uenf.br\/cct\/leciv\/wp-json\/wp\/v2\/users\/8"}],"replies":[{"embeddable":true,"href":"https:\/\/uenf.br\/cct\/leciv\/wp-json\/wp\/v2\/comments?post=259"}],"version-history":[{"count":0,"href":"https:\/\/uenf.br\/cct\/leciv\/wp-json\/wp\/v2\/pages\/259\/revisions"}],"up":[{"embeddable":true,"href":"https:\/\/uenf.br\/cct\/leciv\/wp-json\/wp\/v2\/pages\/235"}],"wp:attachment":[{"href":"https:\/\/uenf.br\/cct\/leciv\/wp-json\/wp\/v2\/media?parent=259"}],"curies":[{"name":"wp","href":"https:\/\/api.w.org\/{rel}","templated":true}]}}