{"id":2627,"date":"2016-04-05T13:32:57","date_gmt":"2016-04-05T13:32:57","guid":{"rendered":"http:\/\/uenf.br\/cct\/leciv\/?page_id=2627"},"modified":"2016-04-05T13:35:40","modified_gmt":"2016-04-05T13:35:40","slug":"apresentacao","status":"publish","type":"page","link":"https:\/\/uenf.br\/cct\/leciv\/","title":{"rendered":"Apresenta\u00e7\u00e3o"},"content":{"rendered":"<p style=\"text-align: justify\"><span style=\"font-size: 10.0pt;font-family: 'Verdana','sans-serif'\">O curso de gradua\u00e7\u00e3o em Engenharia Civil da Universidade Estadual do Norte Fluminense Darcy Ribeiro &#8211; UENF foi criado em 1993 atrav\u00e9s da Carta Consulta aprovada e publicada no D. O. de 28\/07\/1993 e reconhecido pelo Conselho Estadual de Educa\u00e7\u00e3o em 08\/12\/1998, atrav\u00e9s do Parecer CEE n\u00ba 334\/98.<br \/>\nO Centro de Ci\u00eancia e Tecnologia da Universidade Estadual do Rio de Janeiro Darcy Ribeiro iniciou suas atividades em julho de 1993 com os laborat\u00f3rios de Ci\u00eancias da Engenharia, de Engenharia e Explora\u00e7\u00e3o de Petr\u00f3leo, de Ci\u00eancia dos Materiais Avan\u00e7ados, de Ci\u00eancias F\u00edsicas, Ci\u00eancias Matem\u00e1ticas e Ci\u00eancias Qu\u00edmicas.<br \/>\nPosteriormente, visando melhor rendimento acad\u00eamico, o Laborat\u00f3rio de Ci\u00eancias das Engenharias foi extinto, com a cria\u00e7\u00e3o de dois novos laborat\u00f3rios: O Laborat\u00f3rio de Engenharia Civil e o Laborat\u00f3rio de Engenharia de Produ\u00e7\u00e3o.<br \/>\n<strong>O Laborat\u00f3rio de Engenharia Civil &#8211; LECIV<\/strong> tem em seu quadro funcional 13 professores permanentes, um corpo t\u00e9cnico composto por 05 servidores com habilidades espec\u00edficas e uma estrutura f\u00edsica e funcional que vem sendo consolidada ao longo dos anos.<br \/>\nVale ressaltar o sucesso sob o aspecto did\u00e1tico dessa inovadora concep\u00e7\u00e3o do modelo de estrutura\u00e7\u00e3o dos Centros da Universidade em Laborat\u00f3rios. Este modelo permite a vincula\u00e7\u00e3o do aluno desde a gradua\u00e7\u00e3o ao trabalho de pesquisa em laborat\u00f3rios, estimulando-se assim a conviv\u00eancia di\u00e1ria com os p\u00f3s-graduandos e as pesquisas que s\u00e3o desenvolvidas no Leciv.<\/span><\/p>\n","protected":false},"excerpt":{"rendered":"<p>O curso de gradua\u00e7\u00e3o em Engenharia Civil da Universidade Estadual do Norte Fluminense Darcy Ribeiro &#8211; UENF foi criado em&#8230;<\/p>\n","protected":false},"author":15,"featured_media":0,"parent":5,"menu_order":1,"comment_status":"closed","ping_status":"closed","template":"","meta":{"footnotes":""},"class_list":["post-2627","page","type-page","status-publish","hentry"],"_links":{"self":[{"href":"https:\/\/uenf.br\/cct\/leciv\/wp-json\/wp\/v2\/pages\/2627","targetHints":{"allow":["GET"]}}],"collection":[{"href":"https:\/\/uenf.br\/cct\/leciv\/wp-json\/wp\/v2\/pages"}],"about":[{"href":"https:\/\/uenf.br\/cct\/leciv\/wp-json\/wp\/v2\/types\/page"}],"author":[{"embeddable":true,"href":"https:\/\/uenf.br\/cct\/leciv\/wp-json\/wp\/v2\/users\/15"}],"replies":[{"embeddable":true,"href":"https:\/\/uenf.br\/cct\/leciv\/wp-json\/wp\/v2\/comments?post=2627"}],"version-history":[{"count":0,"href":"https:\/\/uenf.br\/cct\/leciv\/wp-json\/wp\/v2\/pages\/2627\/revisions"}],"up":[{"embeddable":true,"href":"https:\/\/uenf.br\/cct\/leciv\/wp-json\/wp\/v2\/pages\/5"}],"wp:attachment":[{"href":"https:\/\/uenf.br\/cct\/leciv\/wp-json\/wp\/v2\/media?parent=2627"}],"curies":[{"name":"wp","href":"https:\/\/api.w.org\/{rel}","templated":true}]}}