{"id":2631,"date":"2016-04-05T13:44:37","date_gmt":"2016-04-05T13:44:37","guid":{"rendered":"http:\/\/uenf.br\/cct\/leciv\/?page_id=2631"},"modified":"2016-04-07T12:45:43","modified_gmt":"2016-04-07T12:45:43","slug":"estrutura","status":"publish","type":"page","link":"https:\/\/uenf.br\/cct\/leciv\/apresentacao\/estrutura\/","title":{"rendered":"Estrutura"},"content":{"rendered":"<p>Para desenvolvimento de suas atividades de ensino e pesquisa, o LECIV conta com modernos laborat\u00f3rios nas respectivas \u00e1reas de atua\u00e7\u00e3o.<\/p>\n<p><a href=\"http:\/\/uenf.br\/cct\/leciv\/pos-graduacao\/oficinas-de-ensino-e-pesquisa\/centrifuga\/\">Centr\u00edfuga<\/a><\/p>\n<p><a href=\"http:\/\/uenf.br\/cct\/leciv\/pos-graduacao\/oficinas-de-ensino-e-pesquisa\/oficina-de-calcinacao\/\">Oficina de Calcina\u00e7\u00e3o<\/a><\/p>\n<p><a href=\"http:\/\/uenf.br\/cct\/leciv\/pos-graduacao\/oficinas-de-ensino-e-pesquisa\/oficina-de-degradacao\/\">Laborat\u00f3rio de Ensaios de Durabilidade &#8211; LED<\/a><\/p>\n<p><a href=\"http:\/\/uenf.br\/cct\/leciv\/apresentacao\/estrutura\/nucleo-de-excelencia-em-materiais-cimenticios-nexmat\/\">N\u00facleo de Excel\u00eancia em Materiais Ciment\u00edcios (NexMat)<\/a><\/p>\n<p><a href=\"http:\/\/uenf.br\/cct\/leciv\/pos-graduacao\/oficinas-de-ensino-e-pesquisa\/oficina-de-ensaios-de-caracterizacao\/\">Oficina de Ensaios de Caracteriza\u00e7\u00e3o<\/a><\/p>\n<p><a href=\"http:\/\/uenf.br\/cct\/leciv\/pos-graduacao\/oficinas-de-ensino-e-pesquisa\/oficina-de-ensaios-especiais-em-geotecnia\/\">Oficina de Ensaios Especiais em Geotecnia<\/a><\/p>\n<p><a href=\"http:\/\/uenf.br\/cct\/leciv\/pos-graduacao\/oficinas-de-ensino-e-pesquisa\/oficina-de-geologia-e-geoprocessamento\/\">Oficina de Geologia e Geoprocessamento<\/a><\/p>\n<p><a href=\"http:\/\/uenf.br\/cct\/leciv\/pos-graduacao\/oficinas-de-ensino-e-pesquisa\/oficina-de-geotecnia\/\">Oficina de Geotecnia<\/a><\/p>\n<p><a href=\"http:\/\/uenf.br\/cct\/leciv\/pos-graduacao\/oficinas-de-ensino-e-pesquisa\/oficina-de-materiais-de-construcao\/\">Oficina de Estrutura e Materiais de Constru\u00e7\u00e3o<\/a><\/p>\n<p><a href=\"http:\/\/uenf.br\/cct\/leciv\/pos-graduacao\/oficinas-de-ensino-e-pesquisa\/oficina-de-micro-analise\/\">Oficina de Micro-An\u00e1lise<\/a><\/p>\n<p><a href=\"http:\/\/uenf.br\/cct\/leciv\/pos-graduacao\/oficinas-de-ensino-e-pesquisa\/oficina-de-modelos-reduzidos\/\">Oficina de Modelos Reduzidos<\/a><\/p>\n<p><a href=\"http:\/\/uenf.br\/cct\/leciv\/pos-graduacao\/oficinas-de-ensino-e-pesquisa\/oficina-de-moldagem-e-ensaios-mecanicos\/\">Oficina de Moldagem e Ensaios Mec\u00e2nicos<\/a><\/p>\n<p><a href=\"http:\/\/uenf.br\/cct\/leciv\/pos-graduacao\/oficinas-de-ensino-e-pesquisa\/sala-de-computacao\/\">Sala de Computa\u00e7\u00e3o<\/a><\/p>\n<p><a href=\"http:\/\/uenf.br\/cct\/leciv\/pos-graduacao\/oficinas-de-ensino-e-pesquisa\/sala-de-seminarios\/\">Sala de Semin\u00e1rios<\/a><\/p>\n<p>&nbsp;<\/p>\n<p>&nbsp;<\/p>\n<p>&nbsp;<\/p>\n<p>&nbsp;<\/p>\n<p>&nbsp;<\/p>\n","protected":false},"excerpt":{"rendered":"<p>Para desenvolvimento de suas atividades de ensino e pesquisa, o LECIV conta com modernos laborat\u00f3rios nas respectivas \u00e1reas de atua\u00e7\u00e3o&#8230;.<\/p>\n","protected":false},"author":15,"featured_media":0,"parent":5,"menu_order":10,"comment_status":"closed","ping_status":"closed","template":"","meta":{"footnotes":""},"class_list":["post-2631","page","type-page","status-publish","hentry"],"_links":{"self":[{"href":"https:\/\/uenf.br\/cct\/leciv\/wp-json\/wp\/v2\/pages\/2631","targetHints":{"allow":["GET"]}}],"collection":[{"href":"https:\/\/uenf.br\/cct\/leciv\/wp-json\/wp\/v2\/pages"}],"about":[{"href":"https:\/\/uenf.br\/cct\/leciv\/wp-json\/wp\/v2\/types\/page"}],"author":[{"embeddable":true,"href":"https:\/\/uenf.br\/cct\/leciv\/wp-json\/wp\/v2\/users\/15"}],"replies":[{"embeddable":true,"href":"https:\/\/uenf.br\/cct\/leciv\/wp-json\/wp\/v2\/comments?post=2631"}],"version-history":[{"count":0,"href":"https:\/\/uenf.br\/cct\/leciv\/wp-json\/wp\/v2\/pages\/2631\/revisions"}],"up":[{"embeddable":true,"href":"https:\/\/uenf.br\/cct\/leciv\/wp-json\/wp\/v2\/pages\/5"}],"wp:attachment":[{"href":"https:\/\/uenf.br\/cct\/leciv\/wp-json\/wp\/v2\/media?parent=2631"}],"curies":[{"name":"wp","href":"https:\/\/api.w.org\/{rel}","templated":true}]}}