{"id":2634,"date":"2016-04-05T13:53:19","date_gmt":"2016-04-05T13:53:19","guid":{"rendered":"http:\/\/uenf.br\/cct\/leciv\/?page_id=2634"},"modified":"2016-04-05T14:01:14","modified_gmt":"2016-04-05T14:01:14","slug":"nucleo-de-excelencia-em-materiais-cimenticios-nexmat","status":"publish","type":"page","link":"https:\/\/uenf.br\/cct\/leciv\/apresentacao\/estrutura\/nucleo-de-excelencia-em-materiais-cimenticios-nexmat\/","title":{"rendered":"N\u00facleo de Excel\u00eancia em Materiais Ciment\u00edcios (NexMat)"},"content":{"rendered":"<p style=\"text-align: justify\">O <strong>N\u00facleo de Excel\u00eancia em Materiais Ciment\u00edcios<\/strong> (<strong>NexMat<\/strong>) do LECIV\/UENF, que \u00e9 coordenado pelo Prof. Guilherme Cordeiro, \u00e9 um laborat\u00f3rio avan\u00e7ado de pesquisas sobre materiais ciment\u00edcios de elevado desempenho e foi constru\u00eddo com recursos de Projetos FAPERJ (PRONEX, PRONEM e Jovem Cientista de Nosso Estado).<br \/>\nNo <strong>NexMat<\/strong> s\u00e3o desenvolvidas pesquisas sobre a produ\u00e7\u00e3o e caracteriza\u00e7\u00e3o de pozolanas, dosagem cient\u00edfica de concretos de elevado desempenho, an\u00e1lise microestrutural de sistemas ciment\u00edcios e ensaios mec\u00e2nicos e de durabilidade de longo prazo.<br \/>\nO <strong>NexMat<\/strong> possui um difrat\u00f4metro de raios X com programa de quantifica\u00e7\u00e3o por Rietvled, re\u00f4metro tipo Brookfield, condutiv\u00edmetro digital com sistema de aquisi\u00e7\u00e3o, misturador de bancada com controle de torque e velocidade, sistema para ensaios de retra\u00e7\u00e3o qu\u00edmica, aut\u00f3gena e por secagem, equipamento para ensaio de penetra\u00e7\u00e3o acelerada de \u00edons cloro, dentre outros.<\/p>\n<p><a href=\"http:\/\/uenf.br\/cct\/leciv\/files\/2016\/04\/NexMat.jpg\" rel=\"attachment wp-att-2635\"><img loading=\"lazy\" decoding=\"async\" class=\"alignleft wp-image-2635\" src=\"http:\/\/uenf.br\/cct\/leciv\/files\/2016\/04\/NexMat.jpg\" alt=\"N\u00facleo de Excel\u00eancia em Materiais Ciment\u00edcios (NexMat) da UENF.\" width=\"376\" height=\"282\" \/><\/a><\/p>\n<p>&nbsp;<\/p>\n<p>&nbsp;<\/p>\n<p>&nbsp;<\/p>\n<p>&nbsp;<\/p>\n<p>&nbsp;<\/p>\n<p>&nbsp;<\/p>\n<p>&nbsp;<\/p>\n<p>&nbsp;<\/p>\n<p>&nbsp;<\/p>\n<p>&nbsp;<\/p>\n<p>Maiores informa\u00e7\u00f5es sobre as pesquisas desenvolvidas no NexMat:<\/p>\n<ul>\n<li>http:\/\/www.sciencedirect.com\/science\/article\/pii\/S0950061816302379<\/li>\n<li>http:\/\/www.sciencedirect.com\/science\/article\/pii\/S0950061815307339<\/li>\n<li>http:\/\/www.sciencedirect.com\/science\/article\/pii\/S0958946514001814<\/li>\n<li>http:\/\/www.sciencedirect.com\/science\/article\/pii\/S0950061811006672<\/li>\n<li>http:\/\/www.sciencedirect.com\/science\/article\/pii\/S095894651100028X<\/li>\n<\/ul>\n<p>&nbsp;<\/p>\n<p>&nbsp;<\/p>\n","protected":false},"excerpt":{"rendered":"<p>O N\u00facleo de Excel\u00eancia em Materiais Ciment\u00edcios (NexMat) do LECIV\/UENF, que \u00e9 coordenado pelo Prof. Guilherme Cordeiro, \u00e9 um laborat\u00f3rio&#8230;<\/p>\n","protected":false},"author":15,"featured_media":0,"parent":2631,"menu_order":2,"comment_status":"closed","ping_status":"closed","template":"","meta":{"footnotes":""},"class_list":["post-2634","page","type-page","status-publish","hentry"],"_links":{"self":[{"href":"https:\/\/uenf.br\/cct\/leciv\/wp-json\/wp\/v2\/pages\/2634","targetHints":{"allow":["GET"]}}],"collection":[{"href":"https:\/\/uenf.br\/cct\/leciv\/wp-json\/wp\/v2\/pages"}],"about":[{"href":"https:\/\/uenf.br\/cct\/leciv\/wp-json\/wp\/v2\/types\/page"}],"author":[{"embeddable":true,"href":"https:\/\/uenf.br\/cct\/leciv\/wp-json\/wp\/v2\/users\/15"}],"replies":[{"embeddable":true,"href":"https:\/\/uenf.br\/cct\/leciv\/wp-json\/wp\/v2\/comments?post=2634"}],"version-history":[{"count":0,"href":"https:\/\/uenf.br\/cct\/leciv\/wp-json\/wp\/v2\/pages\/2634\/revisions"}],"up":[{"embeddable":true,"href":"https:\/\/uenf.br\/cct\/leciv\/wp-json\/wp\/v2\/pages\/2631"}],"wp:attachment":[{"href":"https:\/\/uenf.br\/cct\/leciv\/wp-json\/wp\/v2\/media?parent=2634"}],"curies":[{"name":"wp","href":"https:\/\/api.w.org\/{rel}","templated":true}]}}