{"id":274,"date":"2014-12-15T11:29:47","date_gmt":"2014-12-15T11:29:47","guid":{"rendered":"http:\/\/uenf.br\/cct\/leciv\/?page_id=274"},"modified":"2015-11-26T11:48:34","modified_gmt":"2015-11-26T11:48:34","slug":"projetos-de-iniciacao-cientifica","status":"publish","type":"page","link":"https:\/\/uenf.br\/cct\/leciv\/graduacao\/projetos-de-iniciacao-cientifica\/","title":{"rendered":"Projetos de Inicia\u00e7\u00e3o Cient\u00edfica"},"content":{"rendered":"<p><strong>Nos links abaixo, voc\u00ea poder\u00e1 conferir alguns projetos de Inicia\u00e7\u00e3o Cient\u00edfica.<\/strong><\/p>\n<p>&nbsp;<\/p>\n<p><a href=\"http:\/\/uenf.br\/cct\/leciv\/graduacao\/projetos-de-iniciacao-cientifica\/daniella-viana-rodrigues\/\">Daniella Viana Rodrigues<\/a><\/p>\n<p><a href=\"http:\/\/uenf.br\/cct\/leciv\/graduacao\/projetos-de-iniciacao-cientifica\/thais-ribeiro-barroso\/\">Thais Ribeiro Barroso<\/a><\/p>\n<p><a href=\"http:\/\/uenf.br\/cct\/leciv\/graduacao\/projetos-de-iniciacao-cientifica\/gabriel-ribeiro-de-melo-pereira-lima\/\">Gabriel Ribeiro de M\u00e9lo Pereira Lima<\/a><\/p>\n<p><a href=\"http:\/\/uenf.br\/cct\/leciv\/graduacao\/projetos-de-iniciacao-cientifica\/283-2\/\">Isabel Valad\u00e3o Crispim<\/a><\/p>\n<p><a href=\"http:\/\/uenf.br\/cct\/leciv\/graduacao\/projetos-de-iniciacao-cientifica\/leroy-cabrau-williams-e-moises-duarte-soares\/\">Leroy Cabrau Williams e Moises Duarte Soares<\/a><\/p>\n<p><a href=\"http:\/\/uenf.br\/cct\/leciv\/graduacao\/projetos-de-iniciacao-cientifica\/marconi-neves-sampaio-e-thiago-mussi-carrilho\/\">Marconi Neves Sampaio e Thiago Mussi Carrilho<\/a><\/p>\n<p><a href=\"http:\/\/uenf.br\/cct\/leciv\/graduacao\/projetos-de-iniciacao-cientifica\/jose-luiz-ernandes-dias-filho\/\">Jos\u00e9 Luiz Ernandes Dias Filho<\/a><\/p>\n<p><a href=\"http:\/\/uenf.br\/cct\/leciv\/graduacao\/projetos-de-iniciacao-cientifica\/mariana-francisca-piraciaba-peixoto\/\">Mariana Francisca Piraciaba Peixoto<\/a><\/p>\n<p><a href=\"http:\/\/uenf.br\/cct\/leciv\/graduacao\/projetos-de-iniciacao-cientifica\/cristiano-pena-miller\/\">Cristiano Pena Miller<\/a><\/p>\n<p><a href=\"http:\/\/uenf.br\/cct\/leciv\/graduacao\/projetos-de-iniciacao-cientifica\/joadelio-chagas-soares\/\">Joadelio Chagas Soares<\/a><\/p>\n<p><a href=\"http:\/\/uenf.br\/cct\/leciv\/graduacao\/projetos-de-iniciacao-cientifica\/gustavo-costa-da-silva\/\">Gustavo Costa da Silva<\/a><\/p>\n<p><a href=\"http:\/\/uenf.br\/cct\/leciv\/graduacao\/projetos-de-iniciacao-cientifica\/cristiano-pena-miller-2\/\">Cristiano Pena Miller<\/a><\/p>\n<p><a href=\"http:\/\/uenf.br\/cct\/leciv\/graduacao\/projetos-de-iniciacao-cientifica\/augusto-antunes-dos-santos\/\">Augusto Antunes dos Santos<\/a><\/p>\n<p><a href=\"http:\/\/uenf.br\/cct\/leciv\/graduacao\/projetos-de-iniciacao-cientifica\/augusto-antunes-dos-santos-2\/\">Augusto Antunes dos Santos<\/a><\/p>\n<p><a href=\"http:\/\/uenf.br\/cct\/leciv\/graduacao\/projetos-de-iniciacao-cientifica\/raquel-ofrante-salles\/\">Raquel Ofrante Salles<\/a><\/p>\n<p><a href=\"http:\/\/uenf.br\/cct\/leciv\/graduacao\/projetos-de-iniciacao-cientifica\/bruno-magno-gomes-ramos\/\">Bruno Magno Gomes Ramos<\/a><\/p>\n<p><a href=\"http:\/\/uenf.br\/cct\/leciv\/graduacao\/projetos-de-iniciacao-cientifica\/maikon-caetano-ramos-pessanha\/\">Maikon Caetano Ramos Pessanha<\/a><\/p>\n<p><a href=\"http:\/\/uenf.br\/cct\/leciv\/graduacao\/projetos-de-iniciacao-cientifica\/alex-mota-soares-e-joadelio-chagas-soares\/\">Alex Mota Soares e Joadelio Chagas Soares<\/a><\/p>\n<p><a href=\"http:\/\/uenf.br\/cct\/leciv\/graduacao\/projetos-de-iniciacao-cientifica\/paula-fernandes-da-silva\/\">Paula Fernandes da Silva<\/a><\/p>\n<p><a href=\"http:\/\/uenf.br\/cct\/leciv\/graduacao\/projetos-de-iniciacao-cientifica\/paula-fernandes-da-silva-e-rodrigo-goncalves-farias\/\">Paula Fernandes da Silva e Rodrigo Gon\u00e7alves Farias<\/a><\/p>\n<p><a href=\"http:\/\/uenf.br\/cct\/leciv\/graduacao\/projetos-de-iniciacao-cientifica\/caroline-espinosa-viana-e-patricia-helena-barbosa-azevedo\/\">Caroline Espinosa Viana e Patricia Helena Barbosa Azevedo<\/a><\/p>\n<p><a href=\"http:\/\/uenf.br\/cct\/leciv\/graduacao\/projetos-de-iniciacao-cientifica\/leandro-rosa-barbosa\/\">Leandro Rosa Barbosa<\/a><\/p>\n<p><a href=\"http:\/\/uenf.br\/cct\/leciv\/graduacao\/projetos-de-iniciacao-cientifica\/aline-dias-pinheiro\/\">Aline Dias Pinheiro<\/a><\/p>\n<p><a href=\"http:\/\/uenf.br\/cct\/leciv\/graduacao\/projetos-de-iniciacao-cientifica\/bruno-magno-gomes-ramos-2\/\">Bruno Magno Gomes Ramos<\/a><\/p>\n<p><a href=\"http:\/\/uenf.br\/cct\/leciv\/graduacao\/projetos-de-iniciacao-cientifica\/rodrigo-de-brito-antunes\/\">Rodrigo de Brito Antunes<\/a><\/p>\n<p><a href=\"http:\/\/uenf.br\/cct\/leciv\/graduacao\/projetos-de-iniciacao-cientifica\/jair-goncalves-de-oliveira-borges\/\">Jair Gon\u00e7alves de Oliveira Borges<\/a><\/p>\n<p><a href=\"http:\/\/uenf.br\/cct\/leciv\/graduacao\/projetos-de-iniciacao-cientifica\/felipe-fontes-sodre\/\">Felipe Fontes Sodr\u00e9<\/a><\/p>\n<p><a href=\"http:\/\/uenf.br\/cct\/leciv\/graduacao\/projetos-de-iniciacao-cientifica\/maria-fernanda-soares-petruci-terra\/\">Maria Fernanda Soares Petruci Terra<\/a><\/p>\n<p><a href=\"http:\/\/uenf.br\/cct\/leciv\/graduacao\/projetos-de-iniciacao-cientifica\/aline-de-azevedo-dias\/\">Aline de Azevedo Dias<\/a><\/p>\n<p><a href=\"http:\/\/uenf.br\/cct\/leciv\/graduacao\/projetos-de-iniciacao-cientifica\/augusto-antunes-dos-santos-3\/\">Augusto Antunes dos Santos<\/a><\/p>\n<p><a href=\"http:\/\/uenf.br\/cct\/leciv\/graduacao\/projetos-de-iniciacao-cientifica\/camila-aparecida-abelha-rocha\/\">Camila Aparecida Abelha Rocha<\/a><\/p>\n<p><a href=\"http:\/\/uenf.br\/cct\/leciv\/graduacao\/projetos-de-iniciacao-cientifica\/rennan-feres-valinho\/\">Rennan Feres Valinho<\/a><\/p>\n","protected":false},"excerpt":{"rendered":"<p>Nos links abaixo, voc\u00ea poder\u00e1 conferir alguns projetos de Inicia\u00e7\u00e3o Cient\u00edfica. &nbsp; Daniella Viana Rodrigues Thais Ribeiro Barroso Gabriel Ribeiro&#8230;<\/p>\n","protected":false},"author":8,"featured_media":0,"parent":33,"menu_order":11,"comment_status":"open","ping_status":"open","template":"","meta":{"footnotes":""},"class_list":["post-274","page","type-page","status-publish","hentry"],"_links":{"self":[{"href":"https:\/\/uenf.br\/cct\/leciv\/wp-json\/wp\/v2\/pages\/274","targetHints":{"allow":["GET"]}}],"collection":[{"href":"https:\/\/uenf.br\/cct\/leciv\/wp-json\/wp\/v2\/pages"}],"about":[{"href":"https:\/\/uenf.br\/cct\/leciv\/wp-json\/wp\/v2\/types\/page"}],"author":[{"embeddable":true,"href":"https:\/\/uenf.br\/cct\/leciv\/wp-json\/wp\/v2\/users\/8"}],"replies":[{"embeddable":true,"href":"https:\/\/uenf.br\/cct\/leciv\/wp-json\/wp\/v2\/comments?post=274"}],"version-history":[{"count":0,"href":"https:\/\/uenf.br\/cct\/leciv\/wp-json\/wp\/v2\/pages\/274\/revisions"}],"up":[{"embeddable":true,"href":"https:\/\/uenf.br\/cct\/leciv\/wp-json\/wp\/v2\/pages\/33"}],"wp:attachment":[{"href":"https:\/\/uenf.br\/cct\/leciv\/wp-json\/wp\/v2\/media?parent=274"}],"curies":[{"name":"wp","href":"https:\/\/api.w.org\/{rel}","templated":true}]}}