{"id":277,"date":"2014-12-15T11:31:19","date_gmt":"2014-12-15T11:31:19","guid":{"rendered":"http:\/\/uenf.br\/cct\/leciv\/?page_id=277"},"modified":"2015-11-13T19:16:38","modified_gmt":"2015-11-13T19:16:38","slug":"daniella-viana-rodrigues","status":"publish","type":"page","link":"https:\/\/uenf.br\/cct\/leciv\/graduacao\/projetos-de-iniciacao-cientifica\/daniella-viana-rodrigues\/","title":{"rendered":"Daniella Viana Rodrigues"},"content":{"rendered":"<p><strong>Estudo da Altera\u00e7\u00e3o de Materiais de Constru\u00e7\u00e3o: Cer\u00e2micos Vermelhos Incorporados com Res\u00edduo de Granito<br \/>\n<\/strong><\/p>\n<p><em>In\u00edcio<\/em>: 01\/06\/2009<br \/>\n<em>T\u00e9rmino<\/em>: 30\/05\/2010<br \/>\n<em>Professor<\/em>: Gustavo de Castro Xavier<br \/>\n<em>Resumo<\/em>: A Engenharia Civil emprega diferentes tipos de materiais de constru\u00e7\u00e3o. Entretanto, alguns materiais de constru\u00e7\u00e3o ficam expostos ao meio, e assim sujeitos as modifica\u00e7\u00f5es de suas caracter\u00edsticas pela a\u00e7\u00e3o dos agentes de degrada\u00e7\u00e3o, comprometendo a durabilidade da obra.<br \/>\nDentre os materiais de constru\u00e7\u00e3o, o material cer\u00e2mico se destaca pela freq\u00fcente presen\u00e7a e utiliza\u00e7\u00e3o nas constru\u00e7\u00f5es, principalmente os de cer\u00e2mica vermelha da regi\u00e3o de Campos dos Goytacazes-RJ.<br \/>\nO material cer\u00e2mico vermelho ap\u00f3s a aplica\u00e7\u00e3o em uma obra passa a sofrer transforma\u00e7\u00f5es buscando uma nova condi\u00e7\u00e3o de equil\u00edbrio no meio ambiente.<br \/>\nOs materiais cer\u00e2micos s\u00e3o provavelmente os mais utilizados na constru\u00e7\u00e3o civil. Devido aos processos de fabrica\u00e7\u00e3o e as caracter\u00edsticas da mat\u00e9ria-prima, os materiais cer\u00e2micos podem ser afetados significativamente pelos agentes de altera\u00e7\u00e3o, o que ocasiona freq\u00fcentes problemas construtivos.<br \/>\nO principal objetivo deste trabalho \u00e9 o estudo do comportamento de cer\u00e2micos vermelhos da regi\u00e3o de Campos dos Goytacazes-RJ incorporados com res\u00edduo de granito, quando submetidos aos agentes atmosf\u00e9ricos e por degrada\u00e7\u00e3o de laborat\u00f3rio. O res\u00edduo \u00e9 proveniente das ind\u00fastrias de rochas ornamentais de Cachoeiro de Itapemirim-ES.<br \/>\nPalavras-chave: Cer\u00e2mica vermelha, res\u00edduo de granito, degrada\u00e7\u00e3o, durabilidade<\/p>\n","protected":false},"excerpt":{"rendered":"<p>Estudo da Altera\u00e7\u00e3o de Materiais de Constru\u00e7\u00e3o: Cer\u00e2micos Vermelhos Incorporados com Res\u00edduo de Granito In\u00edcio: 01\/06\/2009 T\u00e9rmino: 30\/05\/2010 Professor: Gustavo&#8230;<\/p>\n","protected":false},"author":8,"featured_media":0,"parent":274,"menu_order":1,"comment_status":"open","ping_status":"open","template":"","meta":{"footnotes":""},"class_list":["post-277","page","type-page","status-publish","hentry"],"_links":{"self":[{"href":"https:\/\/uenf.br\/cct\/leciv\/wp-json\/wp\/v2\/pages\/277","targetHints":{"allow":["GET"]}}],"collection":[{"href":"https:\/\/uenf.br\/cct\/leciv\/wp-json\/wp\/v2\/pages"}],"about":[{"href":"https:\/\/uenf.br\/cct\/leciv\/wp-json\/wp\/v2\/types\/page"}],"author":[{"embeddable":true,"href":"https:\/\/uenf.br\/cct\/leciv\/wp-json\/wp\/v2\/users\/8"}],"replies":[{"embeddable":true,"href":"https:\/\/uenf.br\/cct\/leciv\/wp-json\/wp\/v2\/comments?post=277"}],"version-history":[{"count":0,"href":"https:\/\/uenf.br\/cct\/leciv\/wp-json\/wp\/v2\/pages\/277\/revisions"}],"up":[{"embeddable":true,"href":"https:\/\/uenf.br\/cct\/leciv\/wp-json\/wp\/v2\/pages\/274"}],"wp:attachment":[{"href":"https:\/\/uenf.br\/cct\/leciv\/wp-json\/wp\/v2\/media?parent=277"}],"curies":[{"name":"wp","href":"https:\/\/api.w.org\/{rel}","templated":true}]}}