{"id":279,"date":"2014-12-15T11:32:35","date_gmt":"2014-12-15T11:32:35","guid":{"rendered":"http:\/\/uenf.br\/cct\/leciv\/?page_id=279"},"modified":"2015-11-13T19:17:31","modified_gmt":"2015-11-13T19:17:31","slug":"thais-ribeiro-barroso","status":"publish","type":"page","link":"https:\/\/uenf.br\/cct\/leciv\/graduacao\/projetos-de-iniciacao-cientifica\/thais-ribeiro-barroso\/","title":{"rendered":"Thais Ribeiro Barroso"},"content":{"rendered":"<p align=\"justify\"><strong>Aplica\u00e7\u00e3o do M\u00e9todo dos Elementos Finitos a Problemas Geot\u00e9cnicos<\/strong><\/p>\n<p align=\"justify\"><em>In\u00edcio<\/em>: 03\/2007<br \/>\n<em>T\u00e9rmino<\/em>: 03\/2008<br \/>\n<em>Professor<\/em>: Aldo Durand F\u00e1rfan<br \/>\n<em>Resumo<\/em>: H\u00e1 50 anos, projetos de barragens com solos se baseavam quase exclusivamente em regras emp\u00edricas que os construtores transmitiam por tradi\u00e7\u00e3o. Com o surgimento da Mec\u00e2nica dos Solos, o conhecimento do comportamento dos materiais geol\u00f3gicos foi poss\u00edvel. Portanto, hoje \u00e9 poss\u00edvel incorporar as propriedades hidr\u00e1ulicas, leis constitutivas e crit\u00e9rios de ruptura destes materiais nos projetos de barragens.<br \/>\nAs bases para uma an\u00e1lise racional dos problemas pr\u00e1ticos, que tratam de infiltra\u00e7\u00e3o de \u00e1gua atrav\u00e9s dos solos, foram estabelecidas por Darcy. Posteriormente a Darcy, Forchheimer desenvolveu um m\u00e9todo gr\u00e1fico para a solu\u00e7\u00e3o da equa\u00e7\u00e3o de fluxo (Redes de Fluxo).<br \/>\nUma rede de Fluxo \u00e9 formada pelo conjunto das linhas de fluxo e equipotenciais. Linhas de fluxo s\u00e3o linhas imagin\u00e1rias que representam o caminho percorrido por uma part\u00edcula no meio poroso saturado. Linhas equipotenciais s\u00e3o linhas que representam valores iguais de carga hidr\u00e1ulica em toda extens\u00e3o. O fluxo ocorre da linha equipotencial de maior valor para a linha equipotencial de menor valor. As linhas equipotenciais e as linhas de fluxo s\u00e3o fam\u00edlias de curvas ortogonais entre si.<br \/>\nO fluxo de \u00e1gua atrav\u00e9s de maci\u00e7os de solo constitui um dos casos de maior import\u00e2ncia na aplica\u00e7\u00e3o da teoria de fluxo de \u00e1gua nos problemas pr\u00e1ticos.<br \/>\nAs redes de fluxo adequadas \u00e0s condi\u00e7\u00f5es de fronteira, num maci\u00e7o de terra, possibilitam determinar a vaz\u00e3o perdida na percola\u00e7\u00e3o, os gradientes hidr\u00e1ulicos, as velocidades da \u00e1gua em qualquer ponto, as press\u00f5es hidrost\u00e1ticas, entre outros.<br \/>\nOutro fator relevante neste trabalho \u00e9 a an\u00e1lise da estabilidade de taludes, a qual incorpora resultados da rede de fluxo para esta an\u00e1lise (carga hidr\u00e1ulica). Os m\u00e9todos para o estudo da estabilidade de taludes baseiam-se na hip\u00f3tese de haver equil\u00edbrio numa massa de solo, tomada como corpo r\u00edgido-pl\u00e1stico, na imin\u00eancia de entrar em um processo de escorregamento. Com isso, a denomina\u00e7\u00e3o geral de m\u00e9todos de equil\u00edbrio-limite (m\u00e9todo de Fellenius, m\u00e9todo de Bishop, m\u00e9todo de Bishop Simplificado, entre outros).<br \/>\nTais m\u00e9todos trabalham com a id\u00e9ia das linhas de ruptura serem aproximadamente circulares e que o escorregamento ocorre de tal modo que a massa de solo instabilizada se fragmenta em fatias ou lamelas, com faces verticais, levando em conta tamb\u00e9m \u00e0 coes\u00e3o na resist\u00eancia ao cisalhamento do solo.<br \/>\nNo estudo de estabilidade de taludes, costuma-se definir o coeficiente de seguran\u00e7a (F) como a rela\u00e7\u00e3o entre a resist\u00eancia ao cisalhamento do solo e a tens\u00e3o cisalhante atuante ou resist\u00eancia mobilizada (obtida atrav\u00e9s das equa\u00e7\u00f5es de equil\u00edbrio).<br \/>\nNo presente trabalho, foi feita uma an\u00e1lise do comportamento do fluxo em um maci\u00e7o de solo e da estabilidade de uma barragem homog\u00eanea e outra heterog\u00eanea (Barragem de Xavantes). Para isso, foi utilizado o programa comercial ANSYS que resolve equa\u00e7\u00f5es diferenciais numericamente, fornece a rela\u00e7\u00e3o tens\u00e3o-deforma\u00e7\u00e3o, al\u00e9m de abranger outros temas que n\u00e3o \u00e9 de interesse do nosso estudo. Os resultados s\u00e3o apresentados numa interface gr\u00e1fica no ambiente Windows. Foi utilizado tamb\u00e9m um outro programa comercial GEOSLOPE, para confirmar os resultados (da barragem homog\u00eanea) encontrados no ANSYS.<\/p>\n","protected":false},"excerpt":{"rendered":"<p>Aplica\u00e7\u00e3o do M\u00e9todo dos Elementos Finitos a Problemas Geot\u00e9cnicos In\u00edcio: 03\/2007 T\u00e9rmino: 03\/2008 Professor: Aldo Durand F\u00e1rfan Resumo: H\u00e1 50&#8230;<\/p>\n","protected":false},"author":8,"featured_media":0,"parent":274,"menu_order":2,"comment_status":"open","ping_status":"open","template":"","meta":{"footnotes":""},"class_list":["post-279","page","type-page","status-publish","hentry"],"_links":{"self":[{"href":"https:\/\/uenf.br\/cct\/leciv\/wp-json\/wp\/v2\/pages\/279","targetHints":{"allow":["GET"]}}],"collection":[{"href":"https:\/\/uenf.br\/cct\/leciv\/wp-json\/wp\/v2\/pages"}],"about":[{"href":"https:\/\/uenf.br\/cct\/leciv\/wp-json\/wp\/v2\/types\/page"}],"author":[{"embeddable":true,"href":"https:\/\/uenf.br\/cct\/leciv\/wp-json\/wp\/v2\/users\/8"}],"replies":[{"embeddable":true,"href":"https:\/\/uenf.br\/cct\/leciv\/wp-json\/wp\/v2\/comments?post=279"}],"version-history":[{"count":0,"href":"https:\/\/uenf.br\/cct\/leciv\/wp-json\/wp\/v2\/pages\/279\/revisions"}],"up":[{"embeddable":true,"href":"https:\/\/uenf.br\/cct\/leciv\/wp-json\/wp\/v2\/pages\/274"}],"wp:attachment":[{"href":"https:\/\/uenf.br\/cct\/leciv\/wp-json\/wp\/v2\/media?parent=279"}],"curies":[{"name":"wp","href":"https:\/\/api.w.org\/{rel}","templated":true}]}}