{"id":281,"date":"2014-12-15T11:33:20","date_gmt":"2014-12-15T11:33:20","guid":{"rendered":"http:\/\/uenf.br\/cct\/leciv\/?page_id=281"},"modified":"2015-11-13T19:21:58","modified_gmt":"2015-11-13T19:21:58","slug":"gabriel-ribeiro-de-melo-pereira-lima","status":"publish","type":"page","link":"https:\/\/uenf.br\/cct\/leciv\/graduacao\/projetos-de-iniciacao-cientifica\/gabriel-ribeiro-de-melo-pereira-lima\/","title":{"rendered":"Gabriel Ribeiro de M\u00e9lo Pereira Lima"},"content":{"rendered":"<p><strong>Verifica\u00e7\u00e3o das Caracter\u00edsticas Geom\u00e9tricas e Resistentes dos Elementos Constituintes dos Modelos de Bielas e Tirantes atrav\u00e9s de Ensaios e Simula\u00e7\u00f5es Computacionais\u00a0<\/strong><\/p>\n<p><em>Professor:<\/em> Sergio Luis Gonz\u00e1lez Garcia<br \/>\n<em>Resumo:<\/em> Os modelos de Bielas e Tirantes s\u00e3o uma ferramenta revolucion\u00e1ria e racional de dimensionamento de regi\u00f5es de descontinuidade (\u201cregi\u00f5es D\u201d) no dimensionamento de elementos de concreto. As \u201cregi\u00f5es D\u201d s\u00e3o parte das estruturas onde existe uma complexa distribui\u00e7\u00e3o de tens\u00f5es e deforma\u00e7\u00f5es, onde o principio de BERNULLI n\u00e3o \u00e9 aplicado, tais como as vigas &#8211; paredes, uni\u00f5es entre elementos, m\u00edsulas curtas, elementos com descontinuidades f\u00edsicas, cargas concentradas aplicadas em \u00e1reas pequenas, etc.<br \/>\nEste Projeto de pesquisa visa entre outras coisas: verificar atrav\u00e9s de ensaios de elementos de concreto armado a capacidade de carga de bielas e n\u00f3s; definir a geometria das bielas e zonas nodais; definir a ancoragem da armadura do tirante; definir geometrias de treli\u00e7a e suas dimens\u00f5es; implementar o uso de treli\u00e7as estaticamente indeterminadas; realizar\u00a0simula\u00e7\u00f5es computacionais para aferir e calibrar os modelos e resultados dos ensaios.<\/p>\n","protected":false},"excerpt":{"rendered":"<p>Verifica\u00e7\u00e3o das Caracter\u00edsticas Geom\u00e9tricas e Resistentes dos Elementos Constituintes dos Modelos de Bielas e Tirantes atrav\u00e9s de Ensaios e Simula\u00e7\u00f5es&#8230;<\/p>\n","protected":false},"author":8,"featured_media":0,"parent":274,"menu_order":3,"comment_status":"open","ping_status":"open","template":"","meta":{"footnotes":""},"class_list":["post-281","page","type-page","status-publish","hentry"],"_links":{"self":[{"href":"https:\/\/uenf.br\/cct\/leciv\/wp-json\/wp\/v2\/pages\/281","targetHints":{"allow":["GET"]}}],"collection":[{"href":"https:\/\/uenf.br\/cct\/leciv\/wp-json\/wp\/v2\/pages"}],"about":[{"href":"https:\/\/uenf.br\/cct\/leciv\/wp-json\/wp\/v2\/types\/page"}],"author":[{"embeddable":true,"href":"https:\/\/uenf.br\/cct\/leciv\/wp-json\/wp\/v2\/users\/8"}],"replies":[{"embeddable":true,"href":"https:\/\/uenf.br\/cct\/leciv\/wp-json\/wp\/v2\/comments?post=281"}],"version-history":[{"count":0,"href":"https:\/\/uenf.br\/cct\/leciv\/wp-json\/wp\/v2\/pages\/281\/revisions"}],"up":[{"embeddable":true,"href":"https:\/\/uenf.br\/cct\/leciv\/wp-json\/wp\/v2\/pages\/274"}],"wp:attachment":[{"href":"https:\/\/uenf.br\/cct\/leciv\/wp-json\/wp\/v2\/media?parent=281"}],"curies":[{"name":"wp","href":"https:\/\/api.w.org\/{rel}","templated":true}]}}