{"id":283,"date":"2014-12-15T11:33:27","date_gmt":"2014-12-15T11:33:27","guid":{"rendered":"http:\/\/uenf.br\/cct\/leciv\/?page_id=283"},"modified":"2015-11-13T19:13:24","modified_gmt":"2015-11-13T19:13:24","slug":"283-2","status":"publish","type":"page","link":"https:\/\/uenf.br\/cct\/leciv\/graduacao\/projetos-de-iniciacao-cientifica\/283-2\/","title":{"rendered":"Isabel Valad\u00e3o Crispim"},"content":{"rendered":"<p><strong>Avalia\u00e7\u00e3o dos Procedimentos de Laborat\u00f3rio para\u00a0Determina\u00e7\u00e3o de Par\u00e2metros de Projeto de Aterros de Enrocamento<\/strong><\/p>\n<p><em>Professor:<\/em> Paulo C\u00e9sar de Almeida Maia<br \/>\n<em>Resumo:<\/em> Uma linha de pesquisa dedicada \u00e0 avalia\u00e7\u00e3o do comportamento de enrocamentos vem sendo iniciada no Laborat\u00f3rio de Engenharia Civil da UENF. Nesta linha de pesquisa procuram-se coletar dados e informa\u00e7\u00f5es sobre ensaios executados em enrocamentos com o objetivo de aprimoramento de procedimentos de laborat\u00f3rio para estudos experimentais desses materiais. Destaca-se que a avalia\u00e7\u00e3o experimental dos materiais de enrocamento \u00e9 de dif\u00edcil determina\u00e7\u00e3o em laborat\u00f3rio devido, especialmente, \u00e0 grande dimens\u00e3o dos corpos de prova.<br \/>\nNeste sentido, este projeto em particular tem por objetivo fazer o levantamento bibliogr\u00e1fico dos diversos tipos de equipamento e procedimentos de ensaios existentes para a avalia\u00e7\u00e3o do comportamento de enrocamentos no laborat\u00f3rio. Assim, este trabalho vai permitir agrupar informa\u00e7\u00e3o fundamentais para o desenvolvimentos ou aprimoramento de procedimentos de laborat\u00f3rio a fim de se obterem par\u00e2metros de comportamento de enrocamentos mais representativos da condi\u00e7\u00e3o de campo.<\/p>\n","protected":false},"excerpt":{"rendered":"<p>Avalia\u00e7\u00e3o dos Procedimentos de Laborat\u00f3rio para\u00a0Determina\u00e7\u00e3o de Par\u00e2metros de Projeto de Aterros de Enrocamento Professor: Paulo C\u00e9sar de Almeida Maia&#8230;<\/p>\n","protected":false},"author":8,"featured_media":0,"parent":274,"menu_order":4,"comment_status":"open","ping_status":"open","template":"","meta":{"footnotes":""},"class_list":["post-283","page","type-page","status-publish","hentry"],"_links":{"self":[{"href":"https:\/\/uenf.br\/cct\/leciv\/wp-json\/wp\/v2\/pages\/283","targetHints":{"allow":["GET"]}}],"collection":[{"href":"https:\/\/uenf.br\/cct\/leciv\/wp-json\/wp\/v2\/pages"}],"about":[{"href":"https:\/\/uenf.br\/cct\/leciv\/wp-json\/wp\/v2\/types\/page"}],"author":[{"embeddable":true,"href":"https:\/\/uenf.br\/cct\/leciv\/wp-json\/wp\/v2\/users\/8"}],"replies":[{"embeddable":true,"href":"https:\/\/uenf.br\/cct\/leciv\/wp-json\/wp\/v2\/comments?post=283"}],"version-history":[{"count":0,"href":"https:\/\/uenf.br\/cct\/leciv\/wp-json\/wp\/v2\/pages\/283\/revisions"}],"up":[{"embeddable":true,"href":"https:\/\/uenf.br\/cct\/leciv\/wp-json\/wp\/v2\/pages\/274"}],"wp:attachment":[{"href":"https:\/\/uenf.br\/cct\/leciv\/wp-json\/wp\/v2\/media?parent=283"}],"curies":[{"name":"wp","href":"https:\/\/api.w.org\/{rel}","templated":true}]}}