{"id":286,"date":"2014-12-15T11:35:20","date_gmt":"2014-12-15T11:35:20","guid":{"rendered":"http:\/\/uenf.br\/cct\/leciv\/?page_id=286"},"modified":"2015-11-13T19:14:56","modified_gmt":"2015-11-13T19:14:56","slug":"leroy-cabrau-williams-e-moises-duarte-soares","status":"publish","type":"page","link":"https:\/\/uenf.br\/cct\/leciv\/graduacao\/projetos-de-iniciacao-cientifica\/leroy-cabrau-williams-e-moises-duarte-soares\/","title":{"rendered":"Leroy Cabrau Williams e Moises Duarte Soares"},"content":{"rendered":"<p><strong>Comportamento de Funda\u00e7\u00f5es na Regi\u00e3o de\u00a0Campos dos Goytacazes &#8211; RJ<\/strong><\/p>\n<p><em>Professor:<\/em>\u00a0Paulo C\u00e9sar\u00a0de Almeida Maia<br \/>\n<em>Resumo:<\/em>\u00a0Uma linha de pesquisa implantada pelo Laborat\u00f3rio de Engenharia Civil da UENF em 2002 \u00e9 dedicada \u00e0 avalia\u00e7\u00e3o das obras de funda\u00e7\u00e3o na Regi\u00e3o Urbana de Campos dos Goytacazes. Esta regi\u00e3o possui subsolo constitu\u00eddo por materiais diversos, caracter\u00edsticos de dep\u00f3sitos aluviais. Na Regi\u00e3o nota-se, freq\u00fcentemente, a presen\u00e7a de espessas camadas de argilas moles ou areias fofas. Estas caracter\u00edsticas dificultam a defini\u00e7\u00e3o e avalia\u00e7\u00e3o das obras de funda\u00e7\u00e3o das edifica\u00e7\u00f5es na Regi\u00e3o. Neste sentido, este projeto em particular tem por objetivo fazer o acompanhamento do comportamento das funda\u00e7\u00f5es durante e ap\u00f3s a execu\u00e7\u00e3o da obra. Pretende-se atrav\u00e9s deste projeto implementar um banco de dados com importantes informa\u00e7\u00f5es sobre as funda\u00e7\u00f5es, tais como: a medida de repique e nega durante a crava\u00e7\u00e3o de estacas; a monitora\u00e7\u00e3o dos recalque de edifica\u00e7\u00f5es durante e p\u00f3s-constru\u00e7\u00e3o; sondagens; laudos de crava\u00e7\u00e3o; provas de carga, dentre outras. Tais informa\u00e7\u00e3o ir\u00e3o permitir avaliar a intera\u00e7\u00e3o solo-estrutura que ocorre nos edif\u00edcios da Regi\u00e3o. Para isto o projeto prev\u00ea a implementa\u00e7\u00e3o de novos procedimentos de campo e de novos equipamentos para permitir o melhor controle de qualidades das obras de funda\u00e7\u00f5es.<\/p>\n","protected":false},"excerpt":{"rendered":"<p>Comportamento de Funda\u00e7\u00f5es na Regi\u00e3o de\u00a0Campos dos Goytacazes &#8211; RJ Professor:\u00a0Paulo C\u00e9sar\u00a0de Almeida Maia Resumo:\u00a0Uma linha de pesquisa implantada pelo&#8230;<\/p>\n","protected":false},"author":8,"featured_media":0,"parent":274,"menu_order":5,"comment_status":"open","ping_status":"open","template":"","meta":{"footnotes":""},"class_list":["post-286","page","type-page","status-publish","hentry"],"_links":{"self":[{"href":"https:\/\/uenf.br\/cct\/leciv\/wp-json\/wp\/v2\/pages\/286","targetHints":{"allow":["GET"]}}],"collection":[{"href":"https:\/\/uenf.br\/cct\/leciv\/wp-json\/wp\/v2\/pages"}],"about":[{"href":"https:\/\/uenf.br\/cct\/leciv\/wp-json\/wp\/v2\/types\/page"}],"author":[{"embeddable":true,"href":"https:\/\/uenf.br\/cct\/leciv\/wp-json\/wp\/v2\/users\/8"}],"replies":[{"embeddable":true,"href":"https:\/\/uenf.br\/cct\/leciv\/wp-json\/wp\/v2\/comments?post=286"}],"version-history":[{"count":0,"href":"https:\/\/uenf.br\/cct\/leciv\/wp-json\/wp\/v2\/pages\/286\/revisions"}],"up":[{"embeddable":true,"href":"https:\/\/uenf.br\/cct\/leciv\/wp-json\/wp\/v2\/pages\/274"}],"wp:attachment":[{"href":"https:\/\/uenf.br\/cct\/leciv\/wp-json\/wp\/v2\/media?parent=286"}],"curies":[{"name":"wp","href":"https:\/\/api.w.org\/{rel}","templated":true}]}}