{"id":288,"date":"2014-12-15T11:35:53","date_gmt":"2014-12-15T11:35:53","guid":{"rendered":"http:\/\/uenf.br\/cct\/leciv\/?page_id=288"},"modified":"2015-11-13T19:22:27","modified_gmt":"2015-11-13T19:22:27","slug":"marconi-neves-sampaio-e-thiago-mussi-carrilho","status":"publish","type":"page","link":"https:\/\/uenf.br\/cct\/leciv\/graduacao\/projetos-de-iniciacao-cientifica\/marconi-neves-sampaio-e-thiago-mussi-carrilho\/","title":{"rendered":"Marconi Neves Sampaio e Thiago Mussi Carrilho"},"content":{"rendered":"<p><strong>Estudo de Degrada\u00e7\u00e3o em Geossint\u00e9ticos<\/strong><\/p>\n<p><em>Professor:<\/em> Paulo C\u00e9sar de Almeida Maia<br \/>\n<em>Resumo:<\/em> Esta pesquisa de inicia\u00e7\u00e3o cient\u00edfica tem por objetivo dar continuidades ao estudo sobre a degrada\u00e7\u00e3o em materiais geossint\u00e9ticos que v\u00eam sendo desenvolvido no Laborat\u00f3rio de Engenharia Civil \u2013 LECIV da UENF. Esta pesquisa se justifica pela freq\u00fcente aplica\u00e7\u00e3o destes materiais na Engenharia Geot\u00e9cnica. Al\u00e9m disto, pouco se sabe a respeito da varia\u00e7\u00e3o do comportamento destes materiais com o tempo, provocada pelos agentes de degrada\u00e7\u00e3o do meio ambiente ex\u00f3geno. Na pesquisa, em sua totalidade, s\u00e3o considerados cinco tipos de procedimentos de degrada\u00e7\u00e3o: natural no campo; lixivia\u00e7\u00e3o cont\u00ednua em equipamento Soxhlet; lixivia\u00e7\u00e3o cont\u00ednua em equipamento de degrada\u00e7\u00e3o desenvolvido no LECIV; ciclos de satura\u00e7\u00e3o em \u00e1gua destilada e secagem em estufa; ciclos de exposi\u00e7\u00e3o \u00e0 radia\u00e7\u00e3o ultravioleta e condensa\u00e7\u00e3o; e exposi\u00e7\u00e3o \u00e0 n\u00e9voa salina. Os materiais utilizados na pesquisa foram fornecidos pela Huesker, empresa fabricante de geossint\u00e9ticos no Brasil, que mant\u00e9m financeiramente e incentiva a pesquisa. Neste trabalho, particularmente, ser\u00e3o produzidas amostras de oito diferentes tipos de geossint\u00e9ticos com diferentes intensidades de degrada\u00e7\u00e3o no laborat\u00f3rio ou no campo. No laborat\u00f3rio, a princ\u00edpio, ser\u00e3o utilizados somente os procedimentos por ciclos de satura\u00e7\u00e3o em \u00e1gua destilada e secagem em estufa e por lixivia\u00e7\u00e3o cont\u00ednua em equipamento Soxhlet e no equipamento de degrada\u00e7\u00e3o desenvolvido no LECIV. Nos materiais degradados ser\u00e3o determinas as resist\u00eancias \u00e0 tra\u00e7\u00e3o e carga de puncionamento para avalia\u00e7\u00e3o dos efeitos da degrada\u00e7\u00e3o. No atual est\u00e1gio da pesquisa, os materiais est\u00e3o em processo de degrada\u00e7\u00e3o natural no campo e amostras est\u00e3o sendo preparadas para degrada\u00e7\u00e3o no laborat\u00f3rio.<\/p>\n","protected":false},"excerpt":{"rendered":"<p>Estudo de Degrada\u00e7\u00e3o em Geossint\u00e9ticos Professor: Paulo C\u00e9sar de Almeida Maia Resumo: Esta pesquisa de inicia\u00e7\u00e3o cient\u00edfica tem por objetivo&#8230;<\/p>\n","protected":false},"author":8,"featured_media":0,"parent":274,"menu_order":6,"comment_status":"open","ping_status":"open","template":"","meta":{"footnotes":""},"class_list":["post-288","page","type-page","status-publish","hentry"],"_links":{"self":[{"href":"https:\/\/uenf.br\/cct\/leciv\/wp-json\/wp\/v2\/pages\/288","targetHints":{"allow":["GET"]}}],"collection":[{"href":"https:\/\/uenf.br\/cct\/leciv\/wp-json\/wp\/v2\/pages"}],"about":[{"href":"https:\/\/uenf.br\/cct\/leciv\/wp-json\/wp\/v2\/types\/page"}],"author":[{"embeddable":true,"href":"https:\/\/uenf.br\/cct\/leciv\/wp-json\/wp\/v2\/users\/8"}],"replies":[{"embeddable":true,"href":"https:\/\/uenf.br\/cct\/leciv\/wp-json\/wp\/v2\/comments?post=288"}],"version-history":[{"count":0,"href":"https:\/\/uenf.br\/cct\/leciv\/wp-json\/wp\/v2\/pages\/288\/revisions"}],"up":[{"embeddable":true,"href":"https:\/\/uenf.br\/cct\/leciv\/wp-json\/wp\/v2\/pages\/274"}],"wp:attachment":[{"href":"https:\/\/uenf.br\/cct\/leciv\/wp-json\/wp\/v2\/media?parent=288"}],"curies":[{"name":"wp","href":"https:\/\/api.w.org\/{rel}","templated":true}]}}