{"id":290,"date":"2014-12-15T11:36:28","date_gmt":"2014-12-15T11:36:28","guid":{"rendered":"http:\/\/uenf.br\/cct\/leciv\/?page_id=290"},"modified":"2015-11-13T19:23:16","modified_gmt":"2015-11-13T19:23:16","slug":"jose-luiz-ernandes-dias-filho","status":"publish","type":"page","link":"https:\/\/uenf.br\/cct\/leciv\/graduacao\/projetos-de-iniciacao-cientifica\/jose-luiz-ernandes-dias-filho\/","title":{"rendered":"Jos\u00e9 Luiz Ernandes Dias Filho"},"content":{"rendered":"<p><strong>Estudo da Variabilidade de Propriedades Tecnol\u00f3gicas de Rochas Ornamentais<\/strong><\/p>\n<p><em>Professor:<\/em> Aldo\u00a0Durand Farf\u00e1n<br \/>\n<em>Resumo:<\/em> O estudo dos minerais e rochas vem se ampliando a cada dia devido\u00a0\u00e0 grande aplicabilidade destes materiais. Exemplo: em casas, cemit\u00e9rios, igrejas, escrit\u00f3rios, hospitais, ruas, etc., al\u00e9m, de serem aproveitados como artigos de beleza e decora\u00e7\u00e3o (colar de pedras preciosas, brincos, etc.). Hoje tamb\u00e9m se buscam caracterizar as rochas que servem como dep\u00f3sitos de \u00f3leo e g\u00e1s. A atividade mineradora, no que tange a explora\u00e7\u00e3o de rochas ornamentais, tem se expandido em todo o territ\u00f3rio brasileiro nos \u00faltimos 20 anos, sendo que o 80% da produ\u00e7\u00e3o nacional corresponde aos estados de Esp\u00edrito Santo, Minas Gerais e a Bahia. A produ\u00e7\u00e3o do estado de Rio de Janeiro contempla grande variedade e particularidades geol\u00f3gicas das rochas. Al\u00e9m disso, existe um crescimento e expans\u00e3o da industria das rochas ornamentais nos munic\u00edpios localizados no norte fluminense, os quais encontram-se pr\u00f3ximos ao munic\u00edpio de Cachoeiro de Itapemerim, ES. Neste trabalho se buscam caracterizar as rochas exploradas na regi\u00e3o de Ibitioca, atrav\u00e9s de ensaios de caracteriza\u00e7\u00e3o tecnol\u00f3gica.<\/p>\n","protected":false},"excerpt":{"rendered":"<p>Estudo da Variabilidade de Propriedades Tecnol\u00f3gicas de Rochas Ornamentais Professor: Aldo\u00a0Durand Farf\u00e1n Resumo: O estudo dos minerais e rochas vem&#8230;<\/p>\n","protected":false},"author":8,"featured_media":0,"parent":274,"menu_order":7,"comment_status":"open","ping_status":"open","template":"","meta":{"footnotes":""},"class_list":["post-290","page","type-page","status-publish","hentry"],"_links":{"self":[{"href":"https:\/\/uenf.br\/cct\/leciv\/wp-json\/wp\/v2\/pages\/290","targetHints":{"allow":["GET"]}}],"collection":[{"href":"https:\/\/uenf.br\/cct\/leciv\/wp-json\/wp\/v2\/pages"}],"about":[{"href":"https:\/\/uenf.br\/cct\/leciv\/wp-json\/wp\/v2\/types\/page"}],"author":[{"embeddable":true,"href":"https:\/\/uenf.br\/cct\/leciv\/wp-json\/wp\/v2\/users\/8"}],"replies":[{"embeddable":true,"href":"https:\/\/uenf.br\/cct\/leciv\/wp-json\/wp\/v2\/comments?post=290"}],"version-history":[{"count":0,"href":"https:\/\/uenf.br\/cct\/leciv\/wp-json\/wp\/v2\/pages\/290\/revisions"}],"up":[{"embeddable":true,"href":"https:\/\/uenf.br\/cct\/leciv\/wp-json\/wp\/v2\/pages\/274"}],"wp:attachment":[{"href":"https:\/\/uenf.br\/cct\/leciv\/wp-json\/wp\/v2\/media?parent=290"}],"curies":[{"name":"wp","href":"https:\/\/api.w.org\/{rel}","templated":true}]}}