{"id":292,"date":"2014-12-15T11:37:14","date_gmt":"2014-12-15T11:37:14","guid":{"rendered":"http:\/\/uenf.br\/cct\/leciv\/?page_id=292"},"modified":"2015-11-13T19:27:38","modified_gmt":"2015-11-13T19:27:38","slug":"mariana-francisca-piraciaba-peixoto","status":"publish","type":"page","link":"https:\/\/uenf.br\/cct\/leciv\/graduacao\/projetos-de-iniciacao-cientifica\/mariana-francisca-piraciaba-peixoto\/","title":{"rendered":"Mariana Francisca Piraciaba Peixoto"},"content":{"rendered":"<p><strong>Otimiza\u00e7\u00e3o\u00a0de Vigas Pr\u00e9-fabricadas Usando o Sistema Computacional ANSYS 10.0<br \/>\n<\/strong><br \/>\n<em>Professores:<\/em> Sergio Luis Gonz\u00e1lez Garcia e Gines Artur Santos Falcon<br \/>\n<em>Resumo:<\/em> O objetivo do presente projeto \u00e9 aplicar t\u00e9cnicas de otimiza\u00e7\u00e3o no dimensionamento de vigotas pr\u00e9-moldadas em concreto armado, usadas para a\u00a0execu\u00e7\u00e3o de lajes. Isto desenvolvido com o\u00a0emprego de sistemas computacionais\u00a0como o ANSYS 10.0, que contemplam entre suas potencialidades, a aplica\u00e7\u00e3o de t\u00e9cnicas de otimiza\u00e7\u00e3o mediante a minimiza\u00e7\u00e3o matem\u00e1tica dos custos da se\u00e7\u00e3o transversal de vigas e lajes, sendo computados os custos de concreto, a\u00e7o e formas, com suas respectivas m\u00e3os-de-obra.<\/p>\n","protected":false},"excerpt":{"rendered":"<p>Otimiza\u00e7\u00e3o\u00a0de Vigas Pr\u00e9-fabricadas Usando o Sistema Computacional ANSYS 10.0 Professores: Sergio Luis Gonz\u00e1lez Garcia e Gines Artur Santos Falcon Resumo:&#8230;<\/p>\n","protected":false},"author":8,"featured_media":0,"parent":274,"menu_order":8,"comment_status":"open","ping_status":"open","template":"","meta":{"footnotes":""},"class_list":["post-292","page","type-page","status-publish","hentry"],"_links":{"self":[{"href":"https:\/\/uenf.br\/cct\/leciv\/wp-json\/wp\/v2\/pages\/292","targetHints":{"allow":["GET"]}}],"collection":[{"href":"https:\/\/uenf.br\/cct\/leciv\/wp-json\/wp\/v2\/pages"}],"about":[{"href":"https:\/\/uenf.br\/cct\/leciv\/wp-json\/wp\/v2\/types\/page"}],"author":[{"embeddable":true,"href":"https:\/\/uenf.br\/cct\/leciv\/wp-json\/wp\/v2\/users\/8"}],"replies":[{"embeddable":true,"href":"https:\/\/uenf.br\/cct\/leciv\/wp-json\/wp\/v2\/comments?post=292"}],"version-history":[{"count":0,"href":"https:\/\/uenf.br\/cct\/leciv\/wp-json\/wp\/v2\/pages\/292\/revisions"}],"up":[{"embeddable":true,"href":"https:\/\/uenf.br\/cct\/leciv\/wp-json\/wp\/v2\/pages\/274"}],"wp:attachment":[{"href":"https:\/\/uenf.br\/cct\/leciv\/wp-json\/wp\/v2\/media?parent=292"}],"curies":[{"name":"wp","href":"https:\/\/api.w.org\/{rel}","templated":true}]}}