{"id":2942,"date":"2016-08-30T17:28:48","date_gmt":"2016-08-30T17:28:48","guid":{"rendered":"http:\/\/uenf.br\/cct\/leciv\/?page_id=2942"},"modified":"2016-08-30T17:30:42","modified_gmt":"2016-08-30T17:30:42","slug":"prorrogacao-de-defesa-de-dissertacao-e-tese","status":"publish","type":"page","link":"https:\/\/uenf.br\/cct\/leciv\/pos-graduacao\/modelos-de-solicitacoes\/prorrogacao-de-defesa-de-dissertacao-e-tese\/","title":{"rendered":"Prorroga\u00e7\u00e3o de Defesa de Disserta\u00e7\u00e3o e Tese"},"content":{"rendered":"<p><a href=\"http:\/\/uenf.br\/cct\/leciv\/files\/2015\/01\/Formul\u00e1rio-novo-PRORROGA\u00c7\u00c3O-DE-DEFESA-PROPPG.docx\">Download aqui!<\/a><\/p>\n","protected":false},"excerpt":{"rendered":"<p>Download aqui!<\/p>\n","protected":false},"author":15,"featured_media":0,"parent":754,"menu_order":3,"comment_status":"closed","ping_status":"closed","template":"","meta":{"footnotes":""},"class_list":["post-2942","page","type-page","status-publish","hentry"],"_links":{"self":[{"href":"https:\/\/uenf.br\/cct\/leciv\/wp-json\/wp\/v2\/pages\/2942","targetHints":{"allow":["GET"]}}],"collection":[{"href":"https:\/\/uenf.br\/cct\/leciv\/wp-json\/wp\/v2\/pages"}],"about":[{"href":"https:\/\/uenf.br\/cct\/leciv\/wp-json\/wp\/v2\/types\/page"}],"author":[{"embeddable":true,"href":"https:\/\/uenf.br\/cct\/leciv\/wp-json\/wp\/v2\/users\/15"}],"replies":[{"embeddable":true,"href":"https:\/\/uenf.br\/cct\/leciv\/wp-json\/wp\/v2\/comments?post=2942"}],"version-history":[{"count":0,"href":"https:\/\/uenf.br\/cct\/leciv\/wp-json\/wp\/v2\/pages\/2942\/revisions"}],"up":[{"embeddable":true,"href":"https:\/\/uenf.br\/cct\/leciv\/wp-json\/wp\/v2\/pages\/754"}],"wp:attachment":[{"href":"https:\/\/uenf.br\/cct\/leciv\/wp-json\/wp\/v2\/media?parent=2942"}],"curies":[{"name":"wp","href":"https:\/\/api.w.org\/{rel}","templated":true}]}}