{"id":296,"date":"2014-12-15T11:39:01","date_gmt":"2014-12-15T11:39:01","guid":{"rendered":"http:\/\/uenf.br\/cct\/leciv\/?page_id=296"},"modified":"2015-11-13T19:29:18","modified_gmt":"2015-11-13T19:29:18","slug":"joadelio-chagas-soares","status":"publish","type":"page","link":"https:\/\/uenf.br\/cct\/leciv\/graduacao\/projetos-de-iniciacao-cientifica\/joadelio-chagas-soares\/","title":{"rendered":"Joadelio Chagas Soares"},"content":{"rendered":"<p><strong>Introdu\u00e7\u00e3o do Computador no Ensino de Disciplinas de Analise Estrutural<br \/>\n<\/strong><br \/>\n<em>Professor:<\/em> Gines Arturo Santos Falcon<br \/>\n<em>Resumo:<\/em> Um grande desafio \u00e9 introduzir o computador como ferramenta did\u00e1tica nas disciplinas de An\u00e1lise Estrutural do LECIV\/CCT\/UENF. Embora j\u00e1 h\u00e1 v\u00e1rios anos se empregue o computador nas disciplinas aplicadas da engenharia estrutural, seu uso no ensino dos fundamentos b\u00e1sicos \u00e9 ainda incipiente, principalmente pela falta de programas did\u00e1ticos disponibilizados exclusivamente para este fim.<br \/>\nO presente projeto consiste inicialmente em pesquisar programas educacionais existentes voltados ao ensino dos conceitos fundamentais de an\u00e1lise estrutural, indagar por experi\u00eancias em institui\u00e7\u00f5es de ensino similares e em seguida identificar os programas mais adequados a nossa realidade acad\u00eamica e as necessidades das disciplinas de An\u00e1lise Estrutural do LECIV.<\/p>\n","protected":false},"excerpt":{"rendered":"<p>Introdu\u00e7\u00e3o do Computador no Ensino de Disciplinas de Analise Estrutural Professor: Gines Arturo Santos Falcon Resumo: Um grande desafio \u00e9&#8230;<\/p>\n","protected":false},"author":8,"featured_media":0,"parent":274,"menu_order":10,"comment_status":"open","ping_status":"open","template":"","meta":{"footnotes":""},"class_list":["post-296","page","type-page","status-publish","hentry"],"_links":{"self":[{"href":"https:\/\/uenf.br\/cct\/leciv\/wp-json\/wp\/v2\/pages\/296","targetHints":{"allow":["GET"]}}],"collection":[{"href":"https:\/\/uenf.br\/cct\/leciv\/wp-json\/wp\/v2\/pages"}],"about":[{"href":"https:\/\/uenf.br\/cct\/leciv\/wp-json\/wp\/v2\/types\/page"}],"author":[{"embeddable":true,"href":"https:\/\/uenf.br\/cct\/leciv\/wp-json\/wp\/v2\/users\/8"}],"replies":[{"embeddable":true,"href":"https:\/\/uenf.br\/cct\/leciv\/wp-json\/wp\/v2\/comments?post=296"}],"version-history":[{"count":0,"href":"https:\/\/uenf.br\/cct\/leciv\/wp-json\/wp\/v2\/pages\/296\/revisions"}],"up":[{"embeddable":true,"href":"https:\/\/uenf.br\/cct\/leciv\/wp-json\/wp\/v2\/pages\/274"}],"wp:attachment":[{"href":"https:\/\/uenf.br\/cct\/leciv\/wp-json\/wp\/v2\/media?parent=296"}],"curies":[{"name":"wp","href":"https:\/\/api.w.org\/{rel}","templated":true}]}}