{"id":298,"date":"2014-12-15T11:40:20","date_gmt":"2014-12-15T11:40:20","guid":{"rendered":"http:\/\/uenf.br\/cct\/leciv\/?page_id=298"},"modified":"2015-11-13T19:29:51","modified_gmt":"2015-11-13T19:29:51","slug":"gustavo-costa-da-silva","status":"publish","type":"page","link":"https:\/\/uenf.br\/cct\/leciv\/graduacao\/projetos-de-iniciacao-cientifica\/gustavo-costa-da-silva\/","title":{"rendered":"Gustavo Costa da Silva"},"content":{"rendered":"<p><strong>Ambiente Computacional para projeto \u00f3timo de estruturas m\u00f3dulo de an\u00e1lise estrutural<\/strong><\/p>\n<p>Professor: Gines Arturo Santos Falcon<br \/>\nResumo: Os objetivos deste projeto foram: revisar os conceitos te\u00f3ricos b\u00e1sicos de an\u00e1lise estrutural, estudar c\u00f3digos computacionais para An\u00e1lise Estrutural no ambiente do CALFEM (Computer Aided Learning of Finite Elments Method), toolbox do Matlab, e a elabora\u00e7\u00e3o de material did\u00e1tico para sua divulga\u00e7\u00e3o no meio acad\u00eamico do LECIV.<br \/>\nFoi implementada uma interface para leitura de dados para o programa de an\u00e1lise estrutural CALFEM, o que possibilitou maior rapidez nas an\u00e1lises realizadas e facilidade na implementa\u00e7\u00e3o de novas aplica\u00e7\u00f5es, automatizando a entrada de dados, j\u00e1 que no programa original n\u00e3o possu\u00eda essa versatilidade de leitura do arquivo de dados.<\/p>\n","protected":false},"excerpt":{"rendered":"<p>Ambiente Computacional para projeto \u00f3timo de estruturas m\u00f3dulo de an\u00e1lise estrutural Professor: Gines Arturo Santos Falcon Resumo: Os objetivos deste&#8230;<\/p>\n","protected":false},"author":8,"featured_media":0,"parent":274,"menu_order":11,"comment_status":"open","ping_status":"open","template":"","meta":{"footnotes":""},"class_list":["post-298","page","type-page","status-publish","hentry"],"_links":{"self":[{"href":"https:\/\/uenf.br\/cct\/leciv\/wp-json\/wp\/v2\/pages\/298","targetHints":{"allow":["GET"]}}],"collection":[{"href":"https:\/\/uenf.br\/cct\/leciv\/wp-json\/wp\/v2\/pages"}],"about":[{"href":"https:\/\/uenf.br\/cct\/leciv\/wp-json\/wp\/v2\/types\/page"}],"author":[{"embeddable":true,"href":"https:\/\/uenf.br\/cct\/leciv\/wp-json\/wp\/v2\/users\/8"}],"replies":[{"embeddable":true,"href":"https:\/\/uenf.br\/cct\/leciv\/wp-json\/wp\/v2\/comments?post=298"}],"version-history":[{"count":0,"href":"https:\/\/uenf.br\/cct\/leciv\/wp-json\/wp\/v2\/pages\/298\/revisions"}],"up":[{"embeddable":true,"href":"https:\/\/uenf.br\/cct\/leciv\/wp-json\/wp\/v2\/pages\/274"}],"wp:attachment":[{"href":"https:\/\/uenf.br\/cct\/leciv\/wp-json\/wp\/v2\/media?parent=298"}],"curies":[{"name":"wp","href":"https:\/\/api.w.org\/{rel}","templated":true}]}}