{"id":300,"date":"2014-12-15T11:41:05","date_gmt":"2014-12-15T11:41:05","guid":{"rendered":"http:\/\/uenf.br\/cct\/leciv\/?page_id=300"},"modified":"2015-11-13T19:30:44","modified_gmt":"2015-11-13T19:30:44","slug":"cristiano-pena-miller-2","status":"publish","type":"page","link":"https:\/\/uenf.br\/cct\/leciv\/graduacao\/projetos-de-iniciacao-cientifica\/cristiano-pena-miller-2\/","title":{"rendered":"Cristiano Pena Miller"},"content":{"rendered":"<div id=\"materiaPrincipal\">\n<p align=\"justify\"><strong>Estudo do comportamento estrutural de cabo sob a\u00e7\u00e3o de cargas combinadas<\/strong><\/p>\n<p><em>Professor:<\/em> Gines Arturo Santos Falcon<br \/>\n<em>Resumo:<\/em> Este projeto visa estudar e modelar o comportamento estrutural de cabos suspensos, objetivando-se a determina\u00e7\u00e3o dos seus esfor\u00e7os internos, haja vista a ampla utiliza\u00e7\u00e3o desses elementos estruturais para suportar e transmitir cargas de um elemento a outro, tendo como principal caracter\u00edstica \u00e0 aus\u00eancia ou baixa rigidez flexional.<br \/>\nO crescente desenvolvimento das ferramentas computacionais aplicadas ao aux\u00edlio da an\u00e1lise estrutural tem adquirido uma import\u00e2ncia cada vez maior tanto no meio cient\u00edfico\/acad\u00eamico quanto no mercado dedicado ao projeto estrutural, por isso esse trabalho contempla um dos softwares comerciais mais utilizados para a modelagem e projeto estrutural, o ANSYS.<br \/>\nO estudo do comportamento dos cabos suspensos inclui sua configura\u00e7\u00e3o em curva caten\u00e1ria, considerando por\u00e9m o cabo como um elemento inextens\u00edvel, uma aproxima\u00e7\u00e3o bastante aceit\u00e1vel da realidade para a maioria dos casos da engenharia civil.<br \/>\nA an\u00e1lise estrutural utilizando m\u00e9todos computacionais, em geral baseia-se no emprego do m\u00e9todo dos elementos finitos, sendo este m\u00e9todo fundamentalmente importante na formula\u00e7\u00e3o do modelo a ser estudado.<br \/>\nO principal desafio ao emprego de softwares comerciais na an\u00e1lise de cabos suspensos \u00e9 a falta de um elemento finito com as caracter\u00edsticas espec\u00edficas dos cabos, por tanto, nesse trabalho objetiva-se a identifica\u00e7\u00e3o do elemento finito dispon\u00edvel no software ANSYS que melhor se aproxima do comportamento deste.<br \/>\nInicialmente s\u00e3o realizados estudos em car\u00e1ter introdut\u00f3rio do M\u00e9todo dos Elementos Finitos e sua implementa\u00e7\u00e3o computacional atrav\u00e9s do acompanhamento da solu\u00e7\u00e3o de problemas cl\u00e1ssicos conhecidos da literatura disponibilizados na forma de tutoriais pelo pr\u00f3prio software comercial.<br \/>\nA seguir o projeto considera a implementa\u00e7\u00e3o do problema de cabos utilizando-se alguns elementos finitos dispon\u00edveis no software comercial utilizado, tais como elementos finitos de molas, barras e vigas, etc.<br \/>\nPor fim, visando-se a compara\u00e7\u00e3o e principalmente a valida\u00e7\u00e3o dos resultados obtidos na etapa anterior o projeto considera a implementa\u00e7\u00e3o da solu\u00e7\u00e3o anal\u00edtica dos mesmos problemas implementados anteriormente, determinando qual elemento apresentou resultado mais pr\u00f3ximo ao resultado obtido de forma anal\u00edtica.<\/p>\n<\/div>\n","protected":false},"excerpt":{"rendered":"<p>Estudo do comportamento estrutural de cabo sob a\u00e7\u00e3o de cargas combinadas Professor: Gines Arturo Santos Falcon Resumo: Este projeto visa&#8230;<\/p>\n","protected":false},"author":8,"featured_media":0,"parent":274,"menu_order":12,"comment_status":"open","ping_status":"open","template":"","meta":{"footnotes":""},"class_list":["post-300","page","type-page","status-publish","hentry"],"_links":{"self":[{"href":"https:\/\/uenf.br\/cct\/leciv\/wp-json\/wp\/v2\/pages\/300","targetHints":{"allow":["GET"]}}],"collection":[{"href":"https:\/\/uenf.br\/cct\/leciv\/wp-json\/wp\/v2\/pages"}],"about":[{"href":"https:\/\/uenf.br\/cct\/leciv\/wp-json\/wp\/v2\/types\/page"}],"author":[{"embeddable":true,"href":"https:\/\/uenf.br\/cct\/leciv\/wp-json\/wp\/v2\/users\/8"}],"replies":[{"embeddable":true,"href":"https:\/\/uenf.br\/cct\/leciv\/wp-json\/wp\/v2\/comments?post=300"}],"version-history":[{"count":0,"href":"https:\/\/uenf.br\/cct\/leciv\/wp-json\/wp\/v2\/pages\/300\/revisions"}],"up":[{"embeddable":true,"href":"https:\/\/uenf.br\/cct\/leciv\/wp-json\/wp\/v2\/pages\/274"}],"wp:attachment":[{"href":"https:\/\/uenf.br\/cct\/leciv\/wp-json\/wp\/v2\/media?parent=300"}],"curies":[{"name":"wp","href":"https:\/\/api.w.org\/{rel}","templated":true}]}}