{"id":306,"date":"2014-12-15T11:45:34","date_gmt":"2014-12-15T11:45:34","guid":{"rendered":"http:\/\/uenf.br\/cct\/leciv\/?page_id=306"},"modified":"2015-11-13T19:32:25","modified_gmt":"2015-11-13T19:32:25","slug":"raquel-ofrante-salles","status":"publish","type":"page","link":"https:\/\/uenf.br\/cct\/leciv\/graduacao\/projetos-de-iniciacao-cientifica\/raquel-ofrante-salles\/","title":{"rendered":"Raquel Ofrante Salles"},"content":{"rendered":"<p><strong>Avalia\u00e7\u00e3o da alterabilidade de rochas ornamentais.<br \/>\n<\/strong><br \/>\n<em>Professor:<\/em> Paulo C\u00e9sar Maia<br \/>\n<em>Resumo:<\/em> A utiliza\u00e7\u00e3o de rochas como material de constru\u00e7\u00e3o \u00e9 pr\u00e1tica corrente nas obras de engenharia civil. A observa\u00e7\u00e3o das modifica\u00e7\u00f5es das caracter\u00edsticas das rochas, devido \u00e0 exposi\u00e7\u00e3o aos agentes do meio ambiente, tamb\u00e9m n\u00e3o constitui fato presente nas obras. Isto ocorre, sobretudo, devido as diferentes condi\u00e7\u00f5es de altera\u00e7\u00e3o observadas entre a regi\u00e3o de extra\u00e7\u00e3o e o local de aplica\u00e7\u00e3o do material rochoso. A altera\u00e7\u00e3o de rochas ocorre, naturalmente, em um intervalo geol\u00f3gico de tempo, ou seja, de centenas a milhares de anos. Todavia, a literatura indica que altera\u00e7\u00f5es significativas podem ocorrer tamb\u00e9m em intervalos muito menores, de alguns anos ou mesmo meses, provocando, eventualmente, custos adicionais \u00e0s obras. Neste sentido, a presente pesquisa tem por objetivo determinar a maior ou menor susceptibilidade da rocha \u00e0 altera\u00e7\u00e3o, ou seja, a alterabilidade. Na pesquisa est\u00e3o sendo estudados materiais rochosos provenientes de pedreiras da Regi\u00e3o Norte Fluminense. O material de estudo \u00e9 constitu\u00eddo de corpos de prova extra\u00eddos de duas diferentes jazidas. Uma parte dos copos de prova \u00e9 destinada \u00e0 altera\u00e7\u00e3o de forma acelerada no laborat\u00f3rio ou naturalmente no campo, utilizando-se diferentes tempos, ou intensidades, de altera\u00e7\u00e3o. No laborat\u00f3rio as amostras est\u00e3o sendo submetidas a diferentes procedimentos de altera\u00e7\u00e3o: por lixivia\u00e7\u00e3o cont\u00ednua de \u00e1gua, por ciclos de condensa\u00e7\u00e3o e exposi\u00e7\u00e3o aos raios ultravioleta e por ciclos de satura\u00e7\u00e3o e secagem. Na pesquisa faz-se a determina\u00e7\u00e3o dos par\u00e2metros que definem o comportamento caracter\u00edstico do material: petrografia, densidade, absor\u00e7\u00e3o, resist\u00eancia \u00e0 compress\u00e3o e \u00e0 flex\u00e3o. A compara\u00e7\u00e3o entre os par\u00e2metros dos materiais submetidos a diferentes n\u00edveis e tipos de altera\u00e7\u00e3o possibilita determinar correla\u00e7\u00f5es entre o tempo de altera\u00e7\u00e3o geol\u00f3gica no maci\u00e7o, natural no campo e acelerada no laborat\u00f3rio. Atrav\u00e9s destas correla\u00e7\u00f5es e de extrapola\u00e7\u00f5es dos resultados experimentais pode-se determinar, finalmente, os par\u00e2metros das rochas para um tempo futuro, a longo prazo.<\/p>\n","protected":false},"excerpt":{"rendered":"<p>Avalia\u00e7\u00e3o da alterabilidade de rochas ornamentais. Professor: Paulo C\u00e9sar Maia Resumo: A utiliza\u00e7\u00e3o de rochas como material de constru\u00e7\u00e3o \u00e9&#8230;<\/p>\n","protected":false},"author":8,"featured_media":0,"parent":274,"menu_order":15,"comment_status":"open","ping_status":"open","template":"","meta":{"footnotes":""},"class_list":["post-306","page","type-page","status-publish","hentry"],"_links":{"self":[{"href":"https:\/\/uenf.br\/cct\/leciv\/wp-json\/wp\/v2\/pages\/306","targetHints":{"allow":["GET"]}}],"collection":[{"href":"https:\/\/uenf.br\/cct\/leciv\/wp-json\/wp\/v2\/pages"}],"about":[{"href":"https:\/\/uenf.br\/cct\/leciv\/wp-json\/wp\/v2\/types\/page"}],"author":[{"embeddable":true,"href":"https:\/\/uenf.br\/cct\/leciv\/wp-json\/wp\/v2\/users\/8"}],"replies":[{"embeddable":true,"href":"https:\/\/uenf.br\/cct\/leciv\/wp-json\/wp\/v2\/comments?post=306"}],"version-history":[{"count":0,"href":"https:\/\/uenf.br\/cct\/leciv\/wp-json\/wp\/v2\/pages\/306\/revisions"}],"up":[{"embeddable":true,"href":"https:\/\/uenf.br\/cct\/leciv\/wp-json\/wp\/v2\/pages\/274"}],"wp:attachment":[{"href":"https:\/\/uenf.br\/cct\/leciv\/wp-json\/wp\/v2\/media?parent=306"}],"curies":[{"name":"wp","href":"https:\/\/api.w.org\/{rel}","templated":true}]}}