{"id":308,"date":"2014-12-15T11:46:05","date_gmt":"2014-12-15T11:46:05","guid":{"rendered":"http:\/\/uenf.br\/cct\/leciv\/?page_id=308"},"modified":"2015-11-13T19:32:53","modified_gmt":"2015-11-13T19:32:53","slug":"bruno-magno-gomes-ramos","status":"publish","type":"page","link":"https:\/\/uenf.br\/cct\/leciv\/graduacao\/projetos-de-iniciacao-cientifica\/bruno-magno-gomes-ramos\/","title":{"rendered":"Bruno Magno Gomes Ramos"},"content":{"rendered":"<p><strong>Avalia\u00e7\u00e3o do Desgaste para Previs\u00e3o da Durabilidade de Cer\u00e2micas Vermelhas.<\/strong><\/p>\n<p><em>Professor:<\/em> Paulo C\u00e9sar Maia<br \/>\n<em>Resumo:<\/em> Este trabalho apresenta uma proposta de estudo para a avalia\u00e7\u00e3o da durabilidade de cer\u00e2micas vermelhas utilizando-se o ensaio slake durability, que se aplica, normalmente, na avalia\u00e7\u00e3o da durabilidade de rochas brandas. O objetivo espec\u00edfico do plano de trabalho do aluno visa a determina\u00e7\u00e3o da influ\u00eancia da forma das part\u00edculas no ensaio slake durability Para isto, ser\u00e3o produzidos corpos de provas com diferentes formas e calcinados a diferentes temperaturas. As part\u00edculas ser\u00e3o ensaiadas no equipamento slake durability e os resultados obtidos permitiram determinar fatores de normaliza\u00e7\u00e3o do desgaste das part\u00edculas em fun\u00e7\u00e3o da forma. Isto vai possibilitar a compara\u00e7\u00e3o dos resultados eliminando-se a interfer\u00eancia da forma das part\u00edculas nos resultados dos ensaios de desgaste slake durability.<\/p>\n","protected":false},"excerpt":{"rendered":"<p>Avalia\u00e7\u00e3o do Desgaste para Previs\u00e3o da Durabilidade de Cer\u00e2micas Vermelhas. Professor: Paulo C\u00e9sar Maia Resumo: Este trabalho apresenta uma proposta&#8230;<\/p>\n","protected":false},"author":8,"featured_media":0,"parent":274,"menu_order":16,"comment_status":"open","ping_status":"open","template":"","meta":{"footnotes":""},"class_list":["post-308","page","type-page","status-publish","hentry"],"_links":{"self":[{"href":"https:\/\/uenf.br\/cct\/leciv\/wp-json\/wp\/v2\/pages\/308","targetHints":{"allow":["GET"]}}],"collection":[{"href":"https:\/\/uenf.br\/cct\/leciv\/wp-json\/wp\/v2\/pages"}],"about":[{"href":"https:\/\/uenf.br\/cct\/leciv\/wp-json\/wp\/v2\/types\/page"}],"author":[{"embeddable":true,"href":"https:\/\/uenf.br\/cct\/leciv\/wp-json\/wp\/v2\/users\/8"}],"replies":[{"embeddable":true,"href":"https:\/\/uenf.br\/cct\/leciv\/wp-json\/wp\/v2\/comments?post=308"}],"version-history":[{"count":0,"href":"https:\/\/uenf.br\/cct\/leciv\/wp-json\/wp\/v2\/pages\/308\/revisions"}],"up":[{"embeddable":true,"href":"https:\/\/uenf.br\/cct\/leciv\/wp-json\/wp\/v2\/pages\/274"}],"wp:attachment":[{"href":"https:\/\/uenf.br\/cct\/leciv\/wp-json\/wp\/v2\/media?parent=308"}],"curies":[{"name":"wp","href":"https:\/\/api.w.org\/{rel}","templated":true}]}}