{"id":3118,"date":"2017-01-04T18:26:02","date_gmt":"2017-01-04T18:26:02","guid":{"rendered":"http:\/\/uenf.br\/cct\/leciv\/?page_id=3118"},"modified":"2017-01-04T18:34:36","modified_gmt":"2017-01-04T18:34:36","slug":"pos-graduacao-2","status":"publish","type":"page","link":"https:\/\/uenf.br\/cct\/leciv\/pos-graduacao-2\/","title":{"rendered":"P\u00f3s-Gradua\u00e7\u00e3o"},"content":{"rendered":"<p><a href=\"http:\/\/uenf.br\/posgraduacao\/engenharia-civil\/\">Acesse Aqui<\/a><\/p>\n","protected":false},"excerpt":{"rendered":"<p>Acesse Aqui<\/p>\n","protected":false},"author":8,"featured_media":0,"parent":0,"menu_order":3,"comment_status":"closed","ping_status":"closed","template":"","meta":{"footnotes":""},"class_list":["post-3118","page","type-page","status-publish","hentry"],"_links":{"self":[{"href":"https:\/\/uenf.br\/cct\/leciv\/wp-json\/wp\/v2\/pages\/3118","targetHints":{"allow":["GET"]}}],"collection":[{"href":"https:\/\/uenf.br\/cct\/leciv\/wp-json\/wp\/v2\/pages"}],"about":[{"href":"https:\/\/uenf.br\/cct\/leciv\/wp-json\/wp\/v2\/types\/page"}],"author":[{"embeddable":true,"href":"https:\/\/uenf.br\/cct\/leciv\/wp-json\/wp\/v2\/users\/8"}],"replies":[{"embeddable":true,"href":"https:\/\/uenf.br\/cct\/leciv\/wp-json\/wp\/v2\/comments?post=3118"}],"version-history":[{"count":0,"href":"https:\/\/uenf.br\/cct\/leciv\/wp-json\/wp\/v2\/pages\/3118\/revisions"}],"wp:attachment":[{"href":"https:\/\/uenf.br\/cct\/leciv\/wp-json\/wp\/v2\/media?parent=3118"}],"curies":[{"name":"wp","href":"https:\/\/api.w.org\/{rel}","templated":true}]}}