{"id":312,"date":"2014-12-15T11:46:59","date_gmt":"2014-12-15T11:46:59","guid":{"rendered":"http:\/\/uenf.br\/cct\/leciv\/?page_id=312"},"modified":"2015-11-13T19:34:34","modified_gmt":"2015-11-13T19:34:34","slug":"alex-mota-soares-e-joadelio-chagas-soares","status":"publish","type":"page","link":"https:\/\/uenf.br\/cct\/leciv\/graduacao\/projetos-de-iniciacao-cientifica\/alex-mota-soares-e-joadelio-chagas-soares\/","title":{"rendered":"Alex Mota Soares e Joadelio Chagas Soares"},"content":{"rendered":"<p><strong>Ativa\u00e7\u00e3o Alcalina de Solos Caulin\u00edticos das Regi\u00f5es Norte e Noroeste Fluminense para a Fabrica\u00e7\u00e3o de Argamassas<br \/>\n<\/strong><br \/>\n<em>Professor:<\/em> Dylmar Penteado Dias<br \/>\n<em>Resumo:<\/em> Os principais objetivos deste projeto de pesquisa ser\u00e3o a transforma\u00e7\u00e3o de solos caulin\u00edticos das regi\u00f5es Norte e Noroeste Fluminense em aglomerantes, atrav\u00e9s da ativa\u00e7\u00e3o alcalina, para a fabrica\u00e7\u00e3o de argamassas e a caracteriza\u00e7\u00e3o de propriedades mec\u00e2nicas destes solos \u00e1lcali-ativados visando sua aplica\u00e7\u00e3o na constru\u00e7\u00e3o civil. Suas vantagens e desvantagens em rela\u00e7\u00e3o a propriedades como resist\u00eancia mec\u00e2nica, plasticidade e trabalhabilidade, entre outras, tamb\u00e9m ser\u00e3o objetos de estudo deste projeto.<\/p>\n","protected":false},"excerpt":{"rendered":"<p>Ativa\u00e7\u00e3o Alcalina de Solos Caulin\u00edticos das Regi\u00f5es Norte e Noroeste Fluminense para a Fabrica\u00e7\u00e3o de Argamassas Professor: Dylmar Penteado Dias&#8230;<\/p>\n","protected":false},"author":8,"featured_media":0,"parent":274,"menu_order":18,"comment_status":"open","ping_status":"open","template":"","meta":{"footnotes":""},"class_list":["post-312","page","type-page","status-publish","hentry"],"_links":{"self":[{"href":"https:\/\/uenf.br\/cct\/leciv\/wp-json\/wp\/v2\/pages\/312","targetHints":{"allow":["GET"]}}],"collection":[{"href":"https:\/\/uenf.br\/cct\/leciv\/wp-json\/wp\/v2\/pages"}],"about":[{"href":"https:\/\/uenf.br\/cct\/leciv\/wp-json\/wp\/v2\/types\/page"}],"author":[{"embeddable":true,"href":"https:\/\/uenf.br\/cct\/leciv\/wp-json\/wp\/v2\/users\/8"}],"replies":[{"embeddable":true,"href":"https:\/\/uenf.br\/cct\/leciv\/wp-json\/wp\/v2\/comments?post=312"}],"version-history":[{"count":0,"href":"https:\/\/uenf.br\/cct\/leciv\/wp-json\/wp\/v2\/pages\/312\/revisions"}],"up":[{"embeddable":true,"href":"https:\/\/uenf.br\/cct\/leciv\/wp-json\/wp\/v2\/pages\/274"}],"wp:attachment":[{"href":"https:\/\/uenf.br\/cct\/leciv\/wp-json\/wp\/v2\/media?parent=312"}],"curies":[{"name":"wp","href":"https:\/\/api.w.org\/{rel}","templated":true}]}}