{"id":314,"date":"2014-12-15T11:47:24","date_gmt":"2014-12-15T11:47:24","guid":{"rendered":"http:\/\/uenf.br\/cct\/leciv\/?page_id=314"},"modified":"2015-11-13T19:36:50","modified_gmt":"2015-11-13T19:36:50","slug":"paula-fernandes-da-silva","status":"publish","type":"page","link":"https:\/\/uenf.br\/cct\/leciv\/graduacao\/projetos-de-iniciacao-cientifica\/paula-fernandes-da-silva\/","title":{"rendered":"Paula Fernandes da Silva"},"content":{"rendered":"<div id=\"materiaPrincipal\">\n<p align=\"justify\"><strong>Efeito da Temperatura em Cimentos Geopolim\u00e9ricos<br \/>\n<\/strong><br \/>\n<em>Professor:<\/em> Dylmar Penteado Dias<br \/>\n<em>Resumo:<\/em> O principal objetivo deste projeto de pesquisa \u00e9 o desenvolvimento e a forma\u00e7\u00e3o uma rede de conhecimento sobre cimentos geopolim\u00e9ricos submetidos a elevadas temperaturas. Para tanto ser\u00e1 realizado um programa experimental para a caracteriza\u00e7\u00e3o de certas propriedades mec\u00e2nicas (resist\u00eancias \u00e0 compress\u00e3o axial, \u00e0 tra\u00e7\u00e3o por compress\u00e3o diametral e tra\u00e7\u00e3o na flex\u00e3o \u2013 ensaio a tr\u00eas pontos) de argamassas.<\/p>\n<\/div>\n","protected":false},"excerpt":{"rendered":"<p>Efeito da Temperatura em Cimentos Geopolim\u00e9ricos Professor: Dylmar Penteado Dias Resumo: O principal objetivo deste projeto de pesquisa \u00e9 o&#8230;<\/p>\n","protected":false},"author":8,"featured_media":0,"parent":274,"menu_order":19,"comment_status":"open","ping_status":"open","template":"","meta":{"footnotes":""},"class_list":["post-314","page","type-page","status-publish","hentry"],"_links":{"self":[{"href":"https:\/\/uenf.br\/cct\/leciv\/wp-json\/wp\/v2\/pages\/314","targetHints":{"allow":["GET"]}}],"collection":[{"href":"https:\/\/uenf.br\/cct\/leciv\/wp-json\/wp\/v2\/pages"}],"about":[{"href":"https:\/\/uenf.br\/cct\/leciv\/wp-json\/wp\/v2\/types\/page"}],"author":[{"embeddable":true,"href":"https:\/\/uenf.br\/cct\/leciv\/wp-json\/wp\/v2\/users\/8"}],"replies":[{"embeddable":true,"href":"https:\/\/uenf.br\/cct\/leciv\/wp-json\/wp\/v2\/comments?post=314"}],"version-history":[{"count":0,"href":"https:\/\/uenf.br\/cct\/leciv\/wp-json\/wp\/v2\/pages\/314\/revisions"}],"up":[{"embeddable":true,"href":"https:\/\/uenf.br\/cct\/leciv\/wp-json\/wp\/v2\/pages\/274"}],"wp:attachment":[{"href":"https:\/\/uenf.br\/cct\/leciv\/wp-json\/wp\/v2\/media?parent=314"}],"curies":[{"name":"wp","href":"https:\/\/api.w.org\/{rel}","templated":true}]}}