{"id":316,"date":"2014-12-15T11:47:51","date_gmt":"2014-12-15T11:47:51","guid":{"rendered":"http:\/\/uenf.br\/cct\/leciv\/?page_id=316"},"modified":"2015-11-13T19:37:25","modified_gmt":"2015-11-13T19:37:25","slug":"paula-fernandes-da-silva-e-rodrigo-goncalves-farias","status":"publish","type":"page","link":"https:\/\/uenf.br\/cct\/leciv\/graduacao\/projetos-de-iniciacao-cientifica\/paula-fernandes-da-silva-e-rodrigo-goncalves-farias\/","title":{"rendered":"Paula Fernandes da Silva e Rodrigo Gon\u00e7alves Farias"},"content":{"rendered":"<p><strong>Cimentos Ecol\u00f3gicos Obtidos a partir da Ativa\u00e7\u00e3o Alcalina de Res\u00edduos Industriais<\/strong><\/p>\n<p><em>Professor:<\/em> Dylmar Penteado Dias<br \/>\n<em>Resumo:<\/em> O principal objetivo deste projeto de pesquisa \u00e9 o desenvolvimento e a forma\u00e7\u00e3o uma rede de conhecimento sobre a obten\u00e7\u00e3o de cimentos ecol\u00f3gicos a partir da ativa\u00e7\u00e3o alcalina de res\u00edduos industriais como esc\u00f3ria de alto-forno e cinzas da casca de arroz e do baga\u00e7o de cana. Para tanto, ser\u00e1 realizado um programa experimental para a caracteriza\u00e7\u00e3o da resist\u00eancia \u00e0 tra\u00e7\u00e3o na flex\u00e3o de argamassas fabricadas com estes cimentos ecol\u00f3gicos, bem como sua caracteriza\u00e7\u00e3o microestrutural por t\u00e9cnicas de microscopia eletr\u00f4nica de varredura (\u201cSEM\u201d), calorimetria diferencial por varredura (\u201cDSC\u201d), espectroscopia por fluoresc\u00eancia de raios X (\u201cEDX\u201d) e difra\u00e7\u00e3o de raios X (\u201cXRD\u201d).<\/p>\n","protected":false},"excerpt":{"rendered":"<p>Cimentos Ecol\u00f3gicos Obtidos a partir da Ativa\u00e7\u00e3o Alcalina de Res\u00edduos Industriais Professor: Dylmar Penteado Dias Resumo: O principal objetivo deste&#8230;<\/p>\n","protected":false},"author":8,"featured_media":0,"parent":274,"menu_order":20,"comment_status":"open","ping_status":"open","template":"","meta":{"footnotes":""},"class_list":["post-316","page","type-page","status-publish","hentry"],"_links":{"self":[{"href":"https:\/\/uenf.br\/cct\/leciv\/wp-json\/wp\/v2\/pages\/316","targetHints":{"allow":["GET"]}}],"collection":[{"href":"https:\/\/uenf.br\/cct\/leciv\/wp-json\/wp\/v2\/pages"}],"about":[{"href":"https:\/\/uenf.br\/cct\/leciv\/wp-json\/wp\/v2\/types\/page"}],"author":[{"embeddable":true,"href":"https:\/\/uenf.br\/cct\/leciv\/wp-json\/wp\/v2\/users\/8"}],"replies":[{"embeddable":true,"href":"https:\/\/uenf.br\/cct\/leciv\/wp-json\/wp\/v2\/comments?post=316"}],"version-history":[{"count":0,"href":"https:\/\/uenf.br\/cct\/leciv\/wp-json\/wp\/v2\/pages\/316\/revisions"}],"up":[{"embeddable":true,"href":"https:\/\/uenf.br\/cct\/leciv\/wp-json\/wp\/v2\/pages\/274"}],"wp:attachment":[{"href":"https:\/\/uenf.br\/cct\/leciv\/wp-json\/wp\/v2\/media?parent=316"}],"curies":[{"name":"wp","href":"https:\/\/api.w.org\/{rel}","templated":true}]}}